{"id":12561,"date":"2022-10-05T08:54:50","date_gmt":"2022-10-05T06:54:50","guid":{"rendered":"https:\/\/www.jobxion.com\/certyfikaty\/"},"modified":"2024-01-26T11:20:09","modified_gmt":"2024-01-26T10:20:09","slug":"certyfikaty","status":"publish","type":"page","link":"https:\/\/www.jobxion.com\/pl\/certyfikaty\/","title":{"rendered":"Certyfikaty"},"content":{"rendered":"\t\t<div data-elementor-type=\"wp-page\" data-elementor-id=\"12561\" class=\"elementor elementor-12561 elementor-639\" data-elementor-post-type=\"page\">\n\t\t\t\t<div class=\"elementor-element elementor-element-05d1318 e-con-full e-flex e-con e-parent\" data-id=\"05d1318\" data-element_type=\"container\" data-e-type=\"container\" data-settings=\"{&quot;background_background&quot;:&quot;classic&quot;}\">\n\t\t<div class=\"elementor-element elementor-element-40a928a e-con-full e-flex e-con e-child\" data-id=\"40a928a\" data-element_type=\"container\" data-e-type=\"container\">\n\t\t\t\t<\/div>\n\t\t\t\t<\/div>\n\t\t<div class=\"elementor-element elementor-element-5cbd7d3 e-flex e-con-boxed e-con e-parent\" data-id=\"5cbd7d3\" data-element_type=\"container\" data-e-type=\"container\" data-settings=\"{&quot;background_background&quot;:&quot;classic&quot;}\">\n\t\t\t\t\t<div class=\"e-con-inner\">\n\t\t<div class=\"elementor-element elementor-element-8faf60d e-con-full e-flex e-con e-child\" data-id=\"8faf60d\" data-element_type=\"container\" data-e-type=\"container\" data-settings=\"{&quot;background_background&quot;:&quot;classic&quot;}\">\n\t\t\t\t<div class=\"elementor-element elementor-element-a5c712e elementor-widget elementor-widget-heading\" data-id=\"a5c712e\" data-element_type=\"widget\" data-e-type=\"widget\" data-widget_type=\"heading.default\">\n\t\t\t\t<div class=\"elementor-widget-container\">\n\t\t\t\t\t<h1 class=\"elementor-heading-title elementor-size-default\">Zobacz certyfikaty Jobxion.<\/h1>\t\t\t\t<\/div>\n\t\t\t\t<\/div>\n\t\t\t\t<div class=\"elementor-element elementor-element-44954ed elementor-widget elementor-widget-text-editor\" data-id=\"44954ed\" data-element_type=\"widget\" data-e-type=\"widget\" data-widget_type=\"text-editor.default\">\n\t\t\t\t<div class=\"elementor-widget-container\">\n\t\t\t\t\t\t\t\t\t<p>Skupiamy si\u0119 na kliencie i kandydacie. Aby zapewni\u0107 jako\u015b\u0107 naszej pracy i interesy naszych pracownik\u00f3w tymczasowych posiadamy kilka certyfikat\u00f3w. <\/p>\n\t\t\t\t\t\t\t\t<\/div>\n\t\t\t\t<\/div>\n\t\t<div class=\"elementor-element elementor-element-ec00a81 e-con-full e-flex e-con e-child\" data-id=\"ec00a81\" data-element_type=\"container\" data-e-type=\"container\">\n\t\t<div class=\"elementor-element elementor-element-10dea77 e-con-full e-flex e-con e-child\" data-id=\"10dea77\" data-element_type=\"container\" data-e-type=\"container\">\n\t\t\t\t<div class=\"elementor-element elementor-element-86a334f elementor-widget elementor-widget-image\" data-id=\"86a334f\" data-element_type=\"widget\" data-e-type=\"widget\" data-widget_type=\"image.default\">\n\t\t\t\t<div class=\"elementor-widget-container\">\n\t\t\t\t\t\t\t\t\t\t\t\t\t\t\t<img decoding=\"async\" width=\"300\" height=\"110\" src=\"https:\/\/www.jobxion.com\/wp-content\/uploads\/2022\/10\/snf.jpg\" class=\"attachment-large size-large wp-image-11663\" alt=\"\" \/>\t\t\t\t\t\t\t\t\t\t\t\t\t\t\t<\/div>\n\t\t\t\t<\/div>\n\t\t\t\t<div class=\"elementor-element elementor-element-e84908f elementor-widget elementor-widget-text-editor\" data-id=\"e84908f\" data-element_type=\"widget\" data-e-type=\"widget\" data-widget_type=\"text-editor.default\">\n\t\t\t\t<div class=\"elementor-widget-container\">\n\t\t\t\t\t\t\t\t\t<p>Certyfikat zatwierdzenia SNF zapewnia jako\u015b\u0107 zakwaterowania pracownik\u00f3w. Spe\u0142niamy surowe wymagania tej instytucji, poniewa\u017c uwa\u017camy, \u017ce wa\u017cne jest, aby pracownicy migruj\u0105cy mieli odpowiednie zakwaterowanie w pobli\u017cu miejsca pracy.<\/p>\n\t\t\t\t\t\t\t\t<\/div>\n\t\t\t\t<\/div>\n\t\t\t\t<\/div>\n\t\t<div class=\"elementor-element elementor-element-7b342e2 e-con-full e-flex e-con e-child\" data-id=\"7b342e2\" data-element_type=\"container\" data-e-type=\"container\">\n\t\t\t\t<div class=\"elementor-element elementor-element-ba46c25 elementor-widget elementor-widget-image\" data-id=\"ba46c25\" data-element_type=\"widget\" data-e-type=\"widget\" data-widget_type=\"image.default\">\n\t\t\t\t<div class=\"elementor-widget-container\">\n\t\t\t\t\t\t\t\t\t\t\t\t\t\t\t<img decoding=\"async\" width=\"300\" height=\"110\" src=\"https:\/\/www.jobxion.com\/wp-content\/uploads\/2022\/10\/nbbu.jpg\" class=\"attachment-large size-large wp-image-11665\" alt=\"\" \/>\t\t\t\t\t\t\t\t\t\t\t\t\t\t\t<\/div>\n\t\t\t\t<\/div>\n\t\t\t\t<div class=\"elementor-element elementor-element-7431276 elementor-widget elementor-widget-text-editor\" data-id=\"7431276\" data-element_type=\"widget\" data-e-type=\"widget\" data-widget_type=\"text-editor.default\">\n\t\t\t\t<div class=\"elementor-widget-container\">\n\t\t\t\t\t\t\t\t\t<p>NBBU zapewnia, \u017ce jego cz\u0142onkowie s\u0105 wiarygodnymi, dzia\u0142aj\u0105cymi firmami, kt\u00f3re przestrzegaj\u0105 prawa i przepis\u00f3w, niezale\u017cnie od ich z\u0142o\u017cono\u015bci. Nadzoruj\u0105 oni wdra\u017canie uk\u0142adu zbiorowego pracy w celu ochrony interes\u00f3w pracownik\u00f3w tymczasowych.<\/p>\n\t\t\t\t\t\t\t\t<\/div>\n\t\t\t\t<\/div>\n\t\t\t\t<\/div>\n\t\t<div class=\"elementor-element elementor-element-20c9e7d e-con-full e-flex e-con e-child\" data-id=\"20c9e7d\" data-element_type=\"container\" data-e-type=\"container\">\n\t\t\t\t<div class=\"elementor-element elementor-element-1c8ce89 elementor-widget elementor-widget-image\" data-id=\"1c8ce89\" data-element_type=\"widget\" data-e-type=\"widget\" data-widget_type=\"image.default\">\n\t\t\t\t<div class=\"elementor-widget-container\">\n\t\t\t\t\t\t\t\t\t\t\t\t\t\t\t<img decoding=\"async\" width=\"300\" height=\"110\" src=\"https:\/\/www.jobxion.com\/wp-content\/uploads\/2022\/10\/logo-perspectiefverklaring.jpg\" class=\"attachment-large size-large wp-image-11667\" alt=\"\" \/>\t\t\t\t\t\t\t\t\t\t\t\t\t\t\t<\/div>\n\t\t\t\t<\/div>\n\t\t\t\t<div class=\"elementor-element elementor-element-ceb6b1e elementor-widget elementor-widget-text-editor\" data-id=\"ceb6b1e\" data-element_type=\"widget\" data-e-type=\"widget\" data-widget_type=\"text-editor.default\">\n\t\t\t\t<div class=\"elementor-widget-container\">\n\t\t\t\t\t\t\t\t\t<p>O\u015bwiadczenie o perspektywach u\u0142atwi pracownikom tymczasowym ubieganie si\u0119 o kredyt hipoteczny na zakup w\u0142asnego domu. Fundacja Deklaracji Perspektyw gwarantuje jako\u015b\u0107 i ci\u0105g\u0142o\u015b\u0107 deklaracji perspektyw.<\/p>\n\t\t\t\t\t\t\t\t<\/div>\n\t\t\t\t<\/div>\n\t\t\t\t<\/div>\n\t\t\t\t<\/div>\n\t\t<div class=\"elementor-element elementor-element-f9a7d25 e-con-full e-flex e-con e-child\" data-id=\"f9a7d25\" data-element_type=\"container\" data-e-type=\"container\">\n\t\t<div class=\"elementor-element elementor-element-d1e481c e-con-full e-flex e-con e-child\" data-id=\"d1e481c\" data-element_type=\"container\" data-e-type=\"container\">\n\t\t\t\t<div class=\"elementor-element elementor-element-f0f36fb elementor-widget elementor-widget-image\" data-id=\"f0f36fb\" data-element_type=\"widget\" data-e-type=\"widget\" data-widget_type=\"image.default\">\n\t\t\t\t<div class=\"elementor-widget-container\">\n\t\t\t\t\t\t\t\t\t\t\t\t\t\t\t<img loading=\"lazy\" decoding=\"async\" width=\"300\" height=\"110\" src=\"https:\/\/www.jobxion.com\/wp-content\/uploads\/2022\/10\/vcu-logo-transparant.jpg\" class=\"attachment-large size-large wp-image-11669\" alt=\"\" \/>\t\t\t\t\t\t\t\t\t\t\t\t\t\t\t<\/div>\n\t\t\t\t<\/div>\n\t\t\t\t<div class=\"elementor-element elementor-element-2d62701 elementor-widget elementor-widget-text-editor\" data-id=\"2d62701\" data-element_type=\"widget\" data-e-type=\"widget\" data-widget_type=\"text-editor.default\">\n\t\t\t\t<div class=\"elementor-widget-container\">\n\t\t\t\t\t\t\t\t\t<p>Bezpiecze\u0144stwo jest bardzo wa\u017cne w budownictwie i in\u017cynierii instalacyjnej. Certyfikat VCU pokazuje, \u017ce cenimy bezpieczn\u0105 prac\u0119. Ka\u017cdy, kto dla nas pracuje, posiada certyfikat VCA. W ten spos\u00f3b zapewniamy bezpiecze\u0144stwo podczas wykonywania pracy.<\/p>\n\t\t\t\t\t\t\t\t<\/div>\n\t\t\t\t<\/div>\n\t\t\t\t<\/div>\n\t\t<div class=\"elementor-element elementor-element-52a2031 e-con-full e-flex e-con e-child\" data-id=\"52a2031\" data-element_type=\"container\" data-e-type=\"container\">\n\t\t\t\t<div class=\"elementor-element elementor-element-2490ccb elementor-widget elementor-widget-image\" data-id=\"2490ccb\" data-element_type=\"widget\" data-e-type=\"widget\" data-widget_type=\"image.default\">\n\t\t\t\t<div class=\"elementor-widget-container\">\n\t\t\t\t\t\t\t\t\t\t\t\t\t\t\t<img loading=\"lazy\" decoding=\"async\" width=\"300\" height=\"110\" src=\"https:\/\/www.jobxion.com\/wp-content\/uploads\/2022\/10\/nen.jpg\" class=\"attachment-large size-large wp-image-11671\" alt=\"\" \/>\t\t\t\t\t\t\t\t\t\t\t\t\t\t\t<\/div>\n\t\t\t\t<\/div>\n\t\t\t\t<div class=\"elementor-element elementor-element-ea72b13 elementor-widget elementor-widget-text-editor\" data-id=\"ea72b13\" data-element_type=\"widget\" data-e-type=\"widget\" data-widget_type=\"text-editor.default\">\n\t\t\t\t<div class=\"elementor-widget-container\">\n\t\t\t\t\t\t\t\t\t<p>Norma NEN 4400 opisuje wymagania, kt\u00f3re musimy spe\u0142ni\u0107, aby wywi\u0105za\u0107 si\u0119 z naszych zobowi\u0105za\u0144 wobec pracownik\u00f3w. Rozwa\u017c z\u0142o\u017cenie odpowiednich deklaracji, odprowadzenie podatk\u00f3w od wynagrodze\u0144, podatk\u00f3w od sprzeda\u017cy i sk\u0142adek na ubezpieczenie spo\u0142eczne.<\/p>\n\t\t\t\t\t\t\t\t<\/div>\n\t\t\t\t<\/div>\n\t\t\t\t<\/div>\n\t\t<div class=\"elementor-element elementor-element-ebe7384 e-con-full e-flex e-con e-child\" data-id=\"ebe7384\" data-element_type=\"container\" data-e-type=\"container\">\n\t\t\t\t<div class=\"elementor-element elementor-element-9547692 elementor-widget elementor-widget-image\" data-id=\"9547692\" data-element_type=\"widget\" data-e-type=\"widget\" data-widget_type=\"image.default\">\n\t\t\t\t<div class=\"elementor-widget-container\">\n\t\t\t\t\t\t\t\t\t\t\t\t\t\t\t<img loading=\"lazy\" decoding=\"async\" width=\"300\" height=\"110\" src=\"https:\/\/www.jobxion.com\/wp-content\/uploads\/2022\/10\/sna-logo.jpg\" class=\"attachment-large size-large wp-image-11673\" alt=\"\" \/>\t\t\t\t\t\t\t\t\t\t\t\t\t\t\t<\/div>\n\t\t\t\t<\/div>\n\t\t\t\t<div class=\"elementor-element elementor-element-2c2004a elementor-widget elementor-widget-text-editor\" data-id=\"2c2004a\" data-element_type=\"widget\" data-e-type=\"widget\" data-widget_type=\"text-editor.default\">\n\t\t\t\t<div class=\"elementor-widget-container\">\n\t\t\t\t\t\t\t\t\t<p>Certyfikacja SNA jest przeznaczona dla bran\u017cy pracownik\u00f3w tymczasowych i kontrahent\u00f3w i ma na celu zmniejszenie ryzyka zwi\u0105zanego z ich zatrudnianiem. Firmy posiadaj\u0105ce certyfikat SNA s\u0105 okresowo kontrolowane.<\/p>\n\t\t\t\t\t\t\t\t<\/div>\n\t\t\t\t<\/div>\n\t\t\t\t<\/div>\n\t\t\t\t<\/div>\n\t\t\t\t<div class=\"elementor-element elementor-element-e3f1f6b elementor-widget elementor-widget-heading\" data-id=\"e3f1f6b\" data-element_type=\"widget\" data-e-type=\"widget\" data-widget_type=\"heading.default\">\n\t\t\t\t<div class=\"elementor-widget-container\">\n\t\t\t\t\t<h3 class=\"elementor-heading-title elementor-size-default\">Kontakt z Jobxion.<\/h3>\t\t\t\t<\/div>\n\t\t\t\t<\/div>\n\t\t\t\t<div class=\"elementor-element elementor-element-de9eb62 elementor-widget elementor-widget-text-editor\" data-id=\"de9eb62\" data-element_type=\"widget\" data-e-type=\"widget\" data-widget_type=\"text-editor.default\">\n\t\t\t\t<div class=\"elementor-widget-container\">\n\t\t\t\t\t\t\t\t\t<p>Masz pytanie dotycz\u0105ce naszych certyfikat\u00f3w, us\u0142ug lub jeste\u015b ciekawy, co mo\u017cemy dla Ciebie zrobi\u0107? <a title=\"Kontakt z Jobxion.\" href=\"\/pl\/kontakt\/\">Skontaktuj<\/a> si\u0119 z nami, ch\u0119tnie pomo\u017cemy!\u00a0<\/p>\t\t\t\t\t\t\t\t<\/div>\n\t\t\t\t<\/div>\n\t\t\t\t<div class=\"elementor-element elementor-element-9238295 elementor-widget elementor-widget-text-editor\" data-id=\"9238295\" data-element_type=\"widget\" data-e-type=\"widget\" data-widget_type=\"text-editor.default\">\n\t\t\t\t<div class=\"elementor-widget-container\">\n\t\t\t\t\t\t\t\t\t<p><strong>Szukam<br \/><\/strong><strong><a title=\"O Jobxion\" href=\"\/pl\/o-jobxion\/\">O Jobxion<\/a> | <a title=\"Cz\u0119sto zadawane pytania\" href=\"\/pl\/najczesciej-zadawane-pytania-faq\/\">Cz\u0119sto zadawane pytania<\/a><\/strong><\/p>\t\t\t\t\t\t\t\t<\/div>\n\t\t\t\t<\/div>\n\t\t\t\t<\/div>\n\t\t\t\t\t<\/div>\n\t\t\t\t<\/div>\n\t\t\t\t<\/div>\n\t\t","protected":false},"excerpt":{"rendered":"<p>Zobacz certyfikaty Jobxion. Skupiamy si\u0119 na kliencie i kandydacie. Aby zapewni\u0107 jako\u015b\u0107 naszej pracy i interesy naszych pracownik\u00f3w tymczasowych posiadamy kilka certyfikat\u00f3w. Certyfikat zatwierdzenia SNF zapewnia jako\u015b\u0107 zakwaterowania pracownik\u00f3w. Spe\u0142niamy surowe wymagania tej instytucji, poniewa\u017c uwa\u017camy, \u017ce wa\u017cne jest, aby pracownicy migruj\u0105cy mieli odpowiednie zakwaterowanie w pobli\u017cu miejsca pracy. NBBU zapewnia, \u017ce jego cz\u0142onkowie s\u0105 [&hellip;]<\/p>\n","protected":false},"author":2,"featured_media":0,"parent":0,"menu_order":0,"comment_status":"closed","ping_status":"closed","template":"","meta":{"_acf_changed":false,"site-sidebar-layout":"no-sidebar","site-content-layout":"page-builder","ast-site-content-layout":"default","site-content-style":"default","site-sidebar-style":"default","ast-global-header-display":"","ast-banner-title-visibility":"","ast-main-header-display":"","ast-hfb-above-header-display":"","ast-hfb-below-header-display":"","ast-hfb-mobile-header-display":"","site-post-title":"disabled","ast-breadcrumbs-content":"","ast-featured-img":"disabled","footer-sml-layout":"","ast-disable-related-posts":"","theme-transparent-header-meta":"","adv-header-id-meta":"","stick-header-meta":"","header-above-stick-meta":"","header-main-stick-meta":"","header-below-stick-meta":"","astra-migrate-meta-layouts":"default","ast-page-background-enabled":"default","ast-page-background-meta":{"desktop":{"background-color":"var(--ast-global-color-4)","background-image":"","background-repeat":"repeat","background-position":"center center","background-size":"auto","background-attachment":"scroll","background-type":"","background-media":"","overlay-type":"","overlay-color":"","overlay-opacity":"","overlay-gradient":""},"tablet":{"background-color":"","background-image":"","background-repeat":"repeat","background-position":"center center","background-size":"auto","background-attachment":"scroll","background-type":"","background-media":"","overlay-type":"","overlay-color":"","overlay-opacity":"","overlay-gradient":""},"mobile":{"background-color":"","background-image":"","background-repeat":"repeat","background-position":"center center","background-size":"auto","background-attachment":"scroll","background-type":"","background-media":"","overlay-type":"","overlay-color":"","overlay-opacity":"","overlay-gradient":""}},"ast-content-background-meta":{"desktop":{"background-color":"var(--ast-global-color-5)","background-image":"","background-repeat":"repeat","background-position":"center center","background-size":"auto","background-attachment":"scroll","background-type":"","background-media":"","overlay-type":"","overlay-color":"","overlay-opacity":"","overlay-gradient":""},"tablet":{"background-color":"var(--ast-global-color-5)","background-image":"","background-repeat":"repeat","background-position":"center center","background-size":"auto","background-attachment":"scroll","background-type":"","background-media":"","overlay-type":"","overlay-color":"","overlay-opacity":"","overlay-gradient":""},"mobile":{"background-color":"var(--ast-global-color-5)","background-image":"","background-repeat":"repeat","background-position":"center center","background-size":"auto","background-attachment":"scroll","background-type":"","background-media":"","overlay-type":"","overlay-color":"","overlay-opacity":"","overlay-gradient":""}},"footnotes":""},"class_list":["post-12561","page","type-page","status-publish","hentry"],"acf":[],"yoast_head":"<!-- This site is optimized with the Yoast SEO Premium plugin v27.0 (Yoast SEO v27.0) - https:\/\/yoast.com\/product\/yoast-seo-premium-wordpress\/ -->\n<title>Certyfikaty Jobxion dla klient\u00f3w i kandydat\u00f3w.<\/title>\n<meta name=\"description\" content=\"Mamy kilka certyfikat\u00f3w, sprawd\u017a je tutaj. W ten spos\u00f3b gwarantujemy jako\u015b\u0107. W razie pyta\u0144 prosimy o kontakt.\" \/>\n<meta name=\"robots\" content=\"index, follow, max-snippet:-1, max-image-preview:large, max-video-preview:-1\" \/>\n<link rel=\"canonical\" href=\"https:\/\/www.jobxion.com\/pl\/certyfikaty\/\" \/>\n<meta property=\"og:locale\" content=\"pl_PL\" \/>\n<meta property=\"og:type\" content=\"article\" \/>\n<meta property=\"og:title\" content=\"Certyfikaty Jobxion dla klient\u00f3w i kandydat\u00f3w.\" \/>\n<meta property=\"og:description\" content=\"Mamy kilka certyfikat\u00f3w, sprawd\u017a je tutaj. W ten spos\u00f3b gwarantujemy jako\u015b\u0107. W razie pyta\u0144 prosimy o kontakt.\" \/>\n<meta property=\"og:url\" content=\"https:\/\/www.jobxion.com\/pl\/certyfikaty\/\" \/>\n<meta property=\"og:site_name\" content=\"Jobxion\" \/>\n<meta property=\"article:publisher\" content=\"https:\/\/www.facebook.com\/JobXion\" \/>\n<meta property=\"article:modified_time\" content=\"2024-01-26T10:20:09+00:00\" \/>\n<meta property=\"og:image\" content=\"https:\/\/www.jobxion.com\/wp-content\/uploads\/2022\/10\/snf.jpg\" \/>\n<script type=\"application\/ld+json\" class=\"yoast-schema-graph\">{\"@context\":\"https:\/\/schema.org\",\"@graph\":[{\"@type\":\"WebPage\",\"@id\":\"https:\/\/www.jobxion.com\/pl\/certyfikaty\/\",\"url\":\"https:\/\/www.jobxion.com\/pl\/certyfikaty\/\",\"name\":\"Certyfikaty Jobxion dla klient\u00f3w i kandydat\u00f3w.\",\"isPartOf\":{\"@id\":\"https:\/\/www.jobxion.com\/pl\/#website\"},\"primaryImageOfPage\":{\"@id\":\"https:\/\/www.jobxion.com\/pl\/certyfikaty\/#primaryimage\"},\"image\":{\"@id\":\"https:\/\/www.jobxion.com\/pl\/certyfikaty\/#primaryimage\"},\"thumbnailUrl\":\"https:\/\/www.jobxion.com\/wp-content\/uploads\/2022\/10\/snf.jpg\",\"datePublished\":\"2022-10-05T06:54:50+00:00\",\"dateModified\":\"2024-01-26T10:20:09+00:00\",\"description\":\"Mamy kilka certyfikat\u00f3w, sprawd\u017a je tutaj. W ten spos\u00f3b gwarantujemy jako\u015b\u0107. W razie pyta\u0144 prosimy o kontakt.\",\"inLanguage\":\"pl-PL\",\"potentialAction\":[{\"@type\":\"ReadAction\",\"target\":[\"https:\/\/www.jobxion.com\/pl\/certyfikaty\/\"]}]},{\"@type\":\"ImageObject\",\"inLanguage\":\"pl-PL\",\"@id\":\"https:\/\/www.jobxion.com\/pl\/certyfikaty\/#primaryimage\",\"url\":\"https:\/\/www.jobxion.com\/wp-content\/uploads\/2022\/10\/snf.jpg\",\"contentUrl\":\"https:\/\/www.jobxion.com\/wp-content\/uploads\/2022\/10\/snf.jpg\"},{\"@type\":\"WebSite\",\"@id\":\"https:\/\/www.jobxion.com\/pl\/#website\",\"url\":\"https:\/\/www.jobxion.com\/pl\/\",\"name\":\"Jobxion\",\"description\":\"Jobxion\",\"publisher\":{\"@id\":\"https:\/\/www.jobxion.com\/pl\/#organization\"},\"potentialAction\":[{\"@type\":\"SearchAction\",\"target\":{\"@type\":\"EntryPoint\",\"urlTemplate\":\"https:\/\/www.jobxion.com\/pl\/?s={search_term_string}\"},\"query-input\":{\"@type\":\"PropertyValueSpecification\",\"valueRequired\":true,\"valueName\":\"search_term_string\"}}],\"inLanguage\":\"pl-PL\"},{\"@type\":\"Organization\",\"@id\":\"https:\/\/www.jobxion.com\/pl\/#organization\",\"name\":\"Jobxion\",\"url\":\"https:\/\/www.jobxion.com\/pl\/\",\"logo\":{\"@type\":\"ImageObject\",\"inLanguage\":\"pl-PL\",\"@id\":\"https:\/\/www.jobxion.com\/pl\/#\/schema\/logo\/image\/\",\"url\":\"https:\/\/www.jobxion.com\/wp-content\/uploads\/2022\/09\/Jobxion-website-e1671193791246.png\",\"contentUrl\":\"https:\/\/www.jobxion.com\/wp-content\/uploads\/2022\/09\/Jobxion-website-e1671193791246.png\",\"width\":150,\"height\":36,\"caption\":\"Jobxion\"},\"image\":{\"@id\":\"https:\/\/www.jobxion.com\/pl\/#\/schema\/logo\/image\/\"},\"sameAs\":[\"https:\/\/www.facebook.com\/JobXion\"]}]}<\/script>\n<!-- \/ Yoast SEO Premium plugin. -->","yoast_head_json":{"title":"Certyfikaty Jobxion dla klient\u00f3w i kandydat\u00f3w.","description":"Mamy kilka certyfikat\u00f3w, sprawd\u017a je tutaj. W ten spos\u00f3b gwarantujemy jako\u015b\u0107. W razie pyta\u0144 prosimy o kontakt.","robots":{"index":"index","follow":"follow","max-snippet":"max-snippet:-1","max-image-preview":"max-image-preview:large","max-video-preview":"max-video-preview:-1"},"canonical":"https:\/\/www.jobxion.com\/pl\/certyfikaty\/","og_locale":"pl_PL","og_type":"article","og_title":"Certyfikaty Jobxion dla klient\u00f3w i kandydat\u00f3w.","og_description":"Mamy kilka certyfikat\u00f3w, sprawd\u017a je tutaj. W ten spos\u00f3b gwarantujemy jako\u015b\u0107. W razie pyta\u0144 prosimy o kontakt.","og_url":"https:\/\/www.jobxion.com\/pl\/certyfikaty\/","og_site_name":"Jobxion","article_publisher":"https:\/\/www.facebook.com\/JobXion","article_modified_time":"2024-01-26T10:20:09+00:00","og_image":[{"url":"https:\/\/www.jobxion.com\/wp-content\/uploads\/2022\/10\/snf.jpg","type":"","width":"","height":""}],"schema":{"@context":"https:\/\/schema.org","@graph":[{"@type":"WebPage","@id":"https:\/\/www.jobxion.com\/pl\/certyfikaty\/","url":"https:\/\/www.jobxion.com\/pl\/certyfikaty\/","name":"Certyfikaty Jobxion dla klient\u00f3w i kandydat\u00f3w.","isPartOf":{"@id":"https:\/\/www.jobxion.com\/pl\/#website"},"primaryImageOfPage":{"@id":"https:\/\/www.jobxion.com\/pl\/certyfikaty\/#primaryimage"},"image":{"@id":"https:\/\/www.jobxion.com\/pl\/certyfikaty\/#primaryimage"},"thumbnailUrl":"https:\/\/www.jobxion.com\/wp-content\/uploads\/2022\/10\/snf.jpg","datePublished":"2022-10-05T06:54:50+00:00","dateModified":"2024-01-26T10:20:09+00:00","description":"Mamy kilka certyfikat\u00f3w, sprawd\u017a je tutaj. W ten spos\u00f3b gwarantujemy jako\u015b\u0107. W razie pyta\u0144 prosimy o kontakt.","inLanguage":"pl-PL","potentialAction":[{"@type":"ReadAction","target":["https:\/\/www.jobxion.com\/pl\/certyfikaty\/"]}]},{"@type":"ImageObject","inLanguage":"pl-PL","@id":"https:\/\/www.jobxion.com\/pl\/certyfikaty\/#primaryimage","url":"https:\/\/www.jobxion.com\/wp-content\/uploads\/2022\/10\/snf.jpg","contentUrl":"https:\/\/www.jobxion.com\/wp-content\/uploads\/2022\/10\/snf.jpg"},{"@type":"WebSite","@id":"https:\/\/www.jobxion.com\/pl\/#website","url":"https:\/\/www.jobxion.com\/pl\/","name":"Jobxion","description":"Jobxion","publisher":{"@id":"https:\/\/www.jobxion.com\/pl\/#organization"},"potentialAction":[{"@type":"SearchAction","target":{"@type":"EntryPoint","urlTemplate":"https:\/\/www.jobxion.com\/pl\/?s={search_term_string}"},"query-input":{"@type":"PropertyValueSpecification","valueRequired":true,"valueName":"search_term_string"}}],"inLanguage":"pl-PL"},{"@type":"Organization","@id":"https:\/\/www.jobxion.com\/pl\/#organization","name":"Jobxion","url":"https:\/\/www.jobxion.com\/pl\/","logo":{"@type":"ImageObject","inLanguage":"pl-PL","@id":"https:\/\/www.jobxion.com\/pl\/#\/schema\/logo\/image\/","url":"https:\/\/www.jobxion.com\/wp-content\/uploads\/2022\/09\/Jobxion-website-e1671193791246.png","contentUrl":"https:\/\/www.jobxion.com\/wp-content\/uploads\/2022\/09\/Jobxion-website-e1671193791246.png","width":150,"height":36,"caption":"Jobxion"},"image":{"@id":"https:\/\/www.jobxion.com\/pl\/#\/schema\/logo\/image\/"},"sameAs":["https:\/\/www.facebook.com\/JobXion"]}]}},"_links":{"self":[{"href":"https:\/\/www.jobxion.com\/pl\/wp-json\/wp\/v2\/pages\/12561","targetHints":{"allow":["GET"]}}],"collection":[{"href":"https:\/\/www.jobxion.com\/pl\/wp-json\/wp\/v2\/pages"}],"about":[{"href":"https:\/\/www.jobxion.com\/pl\/wp-json\/wp\/v2\/types\/page"}],"author":[{"embeddable":true,"href":"https:\/\/www.jobxion.com\/pl\/wp-json\/wp\/v2\/users\/2"}],"replies":[{"embeddable":true,"href":"https:\/\/www.jobxion.com\/pl\/wp-json\/wp\/v2\/comments?post=12561"}],"version-history":[{"count":0,"href":"https:\/\/www.jobxion.com\/pl\/wp-json\/wp\/v2\/pages\/12561\/revisions"}],"wp:attachment":[{"href":"https:\/\/www.jobxion.com\/pl\/wp-json\/wp\/v2\/media?parent=12561"}],"curies":[{"name":"wp","href":"https:\/\/api.w.org\/{rel}","templated":true}]}}