{"id":12563,"date":"2022-10-28T10:10:07","date_gmt":"2022-10-28T08:10:07","guid":{"rendered":"https:\/\/www.jobxion.com\/uklad-zbiorowy-pracy\/"},"modified":"2024-01-26T11:55:53","modified_gmt":"2024-01-26T10:55:53","slug":"uklad-zbiorowy-pracy","status":"publish","type":"page","link":"https:\/\/www.jobxion.com\/pl\/uklad-zbiorowy-pracy\/","title":{"rendered":"Uk\u0142ad zbiorowy pracy"},"content":{"rendered":"\t\t<div data-elementor-type=\"wp-page\" data-elementor-id=\"12563\" class=\"elementor elementor-12563 elementor-1827\" data-elementor-post-type=\"page\">\n\t\t\t\t<div class=\"elementor-element elementor-element-53c22c8 e-con-full e-flex e-con e-parent\" data-id=\"53c22c8\" data-element_type=\"container\" data-e-type=\"container\" data-settings=\"{&quot;background_background&quot;:&quot;classic&quot;}\">\n\t\t<div class=\"elementor-element elementor-element-0e9a67d e-con-full e-flex e-con e-child\" data-id=\"0e9a67d\" data-element_type=\"container\" data-e-type=\"container\">\n\t\t\t\t<\/div>\n\t\t\t\t<\/div>\n\t\t<div class=\"elementor-element elementor-element-0af2f9f e-flex e-con-boxed e-con e-parent\" data-id=\"0af2f9f\" data-element_type=\"container\" data-e-type=\"container\" data-settings=\"{&quot;background_background&quot;:&quot;classic&quot;}\">\n\t\t\t\t\t<div class=\"e-con-inner\">\n\t\t<div class=\"elementor-element elementor-element-649a7ab e-con-full e-flex e-con e-child\" data-id=\"649a7ab\" data-element_type=\"container\" data-e-type=\"container\" data-settings=\"{&quot;background_background&quot;:&quot;classic&quot;}\">\n\t\t\t\t<div class=\"elementor-element elementor-element-f4b32b3 elementor-widget elementor-widget-heading\" data-id=\"f4b32b3\" data-element_type=\"widget\" data-e-type=\"widget\" data-widget_type=\"heading.default\">\n\t\t\t\t<div class=\"elementor-widget-container\">\n\t\t\t\t\t<h1 class=\"elementor-heading-title elementor-size-default\">CAO w Jobbxion<\/h1>\t\t\t\t<\/div>\n\t\t\t\t<\/div>\n\t\t\t\t<div class=\"elementor-element elementor-element-1eac151 elementor-widget elementor-widget-text-editor\" data-id=\"1eac151\" data-element_type=\"widget\" data-e-type=\"widget\" data-widget_type=\"text-editor.default\">\n\t\t\t\t<div class=\"elementor-widget-container\">\n\t\t\t\t\t\t\t\t\t<p>JobXion dba o to, aby wszystkie sprawy zwi\u0105zane z Twoj\u0105 prac\u0105 by\u0142y pod dobr\u0105 kontrol\u0105. Wtedy mo\u017cesz zaj\u0105\u0107 si\u0119 wa\u017cnymi sprawami. Po rozpocz\u0119ciu pracy dla JobXion obowi\u0105zuje uk\u0142ad zbiorowy dla budownictwa lub uk\u0142ad zbiorowy dla ma\u0142ych zak\u0142ad\u00f3w. Zawsze, bez wyj\u0105tk\u00f3w. <\/p>\n\t\t\t\t\t\t\t\t<\/div>\n\t\t\t\t<\/div>\n\t\t\t\t<div class=\"elementor-element elementor-element-cac0924 elementor-widget elementor-widget-text-editor\" data-id=\"cac0924\" data-element_type=\"widget\" data-e-type=\"widget\" data-widget_type=\"text-editor.default\">\n\t\t\t\t<div class=\"elementor-widget-container\">\n\t\t\t\t\t\t\t\t\t<p>W CAO znajdziesz wszystkie swoje prawa i obowi\u0105zki zwi\u0105zane z umow\u0105 o prac\u0119 oraz odpowiedzi na pytania takie jak:<\/p><ul><li>Jak ustalana jest moja stawka godzinowa?<\/li><li>Kiedy otrzymam swoje wynagrodzenie?<\/li><li>Czy moje wynagrodzenie b\u0119dzie nadal wyp\u0142acane w przypadku choroby?<\/li><li>Co mam zrobi\u0107, je\u015bli chcia\u0142bym z\u0142o\u017cy\u0107 skarg\u0119?<\/li><li>Jak wygl\u0105da kwestia mojej emerytury?<\/li><\/ul><h2>Jako\u015b\u0107 Jobxion<\/h2><p>Jeste\u015bmy stowarzyszeni z <a title=\"Strona internetowa NBBU\" href=\"https:\/\/www.nbbu.nl\/\" target=\"_blank\" rel=\"noopener\">NBBU<\/a> (Holenderskie Stowarzyszenie Agencji Po\u015brednictwa i Pracy Tymczasowej). NBBU jest stowarzyszeniem bran\u017cowym profesjonalnych po\u015brednik\u00f3w na rynku pracy. Reprezentuj\u0105 oni interesy ponad 1000 dostawc\u00f3w us\u0142ug w bran\u017cy : agencji zatrudnienia, firm p\u0142acowych, freelancer\u00f3w i innych po\u015brednik\u00f3w na elastycznym rynku pracy.<\/p><p>JobXion posiada <a title=\"Certyfikacja NBBU\" href=\"https:\/\/www.nbbu.nl\/download\/nbbu-cao-voor-uitzendkrachten\/\" target=\"_blank\" rel=\"noopener\">certyfikat NBBU<\/a><b>,<\/b> spe\u0142niaj\u0105cy surowe wymagania jako\u015bciowe stowarzyszenia bran\u017cowego. Obejmuj\u0105 one bezpiecze\u0144stwo w miejscu pracy, zasady post\u0119powania, warunki pracy oraz op\u0142acanie sk\u0142adek na ubezpieczenie spo\u0142eczne i podatk\u00f3w. Ka\u017cdego roku przeprowadzamy kilka audyt\u00f3w, aby sprawdzi\u0107, czy nadal spe\u0142niamy wymogi.<\/p><p>JobXion jest zadowolony z tego partnerstwa i dumny z certyfikacji. Otrzymujesz od nas pewno\u015b\u0107, \u017ce Twoje wynagrodzenie zostanie wyp\u0142acone na czas i \u017ce otrzymasz to, do czego jeste\u015b uprawniony. Rozwa\u017c tak\u017ce (dodatkowe) dni szkoleniowe i urlopowe. Posiadamy r\u00f3wnie\u017c <a title=\"Certyfikat SNA.\" href=\"https:\/\/www.normeringarbeid.nl\/\" target=\"_blank\" rel=\"noopener\">certyfikat SNA<\/a>. Gwarancja, \u017ce przestrzegamy przepis\u00f3w prawa i regulacji wynikaj\u0105cych ze \u015bwiadczenia us\u0142ug pracownikom tymczasowym. Tak dobrze zorganizowane, nawet je\u015bli sami tak m\u00f3wimy.<\/p><h3>Warunki zatrudnienia<\/h3><p>JobXion naturalnie zapewnia dobre warunki pracy. Mo\u017cesz skontaktowa\u0107 si\u0119 z dedykowan\u0105 <a href=\"\/pl\/kontakt\/\">osob\u0105 kontaktow\u0105<\/a> w sprawach zwi\u0105zanych z prac\u0105, takich jak wynagrodzenie, odzie\u017c robocza, projekt, choroba czy szkolenie. Jak zwa\u0142, tak zwa\u0142! Stawiamy na indywidualne podej\u015bcie. Nawet je\u015bli zale\u017cy Ci na sta\u0142ym zatrudnieniu w firmie, jeste\u015bmy na to otwarci i ch\u0119tnie podejmiemy rozmow\u0119! Uwa\u017camy, \u017ce naliczanie emerytur jest r\u00f3wnie\u017c cz\u0119\u015bci\u0105 dobrych warunk\u00f3w pracy. Jeste\u015bmy powi\u0105zani z kilkoma funduszami emerytalnymi. Wi\u0119cej informacji na ten temat mo\u017ce udzieli\u0107 Ci osoba kontaktowa.<\/p>\t\t\t\t\t\t\t\t<\/div>\n\t\t\t\t<\/div>\n\t\t\t\t<div class=\"elementor-element elementor-element-ba153cd elementor-widget elementor-widget-text-editor\" data-id=\"ba153cd\" data-element_type=\"widget\" data-e-type=\"widget\" data-widget_type=\"text-editor.default\">\n\t\t\t\t<div class=\"elementor-widget-container\">\n\t\t\t\t\t\t\t\t\t<p>Bycie zaanga\u017cowanym w swoje \u015brodowisko jest wa\u017cne. Dzi\u0119ki precyzyjnej wsp\u00f3\u0142pracy z lokalnymi firmami wsp\u00f3lnie tworzymy wi\u0119cej miejsc pracy. W rezultacie wi\u0119cej pracy jest blisko domu, co zapewnia pracownikom kr\u00f3tki czas podr\u00f3\u017cy. Ponadto uwa\u017camy, \u017ce wa\u017cne jest sponsorowanie i wspieranie regionalnych projekt\u00f3w. W ten spos\u00f3b \u0142\u0105czymy relaks z prac\u0105.<\/p>\n\t\t\t\t\t\t\t\t<\/div>\n\t\t\t\t<\/div>\n\t\t\t\t<\/div>\n\t\t\t\t\t<\/div>\n\t\t\t\t<\/div>\n\t\t\t\t<\/div>\n\t\t","protected":false},"excerpt":{"rendered":"<p>CAO w Jobbxion JobXion dba o to, aby wszystkie sprawy zwi\u0105zane z Twoj\u0105 prac\u0105 by\u0142y pod dobr\u0105 kontrol\u0105. Wtedy mo\u017cesz zaj\u0105\u0107 si\u0119 wa\u017cnymi sprawami. Po rozpocz\u0119ciu pracy dla JobXion obowi\u0105zuje uk\u0142ad zbiorowy dla budownictwa lub uk\u0142ad zbiorowy dla ma\u0142ych zak\u0142ad\u00f3w. Zawsze, bez wyj\u0105tk\u00f3w. W CAO znajdziesz wszystkie swoje prawa i obowi\u0105zki zwi\u0105zane z umow\u0105 o [&hellip;]<\/p>\n","protected":false},"author":2,"featured_media":0,"parent":0,"menu_order":0,"comment_status":"closed","ping_status":"closed","template":"","meta":{"_acf_changed":false,"site-sidebar-layout":"no-sidebar","site-content-layout":"page-builder","ast-site-content-layout":"default","site-content-style":"default","site-sidebar-style":"default","ast-global-header-display":"","ast-banner-title-visibility":"","ast-main-header-display":"","ast-hfb-above-header-display":"","ast-hfb-below-header-display":"","ast-hfb-mobile-header-display":"","site-post-title":"disabled","ast-breadcrumbs-content":"","ast-featured-img":"disabled","footer-sml-layout":"","ast-disable-related-posts":"","theme-transparent-header-meta":"","adv-header-id-meta":"","stick-header-meta":"","header-above-stick-meta":"","header-main-stick-meta":"","header-below-stick-meta":"","astra-migrate-meta-layouts":"default","ast-page-background-enabled":"default","ast-page-background-meta":{"desktop":{"background-color":"var(--ast-global-color-4)","background-image":"","background-repeat":"repeat","background-position":"center center","background-size":"auto","background-attachment":"scroll","background-type":"","background-media":"","overlay-type":"","overlay-color":"","overlay-opacity":"","overlay-gradient":""},"tablet":{"background-color":"","background-image":"","background-repeat":"repeat","background-position":"center center","background-size":"auto","background-attachment":"scroll","background-type":"","background-media":"","overlay-type":"","overlay-color":"","overlay-opacity":"","overlay-gradient":""},"mobile":{"background-color":"","background-image":"","background-repeat":"repeat","background-position":"center center","background-size":"auto","background-attachment":"scroll","background-type":"","background-media":"","overlay-type":"","overlay-color":"","overlay-opacity":"","overlay-gradient":""}},"ast-content-background-meta":{"desktop":{"background-color":"var(--ast-global-color-5)","background-image":"","background-repeat":"repeat","background-position":"center center","background-size":"auto","background-attachment":"scroll","background-type":"","background-media":"","overlay-type":"","overlay-color":"","overlay-opacity":"","overlay-gradient":""},"tablet":{"background-color":"var(--ast-global-color-5)","background-image":"","background-repeat":"repeat","background-position":"center center","background-size":"auto","background-attachment":"scroll","background-type":"","background-media":"","overlay-type":"","overlay-color":"","overlay-opacity":"","overlay-gradient":""},"mobile":{"background-color":"var(--ast-global-color-5)","background-image":"","background-repeat":"repeat","background-position":"center center","background-size":"auto","background-attachment":"scroll","background-type":"","background-media":"","overlay-type":"","overlay-color":"","overlay-opacity":"","overlay-gradient":""}},"footnotes":""},"class_list":["post-12563","page","type-page","status-publish","hentry"],"acf":[],"yoast_head":"<!-- This site is optimized with the Yoast SEO Premium plugin v27.0 (Yoast SEO v27.0) - https:\/\/yoast.com\/product\/yoast-seo-premium-wordpress\/ -->\n<title>CAO (uk\u0142ad zbiorowy pracy) w Jobxion - Z jakimi uk\u0142adami zbiorowymi pracy wsp\u00f3\u0142pracujemy?<\/title>\n<meta name=\"description\" content=\"Po rozpocz\u0119ciu pracy dla JobXion obowi\u0105zuje uk\u0142ad zbiorowy dla budownictwa lub uk\u0142ad zbiorowy dla ma\u0142ych zak\u0142ad\u00f3w. Przeczytaj o tym na tej stronie.\" \/>\n<meta name=\"robots\" content=\"index, follow, max-snippet:-1, max-image-preview:large, max-video-preview:-1\" \/>\n<link rel=\"canonical\" href=\"https:\/\/www.jobxion.com\/pl\/uklad-zbiorowy-pracy\/\" \/>\n<meta property=\"og:locale\" content=\"pl_PL\" \/>\n<meta property=\"og:type\" content=\"article\" \/>\n<meta property=\"og:title\" content=\"CAO (uk\u0142ad zbiorowy pracy) w Jobxion - Z jakimi uk\u0142adami zbiorowymi pracy wsp\u00f3\u0142pracujemy?\" \/>\n<meta property=\"og:description\" content=\"Po rozpocz\u0119ciu pracy dla JobXion obowi\u0105zuje uk\u0142ad zbiorowy dla budownictwa lub uk\u0142ad zbiorowy dla ma\u0142ych zak\u0142ad\u00f3w. Przeczytaj o tym na tej stronie.\" \/>\n<meta property=\"og:url\" content=\"https:\/\/www.jobxion.com\/pl\/uklad-zbiorowy-pracy\/\" \/>\n<meta property=\"og:site_name\" content=\"Jobxion\" \/>\n<meta property=\"article:publisher\" content=\"https:\/\/www.facebook.com\/JobXion\" \/>\n<meta property=\"article:modified_time\" content=\"2024-01-26T10:55:53+00:00\" \/>\n<script type=\"application\/ld+json\" class=\"yoast-schema-graph\">{\"@context\":\"https:\/\/schema.org\",\"@graph\":[{\"@type\":\"WebPage\",\"@id\":\"https:\/\/www.jobxion.com\/pl\/uklad-zbiorowy-pracy\/\",\"url\":\"https:\/\/www.jobxion.com\/pl\/uklad-zbiorowy-pracy\/\",\"name\":\"CAO (uk\u0142ad zbiorowy pracy) w Jobxion - Z jakimi uk\u0142adami zbiorowymi pracy wsp\u00f3\u0142pracujemy?\",\"isPartOf\":{\"@id\":\"https:\/\/www.jobxion.com\/pl\/#website\"},\"datePublished\":\"2022-10-28T08:10:07+00:00\",\"dateModified\":\"2024-01-26T10:55:53+00:00\",\"description\":\"Po rozpocz\u0119ciu pracy dla JobXion obowi\u0105zuje uk\u0142ad zbiorowy dla budownictwa lub uk\u0142ad zbiorowy dla ma\u0142ych zak\u0142ad\u00f3w. Przeczytaj o tym na tej stronie.\",\"inLanguage\":\"pl-PL\",\"potentialAction\":[{\"@type\":\"ReadAction\",\"target\":[\"https:\/\/www.jobxion.com\/pl\/uklad-zbiorowy-pracy\/\"]}]},{\"@type\":\"WebSite\",\"@id\":\"https:\/\/www.jobxion.com\/pl\/#website\",\"url\":\"https:\/\/www.jobxion.com\/pl\/\",\"name\":\"Jobxion\",\"description\":\"Jobxion\",\"publisher\":{\"@id\":\"https:\/\/www.jobxion.com\/pl\/#organization\"},\"potentialAction\":[{\"@type\":\"SearchAction\",\"target\":{\"@type\":\"EntryPoint\",\"urlTemplate\":\"https:\/\/www.jobxion.com\/pl\/?s={search_term_string}\"},\"query-input\":{\"@type\":\"PropertyValueSpecification\",\"valueRequired\":true,\"valueName\":\"search_term_string\"}}],\"inLanguage\":\"pl-PL\"},{\"@type\":\"Organization\",\"@id\":\"https:\/\/www.jobxion.com\/pl\/#organization\",\"name\":\"Jobxion\",\"url\":\"https:\/\/www.jobxion.com\/pl\/\",\"logo\":{\"@type\":\"ImageObject\",\"inLanguage\":\"pl-PL\",\"@id\":\"https:\/\/www.jobxion.com\/pl\/#\/schema\/logo\/image\/\",\"url\":\"https:\/\/www.jobxion.com\/wp-content\/uploads\/2022\/09\/Jobxion-website-e1671193791246.png\",\"contentUrl\":\"https:\/\/www.jobxion.com\/wp-content\/uploads\/2022\/09\/Jobxion-website-e1671193791246.png\",\"width\":150,\"height\":36,\"caption\":\"Jobxion\"},\"image\":{\"@id\":\"https:\/\/www.jobxion.com\/pl\/#\/schema\/logo\/image\/\"},\"sameAs\":[\"https:\/\/www.facebook.com\/JobXion\"]}]}<\/script>\n<!-- \/ Yoast SEO Premium plugin. -->","yoast_head_json":{"title":"CAO (uk\u0142ad zbiorowy pracy) w Jobxion - Z jakimi uk\u0142adami zbiorowymi pracy wsp\u00f3\u0142pracujemy?","description":"Po rozpocz\u0119ciu pracy dla JobXion obowi\u0105zuje uk\u0142ad zbiorowy dla budownictwa lub uk\u0142ad zbiorowy dla ma\u0142ych zak\u0142ad\u00f3w. Przeczytaj o tym na tej stronie.","robots":{"index":"index","follow":"follow","max-snippet":"max-snippet:-1","max-image-preview":"max-image-preview:large","max-video-preview":"max-video-preview:-1"},"canonical":"https:\/\/www.jobxion.com\/pl\/uklad-zbiorowy-pracy\/","og_locale":"pl_PL","og_type":"article","og_title":"CAO (uk\u0142ad zbiorowy pracy) w Jobxion - Z jakimi uk\u0142adami zbiorowymi pracy wsp\u00f3\u0142pracujemy?","og_description":"Po rozpocz\u0119ciu pracy dla JobXion obowi\u0105zuje uk\u0142ad zbiorowy dla budownictwa lub uk\u0142ad zbiorowy dla ma\u0142ych zak\u0142ad\u00f3w. Przeczytaj o tym na tej stronie.","og_url":"https:\/\/www.jobxion.com\/pl\/uklad-zbiorowy-pracy\/","og_site_name":"Jobxion","article_publisher":"https:\/\/www.facebook.com\/JobXion","article_modified_time":"2024-01-26T10:55:53+00:00","schema":{"@context":"https:\/\/schema.org","@graph":[{"@type":"WebPage","@id":"https:\/\/www.jobxion.com\/pl\/uklad-zbiorowy-pracy\/","url":"https:\/\/www.jobxion.com\/pl\/uklad-zbiorowy-pracy\/","name":"CAO (uk\u0142ad zbiorowy pracy) w Jobxion - Z jakimi uk\u0142adami zbiorowymi pracy wsp\u00f3\u0142pracujemy?","isPartOf":{"@id":"https:\/\/www.jobxion.com\/pl\/#website"},"datePublished":"2022-10-28T08:10:07+00:00","dateModified":"2024-01-26T10:55:53+00:00","description":"Po rozpocz\u0119ciu pracy dla JobXion obowi\u0105zuje uk\u0142ad zbiorowy dla budownictwa lub uk\u0142ad zbiorowy dla ma\u0142ych zak\u0142ad\u00f3w. Przeczytaj o tym na tej stronie.","inLanguage":"pl-PL","potentialAction":[{"@type":"ReadAction","target":["https:\/\/www.jobxion.com\/pl\/uklad-zbiorowy-pracy\/"]}]},{"@type":"WebSite","@id":"https:\/\/www.jobxion.com\/pl\/#website","url":"https:\/\/www.jobxion.com\/pl\/","name":"Jobxion","description":"Jobxion","publisher":{"@id":"https:\/\/www.jobxion.com\/pl\/#organization"},"potentialAction":[{"@type":"SearchAction","target":{"@type":"EntryPoint","urlTemplate":"https:\/\/www.jobxion.com\/pl\/?s={search_term_string}"},"query-input":{"@type":"PropertyValueSpecification","valueRequired":true,"valueName":"search_term_string"}}],"inLanguage":"pl-PL"},{"@type":"Organization","@id":"https:\/\/www.jobxion.com\/pl\/#organization","name":"Jobxion","url":"https:\/\/www.jobxion.com\/pl\/","logo":{"@type":"ImageObject","inLanguage":"pl-PL","@id":"https:\/\/www.jobxion.com\/pl\/#\/schema\/logo\/image\/","url":"https:\/\/www.jobxion.com\/wp-content\/uploads\/2022\/09\/Jobxion-website-e1671193791246.png","contentUrl":"https:\/\/www.jobxion.com\/wp-content\/uploads\/2022\/09\/Jobxion-website-e1671193791246.png","width":150,"height":36,"caption":"Jobxion"},"image":{"@id":"https:\/\/www.jobxion.com\/pl\/#\/schema\/logo\/image\/"},"sameAs":["https:\/\/www.facebook.com\/JobXion"]}]}},"_links":{"self":[{"href":"https:\/\/www.jobxion.com\/pl\/wp-json\/wp\/v2\/pages\/12563","targetHints":{"allow":["GET"]}}],"collection":[{"href":"https:\/\/www.jobxion.com\/pl\/wp-json\/wp\/v2\/pages"}],"about":[{"href":"https:\/\/www.jobxion.com\/pl\/wp-json\/wp\/v2\/types\/page"}],"author":[{"embeddable":true,"href":"https:\/\/www.jobxion.com\/pl\/wp-json\/wp\/v2\/users\/2"}],"replies":[{"embeddable":true,"href":"https:\/\/www.jobxion.com\/pl\/wp-json\/wp\/v2\/comments?post=12563"}],"version-history":[{"count":0,"href":"https:\/\/www.jobxion.com\/pl\/wp-json\/wp\/v2\/pages\/12563\/revisions"}],"wp:attachment":[{"href":"https:\/\/www.jobxion.com\/pl\/wp-json\/wp\/v2\/media?parent=12563"}],"curies":[{"name":"wp","href":"https:\/\/api.w.org\/{rel}","templated":true}]}}