{"id":12568,"date":"2022-10-04T14:18:11","date_gmt":"2022-10-04T12:18:11","guid":{"rendered":"https:\/\/www.jobxion.com\/csr\/"},"modified":"2024-01-26T11:17:36","modified_gmt":"2024-01-26T10:17:36","slug":"csr","status":"publish","type":"page","link":"https:\/\/www.jobxion.com\/pl\/csr\/","title":{"rendered":"CSR"},"content":{"rendered":"\t\t<div data-elementor-type=\"wp-page\" data-elementor-id=\"12568\" class=\"elementor elementor-12568 elementor-535\" data-elementor-post-type=\"page\">\n\t\t\t\t<div class=\"elementor-element elementor-element-72bff88 e-con-full e-flex e-con e-parent\" data-id=\"72bff88\" data-element_type=\"container\" data-e-type=\"container\" data-settings=\"{&quot;background_background&quot;:&quot;classic&quot;}\">\n\t\t<div class=\"elementor-element elementor-element-9a265c1 e-con-full e-flex e-con e-child\" data-id=\"9a265c1\" data-element_type=\"container\" data-e-type=\"container\">\n\t\t\t\t<\/div>\n\t\t\t\t<\/div>\n\t\t<div class=\"elementor-element elementor-element-cb5d587 e-flex e-con-boxed e-con e-parent\" data-id=\"cb5d587\" data-element_type=\"container\" data-e-type=\"container\" data-settings=\"{&quot;background_background&quot;:&quot;classic&quot;}\">\n\t\t\t\t\t<div class=\"e-con-inner\">\n\t\t<div class=\"elementor-element elementor-element-bea9f2a e-con-full e-flex e-con e-child\" data-id=\"bea9f2a\" data-element_type=\"container\" data-e-type=\"container\" data-settings=\"{&quot;background_background&quot;:&quot;classic&quot;}\">\n\t\t\t\t<div class=\"elementor-element elementor-element-9a6563d elementor-widget elementor-widget-heading\" data-id=\"9a6563d\" data-element_type=\"widget\" data-e-type=\"widget\" data-widget_type=\"heading.default\">\n\t\t\t\t<div class=\"elementor-widget-container\">\n\t\t\t\t\t<h1 class=\"elementor-heading-title elementor-size-default\">Spo\u0142eczna odpowiedzialno\u015b\u0107 biznesu<\/h1>\t\t\t\t<\/div>\n\t\t\t\t<\/div>\n\t\t\t\t<div class=\"elementor-element elementor-element-2355060 elementor-widget elementor-widget-heading\" data-id=\"2355060\" data-element_type=\"widget\" data-e-type=\"widget\" data-widget_type=\"heading.default\">\n\t\t\t\t<div class=\"elementor-widget-container\">\n\t\t\t\t\t<h2 class=\"elementor-heading-title elementor-size-default\">Co robimy w kwestii CSR?<\/h2>\t\t\t\t<\/div>\n\t\t\t\t<\/div>\n\t\t\t\t<div class=\"elementor-element elementor-element-104aff5 elementor-widget elementor-widget-text-editor\" data-id=\"104aff5\" data-element_type=\"widget\" data-e-type=\"widget\" data-widget_type=\"text-editor.default\">\n\t\t\t\t<div class=\"elementor-widget-container\">\n\t\t\t\t\t\t\t\t\t<p>Spo\u0142eczna odpowiedzialno\u015b\u0107 biznesu nie mo\u017ce by\u0107 ju\u017c tylko refleksj\u0105. Wsp\u00f3lna troska o ludzi i \u015brodowisko powinna by\u0107 g\u0142\u00f3wnym obowi\u0105zkiem w czasach pe\u0142nych wyzwa\u0144. Przeczytaj poni\u017cej, jak Jobxion stosuje to w praktyce.<\/p>\n\t\t\t\t\t\t\t\t<\/div>\n\t\t\t\t<\/div>\n\t\t\t\t<div class=\"elementor-element elementor-element-fd64499 elementor-widget elementor-widget-heading\" data-id=\"fd64499\" data-element_type=\"widget\" data-e-type=\"widget\" data-widget_type=\"heading.default\">\n\t\t\t\t<div class=\"elementor-widget-container\">\n\t\t\t\t\t<h2 class=\"elementor-heading-title elementor-size-default\">Mo\u017cliwo\u015bci dla wszystkich<\/h2>\t\t\t\t<\/div>\n\t\t\t\t<\/div>\n\t\t\t\t<div class=\"elementor-element elementor-element-2cfc7f8 elementor-widget elementor-widget-text-editor\" data-id=\"2cfc7f8\" data-element_type=\"widget\" data-e-type=\"widget\" data-widget_type=\"text-editor.default\">\n\t\t\t\t<div class=\"elementor-widget-container\">\n\t\t\t\t\t\t\t\t\t<p>W czasach, gdy na rynku pracy panuje ogromny niedob\u00f3r, widzimy rozwi\u0105zanie w szkoleniu os\u00f3b, kt\u00f3re chc\u0105 pracowa\u0107, ale potrzebuj\u0105 do tego dodatkowych wskaz\u00f3wek. Posiadamy w\u0142asne centrum szkoleniowe z nauczycielami zawod\u00f3w, aby szkoli\u0107 ludzi do pracy w budownictwie i in\u017cynierii. Pozwala nam to uczy\u0107 nowych umiej\u0119tno\u015bci m\u0142odych ludzi, pracownik\u00f3w migruj\u0105cych i ka\u017cdego, kto chce pracowa\u0107. Nasza wsp\u00f3\u0142praca z regionalnymi pracodawcami pozwala zaoferowa\u0107 kandydatom odpowiednie miejsca pracy po pomy\u015blnym uko\u0144czeniu szkolenia.<\/p>\t\t\t\t\t\t\t\t<\/div>\n\t\t\t\t<\/div>\n\t\t\t\t<div class=\"elementor-element elementor-element-1a6e319 elementor-widget elementor-widget-heading\" data-id=\"1a6e319\" data-element_type=\"widget\" data-e-type=\"widget\" data-widget_type=\"heading.default\">\n\t\t\t\t<div class=\"elementor-widget-container\">\n\t\t\t\t\t<h3 class=\"elementor-heading-title elementor-size-default\">Zaanga\u017cowanie lokalne<\/h3>\t\t\t\t<\/div>\n\t\t\t\t<\/div>\n\t\t\t\t<div class=\"elementor-element elementor-element-a818d53 elementor-widget elementor-widget-text-editor\" data-id=\"a818d53\" data-element_type=\"widget\" data-e-type=\"widget\" data-widget_type=\"text-editor.default\">\n\t\t\t\t<div class=\"elementor-widget-container\">\n\t\t\t\t\t\t\t\t\t<p>Bycie zaanga\u017cowanym w swoje \u015brodowisko jest wa\u017cne. Dzi\u0119ki precyzyjnej wsp\u00f3\u0142pracy z lokalnymi firmami wsp\u00f3lnie tworzymy wi\u0119cej miejsc pracy. W rezultacie wi\u0119cej ofert pracy jest blisko zakwaterowania, co zapewnia pracownikom kr\u00f3tki czas dojazdu. Ponadto uwa\u017camy, \u017ce wa\u017cne jest sponsorowanie i wspieranie regionalnych projekt\u00f3w. W ten spos\u00f3b \u0142\u0105czymy relaks z prac\u0105.<\/p>\n\t\t\t\t\t\t\t\t<\/div>\n\t\t\t\t<\/div>\n\t\t\t\t<div class=\"elementor-element elementor-element-dcf026d elementor-widget elementor-widget-heading\" data-id=\"dcf026d\" data-element_type=\"widget\" data-e-type=\"widget\" data-widget_type=\"heading.default\">\n\t\t\t\t<div class=\"elementor-widget-container\">\n\t\t\t\t\t<h3 class=\"elementor-heading-title elementor-size-default\">Minimalizacja wp\u0142ywu na \u015brodowisko<\/h3>\t\t\t\t<\/div>\n\t\t\t\t<\/div>\n\t\t\t\t<div class=\"elementor-element elementor-element-20a57ea elementor-widget elementor-widget-text-editor\" data-id=\"20a57ea\" data-element_type=\"widget\" data-e-type=\"widget\" data-widget_type=\"text-editor.default\">\n\t\t\t\t<div class=\"elementor-widget-container\">\n\t\t\t\t\t\t\t\t\t<p>Najpierw pracowali\u015bmy w starym biurowcu w centrum Tiel, co by\u0142o \u015bwietnym okresem, ale praca w spos\u00f3b zr\u00f3wnowa\u017cony stawa\u0142a si\u0119 coraz trudniejsza. W 2021 roku otrzymali\u015bmy klucz do naszego obecnego budynku. Zbudowany w spos\u00f3b zr\u00f3wnowa\u017cony i wyposa\u017cony do pracy we wszystko co nam potrzeba. Na przyk\u0142ad, wytwarzamy w\u0142asn\u0105 energi\u0119 elektryczn\u0105 za pomoc\u0105 192 ogniw fotowoltaicznych na naszym dachu.<\/p>\n<p>W jak najmniejszym stopniu obci\u0105\u017camy \u015brodowisko, minimalizuj\u0105c zu\u017cycie papieru i pracuj\u0105c na energooszcz\u0119dnym sprz\u0119cie. Na przyk\u0142ad nasze lampy wsp\u00f3\u0142pracuj\u0105 z czujnikiem ruchu, dzi\u0119ki czemu automatycznie wy\u0142\u0105czaj\u0105 si\u0119 po opuszczeniu pomieszczenia. Dostarczamy dokumenty, oferty i faktury, najlepiej w formie cyfrowej. Pozwala to zaoszcz\u0119dzi\u0107 papier i koszty wysy\u0142ki. Ponadto posiadamy wiele samochod\u00f3w elektrycznych, a dzi\u0119ki odpowiedniemu planowaniu unikamy niepotrzebnej jazdy.<\/p>\n\t\t\t\t\t\t\t\t<\/div>\n\t\t\t\t<\/div>\n\t\t\t\t<div class=\"elementor-element elementor-element-ee74f02 elementor-widget elementor-widget-heading\" data-id=\"ee74f02\" data-element_type=\"widget\" data-e-type=\"widget\" data-widget_type=\"heading.default\">\n\t\t\t\t<div class=\"elementor-widget-container\">\n\t\t\t\t\t<h3 class=\"elementor-heading-title elementor-size-default\">Bezpiecze\u0144stwo jest wa\u017cne<\/h3>\t\t\t\t<\/div>\n\t\t\t\t<\/div>\n\t\t\t\t<div class=\"elementor-element elementor-element-6935614 elementor-widget elementor-widget-text-editor\" data-id=\"6935614\" data-element_type=\"widget\" data-e-type=\"widget\" data-widget_type=\"text-editor.default\">\n\t\t\t\t<div class=\"elementor-widget-container\">\n\t\t\t\t\t\t\t\t\t<p>JobXion dok\u0142ada wszelkich stara\u0144, aby nasi pracownicy pracowali tak bezpiecznie, jak to tylko mo\u017cliwe. Nasi opiekunowie klienta posiadaj\u0105 <a title=\"Certyfikaty Jobxion\" href=\"\/pl\/certyfikaty\/\">certyfikat bezpiecze\u0144stwa VCU<\/a> i odwiedzaj\u0105 place budowy naszych pracownik\u00f3w tymczasowych w celu sprawdzenia bezpiecznych praktyk pracy. Wszyscy nasi pracownicy posiadaj\u0105 w\u0142asne certyfikaty bezpiecze\u0144stwa VCA. Zapewniamy r\u00f3wnie\u017c wszystkim pracownikom odpowiedni\u0105 odzie\u017c robocz\u0105 z obuwiem ochronnym i \u015brodkami ochrony osobistej. Bezpiecze\u0144stwo w miejscu pracy jest wa\u017cne, dlatego aktywnie nad nim pracujemy.\u00a0<\/p>\t\t\t\t\t\t\t\t<\/div>\n\t\t\t\t<\/div>\n\t\t\t\t<div class=\"elementor-element elementor-element-af70545 elementor-widget elementor-widget-heading\" data-id=\"af70545\" data-element_type=\"widget\" data-e-type=\"widget\" data-widget_type=\"heading.default\">\n\t\t\t\t<div class=\"elementor-widget-container\">\n\t\t\t\t\t<h4 class=\"elementor-heading-title elementor-size-default\">Kontakt<\/h4>\t\t\t\t<\/div>\n\t\t\t\t<\/div>\n\t\t\t\t<div class=\"elementor-element elementor-element-5b17573 elementor-widget elementor-widget-text-editor\" data-id=\"5b17573\" data-element_type=\"widget\" data-e-type=\"widget\" data-widget_type=\"text-editor.default\">\n\t\t\t\t<div class=\"elementor-widget-container\">\n\t\t\t\t\t\t\t\t\t<p>Masz pytanie dotycz\u0105ce spo\u0142ecznej odpowiedzialno\u015bci Jobxion? <a title=\"Kontakt z Jobxion.\" href=\"\/pl\/kontakt\/\">Kontakt<\/a>.\u00a0<\/p>\t\t\t\t\t\t\t\t<\/div>\n\t\t\t\t<\/div>\n\t\t\t\t<\/div>\n\t\t\t\t\t<\/div>\n\t\t\t\t<\/div>\n\t\t\t\t<\/div>\n\t\t","protected":false},"excerpt":{"rendered":"<p>Spo\u0142eczna odpowiedzialno\u015b\u0107 biznesu Co robimy w kwestii CSR? Spo\u0142eczna odpowiedzialno\u015b\u0107 biznesu nie mo\u017ce by\u0107 ju\u017c tylko refleksj\u0105. Wsp\u00f3lna troska o ludzi i \u015brodowisko powinna by\u0107 g\u0142\u00f3wnym obowi\u0105zkiem w czasach pe\u0142nych wyzwa\u0144. Przeczytaj poni\u017cej, jak Jobxion stosuje to w praktyce. Mo\u017cliwo\u015bci dla wszystkich W czasach, gdy na rynku pracy panuje ogromny niedob\u00f3r, widzimy rozwi\u0105zanie w szkoleniu [&hellip;]<\/p>\n","protected":false},"author":2,"featured_media":0,"parent":0,"menu_order":0,"comment_status":"closed","ping_status":"closed","template":"","meta":{"_acf_changed":false,"site-sidebar-layout":"no-sidebar","site-content-layout":"page-builder","ast-site-content-layout":"default","site-content-style":"default","site-sidebar-style":"default","ast-global-header-display":"","ast-banner-title-visibility":"","ast-main-header-display":"","ast-hfb-above-header-display":"","ast-hfb-below-header-display":"","ast-hfb-mobile-header-display":"","site-post-title":"disabled","ast-breadcrumbs-content":"","ast-featured-img":"disabled","footer-sml-layout":"","ast-disable-related-posts":"","theme-transparent-header-meta":"","adv-header-id-meta":"","stick-header-meta":"","header-above-stick-meta":"","header-main-stick-meta":"","header-below-stick-meta":"","astra-migrate-meta-layouts":"default","ast-page-background-enabled":"default","ast-page-background-meta":{"desktop":{"background-color":"var(--ast-global-color-4)","background-image":"","background-repeat":"repeat","background-position":"center center","background-size":"auto","background-attachment":"scroll","background-type":"","background-media":"","overlay-type":"","overlay-color":"","overlay-opacity":"","overlay-gradient":""},"tablet":{"background-color":"","background-image":"","background-repeat":"repeat","background-position":"center center","background-size":"auto","background-attachment":"scroll","background-type":"","background-media":"","overlay-type":"","overlay-color":"","overlay-opacity":"","overlay-gradient":""},"mobile":{"background-color":"","background-image":"","background-repeat":"repeat","background-position":"center center","background-size":"auto","background-attachment":"scroll","background-type":"","background-media":"","overlay-type":"","overlay-color":"","overlay-opacity":"","overlay-gradient":""}},"ast-content-background-meta":{"desktop":{"background-color":"var(--ast-global-color-5)","background-image":"","background-repeat":"repeat","background-position":"center center","background-size":"auto","background-attachment":"scroll","background-type":"","background-media":"","overlay-type":"","overlay-color":"","overlay-opacity":"","overlay-gradient":""},"tablet":{"background-color":"var(--ast-global-color-5)","background-image":"","background-repeat":"repeat","background-position":"center center","background-size":"auto","background-attachment":"scroll","background-type":"","background-media":"","overlay-type":"","overlay-color":"","overlay-opacity":"","overlay-gradient":""},"mobile":{"background-color":"var(--ast-global-color-5)","background-image":"","background-repeat":"repeat","background-position":"center center","background-size":"auto","background-attachment":"scroll","background-type":"","background-media":"","overlay-type":"","overlay-color":"","overlay-opacity":"","overlay-gradient":""}},"footnotes":""},"class_list":["post-12568","page","type-page","status-publish","hentry"],"acf":[],"yoast_head":"<!-- This site is optimized with the Yoast SEO Premium plugin v27.0 (Yoast SEO v27.0) - https:\/\/yoast.com\/product\/yoast-seo-premium-wordpress\/ -->\n<title>Spo\u0142eczna odpowiedzialno\u015b\u0107 biznesu (CSR) | Jobxion<\/title>\n<meta name=\"description\" content=\"Spo\u0142eczna odpowiedzialno\u015b\u0107 biznesu nie mo\u017ce by\u0107 ju\u017c tylko refleksj\u0105 firmy; musi by\u0107 odzwierciedlona we wszystkich obszarach dzia\u0142alno\u015bci.\" \/>\n<meta name=\"robots\" content=\"index, follow, max-snippet:-1, max-image-preview:large, max-video-preview:-1\" \/>\n<link rel=\"canonical\" href=\"https:\/\/www.jobxion.com\/pl\/csr\/\" \/>\n<meta property=\"og:locale\" content=\"pl_PL\" \/>\n<meta property=\"og:type\" content=\"article\" \/>\n<meta property=\"og:title\" content=\"Spo\u0142eczna odpowiedzialno\u015b\u0107 biznesu (CSR) | Jobxion\" \/>\n<meta property=\"og:description\" content=\"Spo\u0142eczna odpowiedzialno\u015b\u0107 biznesu nie mo\u017ce by\u0107 ju\u017c tylko refleksj\u0105 firmy; musi by\u0107 odzwierciedlona we wszystkich obszarach dzia\u0142alno\u015bci.\" \/>\n<meta property=\"og:url\" content=\"https:\/\/www.jobxion.com\/pl\/csr\/\" \/>\n<meta property=\"og:site_name\" content=\"Jobxion\" \/>\n<meta property=\"article:publisher\" content=\"https:\/\/www.facebook.com\/JobXion\" \/>\n<meta property=\"article:modified_time\" content=\"2024-01-26T10:17:36+00:00\" \/>\n<script type=\"application\/ld+json\" class=\"yoast-schema-graph\">{\"@context\":\"https:\/\/schema.org\",\"@graph\":[{\"@type\":\"WebPage\",\"@id\":\"https:\/\/www.jobxion.com\/pl\/csr\/\",\"url\":\"https:\/\/www.jobxion.com\/pl\/csr\/\",\"name\":\"Spo\u0142eczna odpowiedzialno\u015b\u0107 biznesu (CSR) | Jobxion\",\"isPartOf\":{\"@id\":\"https:\/\/www.jobxion.com\/pl\/#website\"},\"datePublished\":\"2022-10-04T12:18:11+00:00\",\"dateModified\":\"2024-01-26T10:17:36+00:00\",\"description\":\"Spo\u0142eczna odpowiedzialno\u015b\u0107 biznesu nie mo\u017ce by\u0107 ju\u017c tylko refleksj\u0105 firmy; musi by\u0107 odzwierciedlona we wszystkich obszarach dzia\u0142alno\u015bci.\",\"inLanguage\":\"pl-PL\",\"potentialAction\":[{\"@type\":\"ReadAction\",\"target\":[\"https:\/\/www.jobxion.com\/pl\/csr\/\"]}]},{\"@type\":\"WebSite\",\"@id\":\"https:\/\/www.jobxion.com\/pl\/#website\",\"url\":\"https:\/\/www.jobxion.com\/pl\/\",\"name\":\"Jobxion\",\"description\":\"Jobxion\",\"publisher\":{\"@id\":\"https:\/\/www.jobxion.com\/pl\/#organization\"},\"potentialAction\":[{\"@type\":\"SearchAction\",\"target\":{\"@type\":\"EntryPoint\",\"urlTemplate\":\"https:\/\/www.jobxion.com\/pl\/?s={search_term_string}\"},\"query-input\":{\"@type\":\"PropertyValueSpecification\",\"valueRequired\":true,\"valueName\":\"search_term_string\"}}],\"inLanguage\":\"pl-PL\"},{\"@type\":\"Organization\",\"@id\":\"https:\/\/www.jobxion.com\/pl\/#organization\",\"name\":\"Jobxion\",\"url\":\"https:\/\/www.jobxion.com\/pl\/\",\"logo\":{\"@type\":\"ImageObject\",\"inLanguage\":\"pl-PL\",\"@id\":\"https:\/\/www.jobxion.com\/pl\/#\/schema\/logo\/image\/\",\"url\":\"https:\/\/www.jobxion.com\/wp-content\/uploads\/2022\/09\/Jobxion-website-e1671193791246.png\",\"contentUrl\":\"https:\/\/www.jobxion.com\/wp-content\/uploads\/2022\/09\/Jobxion-website-e1671193791246.png\",\"width\":150,\"height\":36,\"caption\":\"Jobxion\"},\"image\":{\"@id\":\"https:\/\/www.jobxion.com\/pl\/#\/schema\/logo\/image\/\"},\"sameAs\":[\"https:\/\/www.facebook.com\/JobXion\"]}]}<\/script>\n<!-- \/ Yoast SEO Premium plugin. -->","yoast_head_json":{"title":"Spo\u0142eczna odpowiedzialno\u015b\u0107 biznesu (CSR) | Jobxion","description":"Spo\u0142eczna odpowiedzialno\u015b\u0107 biznesu nie mo\u017ce by\u0107 ju\u017c tylko refleksj\u0105 firmy; musi by\u0107 odzwierciedlona we wszystkich obszarach dzia\u0142alno\u015bci.","robots":{"index":"index","follow":"follow","max-snippet":"max-snippet:-1","max-image-preview":"max-image-preview:large","max-video-preview":"max-video-preview:-1"},"canonical":"https:\/\/www.jobxion.com\/pl\/csr\/","og_locale":"pl_PL","og_type":"article","og_title":"Spo\u0142eczna odpowiedzialno\u015b\u0107 biznesu (CSR) | Jobxion","og_description":"Spo\u0142eczna odpowiedzialno\u015b\u0107 biznesu nie mo\u017ce by\u0107 ju\u017c tylko refleksj\u0105 firmy; musi by\u0107 odzwierciedlona we wszystkich obszarach dzia\u0142alno\u015bci.","og_url":"https:\/\/www.jobxion.com\/pl\/csr\/","og_site_name":"Jobxion","article_publisher":"https:\/\/www.facebook.com\/JobXion","article_modified_time":"2024-01-26T10:17:36+00:00","schema":{"@context":"https:\/\/schema.org","@graph":[{"@type":"WebPage","@id":"https:\/\/www.jobxion.com\/pl\/csr\/","url":"https:\/\/www.jobxion.com\/pl\/csr\/","name":"Spo\u0142eczna odpowiedzialno\u015b\u0107 biznesu (CSR) | Jobxion","isPartOf":{"@id":"https:\/\/www.jobxion.com\/pl\/#website"},"datePublished":"2022-10-04T12:18:11+00:00","dateModified":"2024-01-26T10:17:36+00:00","description":"Spo\u0142eczna odpowiedzialno\u015b\u0107 biznesu nie mo\u017ce by\u0107 ju\u017c tylko refleksj\u0105 firmy; musi by\u0107 odzwierciedlona we wszystkich obszarach dzia\u0142alno\u015bci.","inLanguage":"pl-PL","potentialAction":[{"@type":"ReadAction","target":["https:\/\/www.jobxion.com\/pl\/csr\/"]}]},{"@type":"WebSite","@id":"https:\/\/www.jobxion.com\/pl\/#website","url":"https:\/\/www.jobxion.com\/pl\/","name":"Jobxion","description":"Jobxion","publisher":{"@id":"https:\/\/www.jobxion.com\/pl\/#organization"},"potentialAction":[{"@type":"SearchAction","target":{"@type":"EntryPoint","urlTemplate":"https:\/\/www.jobxion.com\/pl\/?s={search_term_string}"},"query-input":{"@type":"PropertyValueSpecification","valueRequired":true,"valueName":"search_term_string"}}],"inLanguage":"pl-PL"},{"@type":"Organization","@id":"https:\/\/www.jobxion.com\/pl\/#organization","name":"Jobxion","url":"https:\/\/www.jobxion.com\/pl\/","logo":{"@type":"ImageObject","inLanguage":"pl-PL","@id":"https:\/\/www.jobxion.com\/pl\/#\/schema\/logo\/image\/","url":"https:\/\/www.jobxion.com\/wp-content\/uploads\/2022\/09\/Jobxion-website-e1671193791246.png","contentUrl":"https:\/\/www.jobxion.com\/wp-content\/uploads\/2022\/09\/Jobxion-website-e1671193791246.png","width":150,"height":36,"caption":"Jobxion"},"image":{"@id":"https:\/\/www.jobxion.com\/pl\/#\/schema\/logo\/image\/"},"sameAs":["https:\/\/www.facebook.com\/JobXion"]}]}},"_links":{"self":[{"href":"https:\/\/www.jobxion.com\/pl\/wp-json\/wp\/v2\/pages\/12568","targetHints":{"allow":["GET"]}}],"collection":[{"href":"https:\/\/www.jobxion.com\/pl\/wp-json\/wp\/v2\/pages"}],"about":[{"href":"https:\/\/www.jobxion.com\/pl\/wp-json\/wp\/v2\/types\/page"}],"author":[{"embeddable":true,"href":"https:\/\/www.jobxion.com\/pl\/wp-json\/wp\/v2\/users\/2"}],"replies":[{"embeddable":true,"href":"https:\/\/www.jobxion.com\/pl\/wp-json\/wp\/v2\/comments?post=12568"}],"version-history":[{"count":0,"href":"https:\/\/www.jobxion.com\/pl\/wp-json\/wp\/v2\/pages\/12568\/revisions"}],"wp:attachment":[{"href":"https:\/\/www.jobxion.com\/pl\/wp-json\/wp\/v2\/media?parent=12568"}],"curies":[{"name":"wp","href":"https:\/\/api.w.org\/{rel}","templated":true}]}}