{"id":12596,"date":"2022-10-28T10:10:22","date_gmt":"2022-10-28T08:10:22","guid":{"rendered":"https:\/\/www.jobxion.com\/wylaczenie-odpowiedzialnosci\/"},"modified":"2024-01-26T11:57:43","modified_gmt":"2024-01-26T10:57:43","slug":"wylaczenie-odpowiedzialnosci","status":"publish","type":"page","link":"https:\/\/www.jobxion.com\/pl\/wylaczenie-odpowiedzialnosci\/","title":{"rendered":"Wy\u0142\u0105czenie odpowiedzialno\u015bci"},"content":{"rendered":"\t\t<div data-elementor-type=\"wp-page\" data-elementor-id=\"12596\" class=\"elementor elementor-12596 elementor-1829\" data-elementor-post-type=\"page\">\n\t\t\t\t<div class=\"elementor-element elementor-element-606dfd7 e-con-full e-flex e-con e-parent\" data-id=\"606dfd7\" data-element_type=\"container\" data-e-type=\"container\" data-settings=\"{&quot;background_background&quot;:&quot;classic&quot;}\">\n\t\t<div class=\"elementor-element elementor-element-b773970 e-con-full e-flex e-con e-child\" data-id=\"b773970\" data-element_type=\"container\" data-e-type=\"container\">\n\t\t\t\t<\/div>\n\t\t\t\t<\/div>\n\t\t<div class=\"elementor-element elementor-element-c9b851c e-flex e-con-boxed e-con e-parent\" data-id=\"c9b851c\" data-element_type=\"container\" data-e-type=\"container\" data-settings=\"{&quot;background_background&quot;:&quot;classic&quot;}\">\n\t\t\t\t\t<div class=\"e-con-inner\">\n\t\t<div class=\"elementor-element elementor-element-34ab156 e-con-full e-flex e-con e-child\" data-id=\"34ab156\" data-element_type=\"container\" data-e-type=\"container\" data-settings=\"{&quot;background_background&quot;:&quot;classic&quot;}\">\n\t\t\t\t<div class=\"elementor-element elementor-element-1864a9c elementor-widget elementor-widget-heading\" data-id=\"1864a9c\" data-element_type=\"widget\" data-e-type=\"widget\" data-widget_type=\"heading.default\">\n\t\t\t\t<div class=\"elementor-widget-container\">\n\t\t\t\t\t<h1 class=\"elementor-heading-title elementor-size-default\">Zastrze\u017cenie Jobxion<\/h1>\t\t\t\t<\/div>\n\t\t\t\t<\/div>\n\t\t\t\t<div class=\"elementor-element elementor-element-a068fd1 elementor-widget elementor-widget-text-editor\" data-id=\"a068fd1\" data-element_type=\"widget\" data-e-type=\"widget\" data-widget_type=\"text-editor.default\">\n\t\t\t\t<div class=\"elementor-widget-container\">\n\t\t\t\t\t\t\t\t\t<p>Warunki niniejszego wy\u0142\u0105czenia odpowiedzialno\u015bci maj\u0105 zastosowanie do niniejszej strony internetowej Jobxion.pl. Odwiedzaj\u0105c niniejsz\u0105 witryn\u0119 i\/lub korzystaj\u0105c z informacji na niej lub za jej po\u015brednictwem, u\u017cytkownik wyra\u017ca zgod\u0119 na zastosowanie niniejszego zastrze\u017cenia. W przypadku sprzeczno\u015bci mi\u0119dzy warunkami konkretnych produkt\u00f3w i us\u0142ug zam\u00f3wionych za po\u015brednictwem tej strony internetowej a niniejszym zastrze\u017ceniem, warunki tych produkt\u00f3w i us\u0142ug maj\u0105 pierwsze\u0144stwo. <\/p>\n\t\t\t\t\t\t\t\t<\/div>\n\t\t\t\t<\/div>\n\t\t\t\t<div class=\"elementor-element elementor-element-bf802c0 elementor-widget elementor-widget-text-editor\" data-id=\"bf802c0\" data-element_type=\"widget\" data-e-type=\"widget\" data-widget_type=\"text-editor.default\">\n\t\t\t\t<div class=\"elementor-widget-container\">\n\t\t\t\t\t\t\t\t\t<h2 class=\"mb-0\">Korzystanie ze strony internetowej Jobxion\u00a0<\/h2><p>Informacje zawarte na tej stronie s\u0142u\u017c\u0105 wy\u0142\u0105cznie celom informacyjnym. Z informacji zawartych na tej stronie nie mo\u017cna wywodzi\u0107 \u017cadnych praw. Chocia\u017c Jobxion dok\u0142ada wszelkich stara\u0144, aby opracowa\u0107 i utrzymywa\u0107 t\u0119 stron\u0119 internetow\u0105 i korzysta przy tym ze \u017ar\u00f3de\u0142, kt\u00f3re s\u0105 uwa\u017cane za wiarygodne, Jobxion nie mo\u017ce zagwarantowa\u0107 dok\u0142adno\u015bci, kompletno\u015bci i aktualno\u015bci dostarczonych informacji. Jobxion nie gwarantuje r\u00f3wnie\u017c, \u017ce strona b\u0119dzie dzia\u0142a\u0107 bez b\u0142\u0119d\u00f3w lub przerw. Jobxion wyra\u017anie odrzuca wszelk\u0105 odpowiedzialno\u015b\u0107 w odniesieniu do poprawno\u015bci, kompletno\u015bci, aktualno\u015bci dostarczonych informacji i (niezak\u0142\u00f3conego) korzystania z tej strony internetowej.<\/p><h2 class=\"mb-0\">Informacje, produkty i us\u0142ugi stron trzecich<\/h2><p>Je\u015bli Jobxion wy\u015bwietla linki do stron internetowych os\u00f3b trzecich, nie oznacza to, \u017ce produkty lub us\u0142ugi oferowane na tych stronach lub za ich po\u015brednictwem s\u0105 zalecane przez Jobxion. Jobxion nie ponosi \u017cadnej odpowiedzialno\u015bci za tre\u015b\u0107, wykorzystanie lub dost\u0119pno\u015b\u0107 stron internetowych, do kt\u00f3rych \u0142\u0105cza znajduj\u0105 si\u0119 na tej stronie. U\u017cytkownik korzysta z takich \u0142\u0105czy na w\u0142asne ryzyko. Informacje na tych stronach nie zosta\u0142y poddane dalszej ocenie przez Jobxion pod k\u0105tem dok\u0142adno\u015bci, zasadno\u015bci, aktualno\u015bci lub kompletno\u015bci.<\/p><h3 class=\"mb-0\">Korzystanie z informacji<\/h3><p>Jobxion zastrzega sobie wszelkie prawa w\u0142asno\u015bci intelektualnej i inne prawa w odniesieniu do wszystkich informacji udost\u0119pnianych na tej stronie lub za jej po\u015brednictwem (w tym wszystkich tekst\u00f3w, materia\u0142\u00f3w graficznych i logo). Niedozwolone jest kopiowanie, pobieranie lub w jakikolwiek spos\u00f3b publikowanie, rozpowszechnianie lub powielanie informacji zawartych na tej stronie bez uprzedniej pisemnej zgody Jobxion lub prawowitej zgody w\u0142a\u015bciciela. U\u017cytkownik mo\u017ce jednak drukowa\u0107 i\/lub pobiera\u0107 informacje zamieszczone na tej stronie na w\u0142asny u\u017cytek.<\/p><h3 class=\"mb-0\">Zmiany<\/h3><p>Jobxion zastrzega sobie prawo do zmiany informacji dostarczanych na tej stronie lub za jej po\u015brednictwem, w tym tekstu niniejszego wy\u0142\u0105czenia odpowiedzialno\u015bci, w dowolnym momencie bez dalszego powiadomienia. Zaleca si\u0119 okresowe sprawdzanie, czy informacje udost\u0119pniane na tej stronie internetowej lub za jej po\u015brednictwem, w tym tekst niniejszego zastrze\u017cenia, uleg\u0142y zmianie.<\/p><h3 class=\"mb-0\">Prawo w\u0142a\u015bciwe<\/h3><p>Niniejsza strona internetowa i wy\u0142\u0105czenie odpowiedzialno\u015bci podlegaj\u0105 prawu holenderskiemu. Wszelkie spory wynikaj\u0105ce z niniejszego wy\u0142\u0105czenia odpowiedzialno\u015bci lub z nim zwi\u0105zane b\u0119d\u0105 rozstrzygane wy\u0142\u0105cznie przez w\u0142a\u015bciwy s\u0105d w Holandii.<\/p><h4 class=\"mb-0\">Kontakt z Jobxion.<\/h4><p>Masz pytanie dotycz\u0105ce naszego wy\u0142\u0105czenia odpowiedzialno\u015bci? <a href=\"\/pl\/kontakt\/\">Skontaktuj si\u0119<\/a> z nami.<\/p>\t\t\t\t\t\t\t\t<\/div>\n\t\t\t\t<\/div>\n\t\t\t\t<\/div>\n\t\t\t\t\t<\/div>\n\t\t\t\t<\/div>\n\t\t\t\t<\/div>\n\t\t","protected":false},"excerpt":{"rendered":"<p>Zastrze\u017cenie Jobxion Warunki niniejszego wy\u0142\u0105czenia odpowiedzialno\u015bci maj\u0105 zastosowanie do niniejszej strony internetowej Jobxion.pl. Odwiedzaj\u0105c niniejsz\u0105 witryn\u0119 i\/lub korzystaj\u0105c z informacji na niej lub za jej po\u015brednictwem, u\u017cytkownik wyra\u017ca zgod\u0119 na zastosowanie niniejszego zastrze\u017cenia. W przypadku sprzeczno\u015bci mi\u0119dzy warunkami konkretnych produkt\u00f3w i us\u0142ug zam\u00f3wionych za po\u015brednictwem tej strony internetowej a niniejszym zastrze\u017ceniem, warunki tych produkt\u00f3w i [&hellip;]<\/p>\n","protected":false},"author":2,"featured_media":0,"parent":0,"menu_order":0,"comment_status":"closed","ping_status":"closed","template":"","meta":{"_acf_changed":false,"site-sidebar-layout":"no-sidebar","site-content-layout":"page-builder","ast-site-content-layout":"full-width-container","site-content-style":"unboxed","site-sidebar-style":"unboxed","ast-global-header-display":"","ast-banner-title-visibility":"","ast-main-header-display":"","ast-hfb-above-header-display":"","ast-hfb-below-header-display":"","ast-hfb-mobile-header-display":"","site-post-title":"disabled","ast-breadcrumbs-content":"","ast-featured-img":"disabled","footer-sml-layout":"","ast-disable-related-posts":"","theme-transparent-header-meta":"","adv-header-id-meta":"","stick-header-meta":"","header-above-stick-meta":"","header-main-stick-meta":"","header-below-stick-meta":"","astra-migrate-meta-layouts":"default","ast-page-background-enabled":"default","ast-page-background-meta":{"desktop":{"background-color":"var(--ast-global-color-4)","background-image":"","background-repeat":"repeat","background-position":"center center","background-size":"auto","background-attachment":"scroll","background-type":"","background-media":"","overlay-type":"","overlay-color":"","overlay-opacity":"","overlay-gradient":""},"tablet":{"background-color":"","background-image":"","background-repeat":"repeat","background-position":"center center","background-size":"auto","background-attachment":"scroll","background-type":"","background-media":"","overlay-type":"","overlay-color":"","overlay-opacity":"","overlay-gradient":""},"mobile":{"background-color":"","background-image":"","background-repeat":"repeat","background-position":"center center","background-size":"auto","background-attachment":"scroll","background-type":"","background-media":"","overlay-type":"","overlay-color":"","overlay-opacity":"","overlay-gradient":""}},"ast-content-background-meta":{"desktop":{"background-color":"var(--ast-global-color-5)","background-image":"","background-repeat":"repeat","background-position":"center center","background-size":"auto","background-attachment":"scroll","background-type":"","background-media":"","overlay-type":"","overlay-color":"","overlay-opacity":"","overlay-gradient":""},"tablet":{"background-color":"var(--ast-global-color-5)","background-image":"","background-repeat":"repeat","background-position":"center center","background-size":"auto","background-attachment":"scroll","background-type":"","background-media":"","overlay-type":"","overlay-color":"","overlay-opacity":"","overlay-gradient":""},"mobile":{"background-color":"var(--ast-global-color-5)","background-image":"","background-repeat":"repeat","background-position":"center center","background-size":"auto","background-attachment":"scroll","background-type":"","background-media":"","overlay-type":"","overlay-color":"","overlay-opacity":"","overlay-gradient":""}},"footnotes":""},"class_list":["post-12596","page","type-page","status-publish","hentry"],"acf":[],"yoast_head":"<!-- This site is optimized with the Yoast SEO Premium plugin v27.5 (Yoast SEO v27.5) - https:\/\/yoast.com\/product\/yoast-seo-premium-wordpress\/ -->\n<title>Wy\u0142\u0105czenie odpowiedzialno\u015bci od Jobxion<\/title>\n<meta name=\"description\" content=\"Przeczytaj wy\u0142\u0105czenie odpowiedzialno\u015bci Jobxion Vakmensen B.V. Czy po przeczytaniu naszego zastrze\u017cenia nadal masz pytania? Skontaktuj si\u0119 z nami, ch\u0119tnie Ci pomo\u017cemy.\" \/>\n<meta name=\"robots\" content=\"index, follow, max-snippet:-1, max-image-preview:large, max-video-preview:-1\" \/>\n<link rel=\"canonical\" href=\"https:\/\/www.jobxion.com\/pl\/wylaczenie-odpowiedzialnosci\/\" \/>\n<meta property=\"og:locale\" content=\"pl_PL\" \/>\n<meta property=\"og:type\" content=\"article\" \/>\n<meta property=\"og:title\" content=\"Wy\u0142\u0105czenie odpowiedzialno\u015bci od Jobxion\" \/>\n<meta property=\"og:description\" content=\"Przeczytaj wy\u0142\u0105czenie odpowiedzialno\u015bci Jobxion Vakmensen B.V. Czy po przeczytaniu naszego zastrze\u017cenia nadal masz pytania? Skontaktuj si\u0119 z nami, ch\u0119tnie Ci pomo\u017cemy.\" \/>\n<meta property=\"og:url\" content=\"https:\/\/www.jobxion.com\/pl\/wylaczenie-odpowiedzialnosci\/\" \/>\n<meta property=\"og:site_name\" content=\"Jobxion\" \/>\n<meta property=\"article:publisher\" content=\"https:\/\/www.facebook.com\/JobXion\" \/>\n<meta property=\"article:modified_time\" content=\"2024-01-26T10:57:43+00:00\" \/>\n<script type=\"application\/ld+json\" class=\"yoast-schema-graph\">{\"@context\":\"https:\\\/\\\/schema.org\",\"@graph\":[{\"@type\":\"WebPage\",\"@id\":\"https:\\\/\\\/www.jobxion.com\\\/pl\\\/wylaczenie-odpowiedzialnosci\\\/\",\"url\":\"https:\\\/\\\/www.jobxion.com\\\/pl\\\/wylaczenie-odpowiedzialnosci\\\/\",\"name\":\"Wy\u0142\u0105czenie odpowiedzialno\u015bci od Jobxion\",\"isPartOf\":{\"@id\":\"https:\\\/\\\/www.jobxion.com\\\/pl\\\/#website\"},\"datePublished\":\"2022-10-28T08:10:22+00:00\",\"dateModified\":\"2024-01-26T10:57:43+00:00\",\"description\":\"Przeczytaj wy\u0142\u0105czenie odpowiedzialno\u015bci Jobxion Vakmensen B.V. Czy po przeczytaniu naszego zastrze\u017cenia nadal masz pytania? Skontaktuj si\u0119 z nami, ch\u0119tnie Ci pomo\u017cemy.\",\"inLanguage\":\"pl-PL\",\"potentialAction\":[{\"@type\":\"ReadAction\",\"target\":[\"https:\\\/\\\/www.jobxion.com\\\/pl\\\/wylaczenie-odpowiedzialnosci\\\/\"]}]},{\"@type\":\"WebSite\",\"@id\":\"https:\\\/\\\/www.jobxion.com\\\/pl\\\/#website\",\"url\":\"https:\\\/\\\/www.jobxion.com\\\/pl\\\/\",\"name\":\"Jobxion\",\"description\":\"Jobxion\",\"publisher\":{\"@id\":\"https:\\\/\\\/www.jobxion.com\\\/pl\\\/#organization\"},\"potentialAction\":[{\"@type\":\"SearchAction\",\"target\":{\"@type\":\"EntryPoint\",\"urlTemplate\":\"https:\\\/\\\/www.jobxion.com\\\/pl\\\/?s={search_term_string}\"},\"query-input\":{\"@type\":\"PropertyValueSpecification\",\"valueRequired\":true,\"valueName\":\"search_term_string\"}}],\"inLanguage\":\"pl-PL\"},{\"@type\":\"Organization\",\"@id\":\"https:\\\/\\\/www.jobxion.com\\\/pl\\\/#organization\",\"name\":\"Jobxion\",\"url\":\"https:\\\/\\\/www.jobxion.com\\\/pl\\\/\",\"logo\":{\"@type\":\"ImageObject\",\"inLanguage\":\"pl-PL\",\"@id\":\"https:\\\/\\\/www.jobxion.com\\\/pl\\\/#\\\/schema\\\/logo\\\/image\\\/\",\"url\":\"https:\\\/\\\/www.jobxion.com\\\/wp-content\\\/uploads\\\/2022\\\/09\\\/Jobxion-website-e1671193791246.png\",\"contentUrl\":\"https:\\\/\\\/www.jobxion.com\\\/wp-content\\\/uploads\\\/2022\\\/09\\\/Jobxion-website-e1671193791246.png\",\"width\":150,\"height\":36,\"caption\":\"Jobxion\"},\"image\":{\"@id\":\"https:\\\/\\\/www.jobxion.com\\\/pl\\\/#\\\/schema\\\/logo\\\/image\\\/\"},\"sameAs\":[\"https:\\\/\\\/www.facebook.com\\\/JobXion\"]}]}<\/script>\n<!-- \/ Yoast SEO Premium plugin. -->","yoast_head_json":{"title":"Wy\u0142\u0105czenie odpowiedzialno\u015bci od Jobxion","description":"Przeczytaj wy\u0142\u0105czenie odpowiedzialno\u015bci Jobxion Vakmensen B.V. Czy po przeczytaniu naszego zastrze\u017cenia nadal masz pytania? Skontaktuj si\u0119 z nami, ch\u0119tnie Ci pomo\u017cemy.","robots":{"index":"index","follow":"follow","max-snippet":"max-snippet:-1","max-image-preview":"max-image-preview:large","max-video-preview":"max-video-preview:-1"},"canonical":"https:\/\/www.jobxion.com\/pl\/wylaczenie-odpowiedzialnosci\/","og_locale":"pl_PL","og_type":"article","og_title":"Wy\u0142\u0105czenie odpowiedzialno\u015bci od Jobxion","og_description":"Przeczytaj wy\u0142\u0105czenie odpowiedzialno\u015bci Jobxion Vakmensen B.V. Czy po przeczytaniu naszego zastrze\u017cenia nadal masz pytania? Skontaktuj si\u0119 z nami, ch\u0119tnie Ci pomo\u017cemy.","og_url":"https:\/\/www.jobxion.com\/pl\/wylaczenie-odpowiedzialnosci\/","og_site_name":"Jobxion","article_publisher":"https:\/\/www.facebook.com\/JobXion","article_modified_time":"2024-01-26T10:57:43+00:00","schema":{"@context":"https:\/\/schema.org","@graph":[{"@type":"WebPage","@id":"https:\/\/www.jobxion.com\/pl\/wylaczenie-odpowiedzialnosci\/","url":"https:\/\/www.jobxion.com\/pl\/wylaczenie-odpowiedzialnosci\/","name":"Wy\u0142\u0105czenie odpowiedzialno\u015bci od Jobxion","isPartOf":{"@id":"https:\/\/www.jobxion.com\/pl\/#website"},"datePublished":"2022-10-28T08:10:22+00:00","dateModified":"2024-01-26T10:57:43+00:00","description":"Przeczytaj wy\u0142\u0105czenie odpowiedzialno\u015bci Jobxion Vakmensen B.V. Czy po przeczytaniu naszego zastrze\u017cenia nadal masz pytania? Skontaktuj si\u0119 z nami, ch\u0119tnie Ci pomo\u017cemy.","inLanguage":"pl-PL","potentialAction":[{"@type":"ReadAction","target":["https:\/\/www.jobxion.com\/pl\/wylaczenie-odpowiedzialnosci\/"]}]},{"@type":"WebSite","@id":"https:\/\/www.jobxion.com\/pl\/#website","url":"https:\/\/www.jobxion.com\/pl\/","name":"Jobxion","description":"Jobxion","publisher":{"@id":"https:\/\/www.jobxion.com\/pl\/#organization"},"potentialAction":[{"@type":"SearchAction","target":{"@type":"EntryPoint","urlTemplate":"https:\/\/www.jobxion.com\/pl\/?s={search_term_string}"},"query-input":{"@type":"PropertyValueSpecification","valueRequired":true,"valueName":"search_term_string"}}],"inLanguage":"pl-PL"},{"@type":"Organization","@id":"https:\/\/www.jobxion.com\/pl\/#organization","name":"Jobxion","url":"https:\/\/www.jobxion.com\/pl\/","logo":{"@type":"ImageObject","inLanguage":"pl-PL","@id":"https:\/\/www.jobxion.com\/pl\/#\/schema\/logo\/image\/","url":"https:\/\/www.jobxion.com\/wp-content\/uploads\/2022\/09\/Jobxion-website-e1671193791246.png","contentUrl":"https:\/\/www.jobxion.com\/wp-content\/uploads\/2022\/09\/Jobxion-website-e1671193791246.png","width":150,"height":36,"caption":"Jobxion"},"image":{"@id":"https:\/\/www.jobxion.com\/pl\/#\/schema\/logo\/image\/"},"sameAs":["https:\/\/www.facebook.com\/JobXion"]}]}},"_links":{"self":[{"href":"https:\/\/www.jobxion.com\/pl\/wp-json\/wp\/v2\/pages\/12596","targetHints":{"allow":["GET"]}}],"collection":[{"href":"https:\/\/www.jobxion.com\/pl\/wp-json\/wp\/v2\/pages"}],"about":[{"href":"https:\/\/www.jobxion.com\/pl\/wp-json\/wp\/v2\/types\/page"}],"author":[{"embeddable":true,"href":"https:\/\/www.jobxion.com\/pl\/wp-json\/wp\/v2\/users\/2"}],"replies":[{"embeddable":true,"href":"https:\/\/www.jobxion.com\/pl\/wp-json\/wp\/v2\/comments?post=12596"}],"version-history":[{"count":0,"href":"https:\/\/www.jobxion.com\/pl\/wp-json\/wp\/v2\/pages\/12596\/revisions"}],"wp:attachment":[{"href":"https:\/\/www.jobxion.com\/pl\/wp-json\/wp\/v2\/media?parent=12596"}],"curies":[{"name":"wp","href":"https:\/\/api.w.org\/{rel}","templated":true}]}}