{"id":12600,"date":"2022-10-28T09:49:00","date_gmt":"2022-10-28T07:49:00","guid":{"rendered":"https:\/\/www.jobxion.com\/zatrudnienie\/niezalezny\/"},"modified":"2025-02-04T10:10:10","modified_gmt":"2025-02-04T09:10:10","slug":"niezalezny","status":"publish","type":"page","link":"https:\/\/www.jobxion.com\/pl\/zatrudnienie\/niezalezny\/","title":{"rendered":"Niezale\u017cny"},"content":{"rendered":"\t\t<div data-elementor-type=\"wp-page\" data-elementor-id=\"12600\" class=\"elementor elementor-12600 elementor-1768\" data-elementor-post-type=\"page\">\n\t\t\t\t<div class=\"elementor-element elementor-element-0014cc6 e-flex e-con-boxed e-con e-parent\" data-id=\"0014cc6\" data-element_type=\"container\" data-e-type=\"container\" data-settings=\"{&quot;background_background&quot;:&quot;gradient&quot;}\">\n\t\t\t\t\t<div class=\"e-con-inner\">\n\t\t<div class=\"elementor-element elementor-element-559970c e-con-full e-flex e-con e-child\" data-id=\"559970c\" data-element_type=\"container\" data-e-type=\"container\" data-settings=\"{&quot;background_background&quot;:&quot;classic&quot;}\">\n\t\t<div class=\"elementor-element elementor-element-abcfe1f e-con-full e-flex e-con e-child\" data-id=\"abcfe1f\" data-element_type=\"container\" data-e-type=\"container\">\n\t\t<div class=\"elementor-element elementor-element-6939412 e-con-full e-flex e-con e-child\" data-id=\"6939412\" data-element_type=\"container\" data-e-type=\"container\">\n\t\t\t\t<div class=\"elementor-element elementor-element-2a5a5dd elementor-widget elementor-widget-heading\" data-id=\"2a5a5dd\" data-element_type=\"widget\" data-e-type=\"widget\" data-widget_type=\"heading.default\">\n\t\t\t\t<div class=\"elementor-widget-container\">\n\t\t\t\t\t<h1 class=\"elementor-heading-title elementor-size-default\">Praca jako Freelancer z Jobxion \u2013 Korzy\u015bci i Zalety<\/h1>\t\t\t\t<\/div>\n\t\t\t\t<\/div>\n\t\t\t\t<div class=\"elementor-element elementor-element-154d14a elementor-widget elementor-widget-heading\" data-id=\"154d14a\" data-element_type=\"widget\" data-e-type=\"widget\" data-widget_type=\"heading.default\">\n\t\t\t\t<div class=\"elementor-widget-container\">\n\t\t\t\t\t<h2 class=\"elementor-heading-title elementor-size-default\">Tak wygl\u0105da praca freelancera w Jobxion<\/h2>\t\t\t\t<\/div>\n\t\t\t\t<\/div>\n\t\t\t\t<\/div>\n\t\t\t\t<\/div>\n\t\t\t\t<\/div>\n\t\t\t\t\t<\/div>\n\t\t\t\t<\/div>\n\t\t<div class=\"elementor-element elementor-element-8cd2cd9 e-flex e-con-boxed e-con e-parent\" data-id=\"8cd2cd9\" data-element_type=\"container\" data-e-type=\"container\">\n\t\t\t\t\t<div class=\"e-con-inner\">\n\t\t<div class=\"elementor-element elementor-element-0cb8956 e-con-full e-flex e-con e-child\" data-id=\"0cb8956\" data-element_type=\"container\" data-e-type=\"container\">\n\t\t\t\t<div class=\"elementor-element elementor-element-e434060 elementor-widget elementor-widget-text-editor\" data-id=\"e434060\" data-element_type=\"widget\" data-e-type=\"widget\" data-widget_type=\"text-editor.default\">\n\t\t\t\t<div class=\"elementor-widget-container\">\n\t\t\t\t\t\t\t\t\t<p>Je\u015bli jeste\u015b freelancerem i chcesz pracowa\u0107 nad projektami z ci\u0105g\u0142o\u015bci\u0105 zatrudnienia, ale bez zb\u0119dnych formalno\u015bci, wsp\u00f3\u0142praca z Jobxion to \u015bwietne rozwi\u0105zanie. Oferujemy model pracy na kontrakcie, kt\u00f3ry \u0142\u0105czy elastyczno\u015b\u0107 samozatrudnienia z bezpiecze\u0144stwem d\u0142ugoterminowej wsp\u00f3\u0142pracy.<\/p>\t\t\t\t\t\t\t\t<\/div>\n\t\t\t\t<\/div>\n\t\t\t\t<div class=\"elementor-element elementor-element-fa43cbe elementor-widget elementor-widget-heading\" data-id=\"fa43cbe\" data-element_type=\"widget\" data-e-type=\"widget\" data-widget_type=\"heading.default\">\n\t\t\t\t<div class=\"elementor-widget-container\">\n\t\t\t\t\t<h2 class=\"elementor-heading-title elementor-size-default\">Zalety pracy na kontrakcie przez Jobxion:<\/h2>\t\t\t\t<\/div>\n\t\t\t\t<\/div>\n\t\t\t\t<div class=\"elementor-element elementor-element-a7522b7 elementor-widget elementor-widget-text-editor\" data-id=\"a7522b7\" data-element_type=\"widget\" data-e-type=\"widget\" data-widget_type=\"text-editor.default\">\n\t\t\t\t<div class=\"elementor-widget-container\">\n\t\t\t\t\t\t\t\t\t<ul><li><strong>Sta\u0142y dop\u0142yw zlece\u0144<\/strong> \u2013 Nie musisz martwi\u0107 si\u0119 o szukanie klient\u00f3w. Jobxion zapewnia Ci dost\u0119p do projekt\u00f3w, dzi\u0119ki czemu masz ci\u0105g\u0142o\u015b\u0107 pracy.<\/li><li><strong>Brak formalno\u015bci administracyjnych<\/strong> \u2013 My zajmujemy si\u0119 fakturowaniem, rozliczeniami i innymi kwestiami biurokratycznymi, aby\u015b m\u00f3g\u0142 skupi\u0107 si\u0119 na pracy.<\/li><li><strong>Elastyczno\u015b\u0107 w wyborze projekt\u00f3w<\/strong> \u2013 Mo\u017cesz wybiera\u0107 projekty zgodnie ze swoimi umiej\u0119tno\u015bciami i preferencjami, co daje wi\u0119ksz\u0105 kontrol\u0119 nad swoj\u0105 \u015bcie\u017ck\u0105 kariery.<\/li><li><strong>Terminowe p\u0142atno\u015bci<\/strong> \u2013 Nie musisz obawia\u0107 si\u0119 o op\u00f3\u017anienia w wyp\u0142atach \u2013 gwarantujemy przejrzyste i terminowe rozliczenia.<\/li><li><strong>Bezpiecze\u0144stwo i wsparcie<\/strong> \u2013 Otrzymujesz wsparcie w zakresie ubezpiecze\u0144, kontrakt\u00f3w i doradztwa prawnego, co minimalizuje ryzyko zwi\u0105zane z samozatrudnieniem.<\/li><li><strong>Rozw\u00f3j zawodowy<\/strong> \u2013 Mo\u017cesz zdobywa\u0107 do\u015bwiadczenie, uczestnicz\u0105c w r\u00f3\u017cnych projektach i rozwijaj\u0105c swoje umiej\u0119tno\u015bci w dynamicznym \u015brodowisku.<\/li><\/ul>\t\t\t\t\t\t\t\t<\/div>\n\t\t\t\t<\/div>\n\t\t\t\t<div class=\"elementor-element elementor-element-1b22ec1 elementor-widget elementor-widget-heading\" data-id=\"1b22ec1\" data-element_type=\"widget\" data-e-type=\"widget\" data-widget_type=\"heading.default\">\n\t\t\t\t<div class=\"elementor-widget-container\">\n\t\t\t\t\t<h4 class=\"elementor-heading-title elementor-size-default\">Kontakt<\/h4>\t\t\t\t<\/div>\n\t\t\t\t<\/div>\n\t\t\t\t<div class=\"elementor-element elementor-element-9df87dd elementor-widget elementor-widget-text-editor\" data-id=\"9df87dd\" data-element_type=\"widget\" data-e-type=\"widget\" data-widget_type=\"text-editor.default\">\n\t\t\t\t<div class=\"elementor-widget-container\">\n\t\t\t\t\t\t\t\t\t<p>Je\u015bli cenisz sobie niezale\u017cno\u015b\u0107, ale chcesz unikn\u0105\u0107 problem\u00f3w zwi\u0105zanych z prowadzeniem w\u0142asnej dzia\u0142alno\u015bci, wsp\u00f3\u0142praca z Jobxion to idealne rozwi\u0105zanie. Pracujesz na w\u0142asnych zasadach, a my dbamy o reszt\u0119!<\/p>\t\t\t\t\t\t\t\t<\/div>\n\t\t\t\t<\/div>\n\t\t\t\t<div class=\"elementor-element elementor-element-d61f12a elementor-widget elementor-widget-text-editor\" data-id=\"d61f12a\" data-element_type=\"widget\" data-e-type=\"widget\" data-widget_type=\"text-editor.default\">\n\t\t\t\t<div class=\"elementor-widget-container\">\n\t\t\t\t\t\t\t\t\t<b><a href=\"\/pl\/zatrudnienie\/oddelegowanie\/\">Oddelegowanie <\/a><\/b>| <b><a href=\"\/pl\/zatrudnienie\/zatrudnienie-tymczasowe\/\">Zatrudnienie tymczasowe<\/a><\/b> | <b><a href=\"\/pl\/zatrudnienie\/wybor-rekrutacji\/\">Rekrutacja i selekcja<\/a><\/b>\t\t\t\t\t\t\t\t<\/div>\n\t\t\t\t<\/div>\n\t\t\t\t<\/div>\n\t\t\t\t\t<\/div>\n\t\t\t\t<\/div>\n\t\t\t\t<\/div>\n\t\t","protected":false},"excerpt":{"rendered":"<p>Praca jako Freelancer z Jobxion \u2013 Korzy\u015bci i Zalety Tak wygl\u0105da praca freelancera w Jobxion Je\u015bli jeste\u015b freelancerem i chcesz pracowa\u0107 nad projektami z ci\u0105g\u0142o\u015bci\u0105 zatrudnienia, ale bez zb\u0119dnych formalno\u015bci, wsp\u00f3\u0142praca z Jobxion to \u015bwietne rozwi\u0105zanie. Oferujemy model pracy na kontrakcie, kt\u00f3ry \u0142\u0105czy elastyczno\u015b\u0107 samozatrudnienia z bezpiecze\u0144stwem d\u0142ugoterminowej wsp\u00f3\u0142pracy. Zalety pracy na kontrakcie przez Jobxion: [&hellip;]<\/p>\n","protected":false},"author":2,"featured_media":0,"parent":12598,"menu_order":0,"comment_status":"closed","ping_status":"closed","template":"","meta":{"_acf_changed":false,"site-sidebar-layout":"no-sidebar","site-content-layout":"page-builder","ast-site-content-layout":"full-width-container","site-content-style":"unboxed","site-sidebar-style":"unboxed","ast-global-header-display":"","ast-banner-title-visibility":"","ast-main-header-display":"","ast-hfb-above-header-display":"","ast-hfb-below-header-display":"","ast-hfb-mobile-header-display":"","site-post-title":"disabled","ast-breadcrumbs-content":"","ast-featured-img":"disabled","footer-sml-layout":"","ast-disable-related-posts":"","theme-transparent-header-meta":"","adv-header-id-meta":"","stick-header-meta":"","header-above-stick-meta":"","header-main-stick-meta":"","header-below-stick-meta":"","astra-migrate-meta-layouts":"default","ast-page-background-enabled":"default","ast-page-background-meta":{"desktop":{"background-color":"var(--ast-global-color-4)","background-image":"","background-repeat":"repeat","background-position":"center center","background-size":"auto","background-attachment":"scroll","background-type":"","background-media":"","overlay-type":"","overlay-color":"","overlay-opacity":"","overlay-gradient":""},"tablet":{"background-color":"","background-image":"","background-repeat":"repeat","background-position":"center center","background-size":"auto","background-attachment":"scroll","background-type":"","background-media":"","overlay-type":"","overlay-color":"","overlay-opacity":"","overlay-gradient":""},"mobile":{"background-color":"","background-image":"","background-repeat":"repeat","background-position":"center center","background-size":"auto","background-attachment":"scroll","background-type":"","background-media":"","overlay-type":"","overlay-color":"","overlay-opacity":"","overlay-gradient":""}},"ast-content-background-meta":{"desktop":{"background-color":"var(--ast-global-color-5)","background-image":"","background-repeat":"repeat","background-position":"center center","background-size":"auto","background-attachment":"scroll","background-type":"","background-media":"","overlay-type":"","overlay-color":"","overlay-opacity":"","overlay-gradient":""},"tablet":{"background-color":"var(--ast-global-color-5)","background-image":"","background-repeat":"repeat","background-position":"center center","background-size":"auto","background-attachment":"scroll","background-type":"","background-media":"","overlay-type":"","overlay-color":"","overlay-opacity":"","overlay-gradient":""},"mobile":{"background-color":"var(--ast-global-color-5)","background-image":"","background-repeat":"repeat","background-position":"center center","background-size":"auto","background-attachment":"scroll","background-type":"","background-media":"","overlay-type":"","overlay-color":"","overlay-opacity":"","overlay-gradient":""}},"footnotes":""},"class_list":["post-12600","page","type-page","status-publish","hentry"],"acf":[],"yoast_head":"<!-- This site is optimized with the Yoast SEO Premium plugin v27.0 (Yoast SEO v27.0) - https:\/\/yoast.com\/product\/yoast-seo-premium-wordpress\/ -->\n<title>Zatrudnienie freelancera - Samodzielno\u015b\u0107 i ulga | Jobxion<\/title>\n<meta name=\"description\" content=\"Zatrudnienie freelancera - Samodzielno\u015b\u0107 i odci\u0105\u017cenie | Jobxion Odci\u0105\u017camy freelancer\u00f3w.\" \/>\n<meta name=\"robots\" content=\"index, follow, max-snippet:-1, max-image-preview:large, max-video-preview:-1\" \/>\n<link rel=\"canonical\" href=\"https:\/\/www.jobxion.com\/pl\/zatrudnienie\/niezalezny\/\" \/>\n<meta property=\"og:locale\" content=\"pl_PL\" \/>\n<meta property=\"og:type\" content=\"article\" \/>\n<meta property=\"og:title\" content=\"Zatrudnienie freelancera - Samodzielno\u015b\u0107 i ulga | Jobxion\" \/>\n<meta property=\"og:description\" content=\"Zatrudnienie freelancera - Samodzielno\u015b\u0107 i odci\u0105\u017cenie | Jobxion Odci\u0105\u017camy freelancer\u00f3w.\" \/>\n<meta property=\"og:url\" content=\"https:\/\/www.jobxion.com\/pl\/zatrudnienie\/niezalezny\/\" \/>\n<meta property=\"og:site_name\" content=\"Jobxion\" \/>\n<meta property=\"article:publisher\" content=\"https:\/\/www.facebook.com\/JobXion\" \/>\n<meta property=\"article:modified_time\" content=\"2025-02-04T09:10:10+00:00\" \/>\n<script type=\"application\/ld+json\" class=\"yoast-schema-graph\">{\"@context\":\"https:\/\/schema.org\",\"@graph\":[{\"@type\":\"WebPage\",\"@id\":\"https:\/\/www.jobxion.com\/pl\/zatrudnienie\/niezalezny\/\",\"url\":\"https:\/\/www.jobxion.com\/pl\/zatrudnienie\/niezalezny\/\",\"name\":\"Zatrudnienie freelancera - Samodzielno\u015b\u0107 i ulga | Jobxion\",\"isPartOf\":{\"@id\":\"https:\/\/www.jobxion.com\/pl\/#website\"},\"datePublished\":\"2022-10-28T07:49:00+00:00\",\"dateModified\":\"2025-02-04T09:10:10+00:00\",\"description\":\"Zatrudnienie freelancera - Samodzielno\u015b\u0107 i odci\u0105\u017cenie | Jobxion Odci\u0105\u017camy freelancer\u00f3w.\",\"breadcrumb\":{\"@id\":\"https:\/\/www.jobxion.com\/pl\/zatrudnienie\/niezalezny\/#breadcrumb\"},\"inLanguage\":\"pl-PL\",\"potentialAction\":[{\"@type\":\"ReadAction\",\"target\":[\"https:\/\/www.jobxion.com\/pl\/zatrudnienie\/niezalezny\/\"]}]},{\"@type\":\"BreadcrumbList\",\"@id\":\"https:\/\/www.jobxion.com\/pl\/zatrudnienie\/niezalezny\/#breadcrumb\",\"itemListElement\":[{\"@type\":\"ListItem\",\"position\":1,\"name\":\"Zatrudnienie\",\"item\":\"https:\/\/www.jobxion.com\/pl\/employment\/\"},{\"@type\":\"ListItem\",\"position\":2,\"name\":\"Niezale\u017cny\"}]},{\"@type\":\"WebSite\",\"@id\":\"https:\/\/www.jobxion.com\/pl\/#website\",\"url\":\"https:\/\/www.jobxion.com\/pl\/\",\"name\":\"Jobxion\",\"description\":\"Jobxion\",\"publisher\":{\"@id\":\"https:\/\/www.jobxion.com\/pl\/#organization\"},\"potentialAction\":[{\"@type\":\"SearchAction\",\"target\":{\"@type\":\"EntryPoint\",\"urlTemplate\":\"https:\/\/www.jobxion.com\/pl\/?s={search_term_string}\"},\"query-input\":{\"@type\":\"PropertyValueSpecification\",\"valueRequired\":true,\"valueName\":\"search_term_string\"}}],\"inLanguage\":\"pl-PL\"},{\"@type\":\"Organization\",\"@id\":\"https:\/\/www.jobxion.com\/pl\/#organization\",\"name\":\"Jobxion\",\"url\":\"https:\/\/www.jobxion.com\/pl\/\",\"logo\":{\"@type\":\"ImageObject\",\"inLanguage\":\"pl-PL\",\"@id\":\"https:\/\/www.jobxion.com\/pl\/#\/schema\/logo\/image\/\",\"url\":\"https:\/\/www.jobxion.com\/wp-content\/uploads\/2022\/09\/Jobxion-website-e1671193791246.png\",\"contentUrl\":\"https:\/\/www.jobxion.com\/wp-content\/uploads\/2022\/09\/Jobxion-website-e1671193791246.png\",\"width\":150,\"height\":36,\"caption\":\"Jobxion\"},\"image\":{\"@id\":\"https:\/\/www.jobxion.com\/pl\/#\/schema\/logo\/image\/\"},\"sameAs\":[\"https:\/\/www.facebook.com\/JobXion\"]}]}<\/script>\n<!-- \/ Yoast SEO Premium plugin. -->","yoast_head_json":{"title":"Zatrudnienie freelancera - Samodzielno\u015b\u0107 i ulga | Jobxion","description":"Zatrudnienie freelancera - Samodzielno\u015b\u0107 i odci\u0105\u017cenie | Jobxion Odci\u0105\u017camy freelancer\u00f3w.","robots":{"index":"index","follow":"follow","max-snippet":"max-snippet:-1","max-image-preview":"max-image-preview:large","max-video-preview":"max-video-preview:-1"},"canonical":"https:\/\/www.jobxion.com\/pl\/zatrudnienie\/niezalezny\/","og_locale":"pl_PL","og_type":"article","og_title":"Zatrudnienie freelancera - Samodzielno\u015b\u0107 i ulga | Jobxion","og_description":"Zatrudnienie freelancera - Samodzielno\u015b\u0107 i odci\u0105\u017cenie | Jobxion Odci\u0105\u017camy freelancer\u00f3w.","og_url":"https:\/\/www.jobxion.com\/pl\/zatrudnienie\/niezalezny\/","og_site_name":"Jobxion","article_publisher":"https:\/\/www.facebook.com\/JobXion","article_modified_time":"2025-02-04T09:10:10+00:00","schema":{"@context":"https:\/\/schema.org","@graph":[{"@type":"WebPage","@id":"https:\/\/www.jobxion.com\/pl\/zatrudnienie\/niezalezny\/","url":"https:\/\/www.jobxion.com\/pl\/zatrudnienie\/niezalezny\/","name":"Zatrudnienie freelancera - Samodzielno\u015b\u0107 i ulga | Jobxion","isPartOf":{"@id":"https:\/\/www.jobxion.com\/pl\/#website"},"datePublished":"2022-10-28T07:49:00+00:00","dateModified":"2025-02-04T09:10:10+00:00","description":"Zatrudnienie freelancera - Samodzielno\u015b\u0107 i odci\u0105\u017cenie | Jobxion Odci\u0105\u017camy freelancer\u00f3w.","breadcrumb":{"@id":"https:\/\/www.jobxion.com\/pl\/zatrudnienie\/niezalezny\/#breadcrumb"},"inLanguage":"pl-PL","potentialAction":[{"@type":"ReadAction","target":["https:\/\/www.jobxion.com\/pl\/zatrudnienie\/niezalezny\/"]}]},{"@type":"BreadcrumbList","@id":"https:\/\/www.jobxion.com\/pl\/zatrudnienie\/niezalezny\/#breadcrumb","itemListElement":[{"@type":"ListItem","position":1,"name":"Zatrudnienie","item":"https:\/\/www.jobxion.com\/pl\/employment\/"},{"@type":"ListItem","position":2,"name":"Niezale\u017cny"}]},{"@type":"WebSite","@id":"https:\/\/www.jobxion.com\/pl\/#website","url":"https:\/\/www.jobxion.com\/pl\/","name":"Jobxion","description":"Jobxion","publisher":{"@id":"https:\/\/www.jobxion.com\/pl\/#organization"},"potentialAction":[{"@type":"SearchAction","target":{"@type":"EntryPoint","urlTemplate":"https:\/\/www.jobxion.com\/pl\/?s={search_term_string}"},"query-input":{"@type":"PropertyValueSpecification","valueRequired":true,"valueName":"search_term_string"}}],"inLanguage":"pl-PL"},{"@type":"Organization","@id":"https:\/\/www.jobxion.com\/pl\/#organization","name":"Jobxion","url":"https:\/\/www.jobxion.com\/pl\/","logo":{"@type":"ImageObject","inLanguage":"pl-PL","@id":"https:\/\/www.jobxion.com\/pl\/#\/schema\/logo\/image\/","url":"https:\/\/www.jobxion.com\/wp-content\/uploads\/2022\/09\/Jobxion-website-e1671193791246.png","contentUrl":"https:\/\/www.jobxion.com\/wp-content\/uploads\/2022\/09\/Jobxion-website-e1671193791246.png","width":150,"height":36,"caption":"Jobxion"},"image":{"@id":"https:\/\/www.jobxion.com\/pl\/#\/schema\/logo\/image\/"},"sameAs":["https:\/\/www.facebook.com\/JobXion"]}]}},"_links":{"self":[{"href":"https:\/\/www.jobxion.com\/pl\/wp-json\/wp\/v2\/pages\/12600","targetHints":{"allow":["GET"]}}],"collection":[{"href":"https:\/\/www.jobxion.com\/pl\/wp-json\/wp\/v2\/pages"}],"about":[{"href":"https:\/\/www.jobxion.com\/pl\/wp-json\/wp\/v2\/types\/page"}],"author":[{"embeddable":true,"href":"https:\/\/www.jobxion.com\/pl\/wp-json\/wp\/v2\/users\/2"}],"replies":[{"embeddable":true,"href":"https:\/\/www.jobxion.com\/pl\/wp-json\/wp\/v2\/comments?post=12600"}],"version-history":[{"count":9,"href":"https:\/\/www.jobxion.com\/pl\/wp-json\/wp\/v2\/pages\/12600\/revisions"}],"predecessor-version":[{"id":36620,"href":"https:\/\/www.jobxion.com\/pl\/wp-json\/wp\/v2\/pages\/12600\/revisions\/36620"}],"up":[{"embeddable":true,"href":"https:\/\/www.jobxion.com\/pl\/wp-json\/wp\/v2\/pages\/12598"}],"wp:attachment":[{"href":"https:\/\/www.jobxion.com\/pl\/wp-json\/wp\/v2\/media?parent=12600"}],"curies":[{"name":"wp","href":"https:\/\/api.w.org\/{rel}","templated":true}]}}