{"id":12605,"date":"2022-10-28T09:47:41","date_gmt":"2022-10-28T07:47:41","guid":{"rendered":"https:\/\/www.jobxion.com\/zatrudnienie\/zatrudnienie-tymczasowe\/"},"modified":"2024-03-08T12:54:27","modified_gmt":"2024-03-08T11:54:27","slug":"zatrudnienie-tymczasowe","status":"publish","type":"page","link":"https:\/\/www.jobxion.com\/pl\/zatrudnienie\/zatrudnienie-tymczasowe\/","title":{"rendered":"Zatrudnienie tymczasowe"},"content":{"rendered":"\t\t<div data-elementor-type=\"wp-page\" data-elementor-id=\"12605\" class=\"elementor elementor-12605 elementor-1764\" data-elementor-post-type=\"page\">\n\t\t\t\t<div class=\"elementor-element elementor-element-4e7d62f e-flex e-con-boxed e-con e-parent\" data-id=\"4e7d62f\" data-element_type=\"container\" data-e-type=\"container\" data-settings=\"{&quot;background_background&quot;:&quot;gradient&quot;}\">\n\t\t\t\t\t<div class=\"e-con-inner\">\n\t\t<div class=\"elementor-element elementor-element-17e8885 e-con-full e-flex e-con e-child\" data-id=\"17e8885\" data-element_type=\"container\" data-e-type=\"container\" data-settings=\"{&quot;background_background&quot;:&quot;classic&quot;}\">\n\t\t<div class=\"elementor-element elementor-element-0f5874a e-con-full e-flex e-con e-child\" data-id=\"0f5874a\" data-element_type=\"container\" data-e-type=\"container\">\n\t\t<div class=\"elementor-element elementor-element-5518089 e-con-full e-flex e-con e-child\" data-id=\"5518089\" data-element_type=\"container\" data-e-type=\"container\">\n\t\t\t\t<div class=\"elementor-element elementor-element-5b541a0 elementor-widget elementor-widget-heading\" data-id=\"5b541a0\" data-element_type=\"widget\" data-e-type=\"widget\" data-widget_type=\"heading.default\">\n\t\t\t\t<div class=\"elementor-widget-container\">\n\t\t\t\t\t<h1 class=\"elementor-heading-title elementor-size-default\">Tymczasowe zatrudnienie w budownictwie lub instalacji.<\/h1>\t\t\t\t<\/div>\n\t\t\t\t<\/div>\n\t\t\t\t<div class=\"elementor-element elementor-element-d7320fb elementor-widget elementor-widget-heading\" data-id=\"d7320fb\" data-element_type=\"widget\" data-e-type=\"widget\" data-widget_type=\"heading.default\">\n\t\t\t\t<div class=\"elementor-widget-container\">\n\t\t\t\t\t<h2 class=\"elementor-heading-title elementor-size-default\">Tak wygl\u0105da zatrudnienie w Jobxion<\/h2>\t\t\t\t<\/div>\n\t\t\t\t<\/div>\n\t\t\t\t<\/div>\n\t\t\t\t<\/div>\n\t\t\t\t<\/div>\n\t\t\t\t\t<\/div>\n\t\t\t\t<\/div>\n\t\t<div class=\"elementor-element elementor-element-885a394 e-flex e-con-boxed e-con e-parent\" data-id=\"885a394\" data-element_type=\"container\" data-e-type=\"container\">\n\t\t\t\t\t<div class=\"e-con-inner\">\n\t\t<div class=\"elementor-element elementor-element-75c2a3d e-con-full e-flex e-con e-child\" data-id=\"75c2a3d\" data-element_type=\"container\" data-e-type=\"container\">\n\t\t\t\t<div class=\"elementor-element elementor-element-0e2969e elementor-widget elementor-widget-heading\" data-id=\"0e2969e\" data-element_type=\"widget\" data-e-type=\"widget\" data-widget_type=\"heading.default\">\n\t\t\t\t<div class=\"elementor-widget-container\">\n\t\t\t\t\t<h2 class=\"elementor-heading-title elementor-size-default\">Praca tymczasowa Jobxion<\/h2>\t\t\t\t<\/div>\n\t\t\t\t<\/div>\n\t\t\t\t<div class=\"elementor-element elementor-element-d670415 elementor-widget elementor-widget-text-editor\" data-id=\"d670415\" data-element_type=\"widget\" data-e-type=\"widget\" data-widget_type=\"text-editor.default\">\n\t\t\t\t<div class=\"elementor-widget-container\">\n\t\t\t\t\t\t\t\t\t<p>Maksymalna elastyczno\u015b\u0107 i r\u00f3\u017cnorodno\u015b\u0107 jest tym, czego oczekujesz. Bez sta\u0142ej umowy, po prostu pracuj nad najlepszymi projektami, jakie mamy dla Ciebie. Nast\u0119pnie wybierz tymczasowe zatrudnienie za po\u015brednictwem Jobxion<\/p>\n\t\t\t\t\t\t\t\t<\/div>\n\t\t\t\t<\/div>\n\t\t\t\t<div class=\"elementor-element elementor-element-ab2e1ee elementor-widget elementor-widget-heading\" data-id=\"ab2e1ee\" data-element_type=\"widget\" data-e-type=\"widget\" data-widget_type=\"heading.default\">\n\t\t\t\t<div class=\"elementor-widget-container\">\n\t\t\t\t\t<h2 class=\"elementor-heading-title elementor-size-default\">Jak funkcjonuje i wygl\u0105da praca tymczasowa?<\/h2>\t\t\t\t<\/div>\n\t\t\t\t<\/div>\n\t\t\t\t<div class=\"elementor-element elementor-element-67d8c03 elementor-widget elementor-widget-text-editor\" data-id=\"67d8c03\" data-element_type=\"widget\" data-e-type=\"widget\" data-widget_type=\"text-editor.default\">\n\t\t\t\t<div class=\"elementor-widget-container\">\n\t\t\t\t\t\t\t\t\t<p>Dzi\u0119ki umowie tymczasowej od Jobxion masz maksymaln\u0105 swobod\u0119 i pewno\u015b\u0107, \u017ce zadbamy o wszystko, czego potrzebujesz, aby dosta\u0107 si\u0119 do pracy i pozosta\u0107 w niej. Je\u015bli projekt dobiegnie ko\u0144ca, poszukamy dla Ciebie nowego wyzwania. To sprawia, \u017ce jeste\u015b zaj\u0119ty, twoja praca jest zr\u00f3\u017cnicowana, masz r\u00f3\u017cnych wsp\u00f3\u0142pracownik\u00f3w i pracujesz w wielu lokalizacjach.<\/p>\n<p>Przekazujesz swoje \u017cyczenia (zar\u00f3wno to, co lubisz robi\u0107, jak i to, czego absolutnie nie lubisz robi\u0107). Odpowiednio dostosowujemy nasze poszukiwania. Kt\u00f3ry zaczyna si\u0119 jak najbli\u017cej miejsca zamieszkania, poniewa\u017c: im mniej czasu na podr\u00f3\u017c, tym wi\u0119cej czasu prywatnego. Oczywi\u015bcie zawsze wiesz, na czym stoisz.<\/p>\n\t\t\t\t\t\t\t\t<\/div>\n\t\t\t\t<\/div>\n\t\t\t\t<div class=\"elementor-element elementor-element-1964f7a elementor-widget elementor-widget-heading\" data-id=\"1964f7a\" data-element_type=\"widget\" data-e-type=\"widget\" data-widget_type=\"heading.default\">\n\t\t\t\t<div class=\"elementor-widget-container\">\n\t\t\t\t\t<h2 class=\"elementor-heading-title elementor-size-default\">Na co zwracamy uwag\u0119 przy zatrudnianiu<\/h2>\t\t\t\t<\/div>\n\t\t\t\t<\/div>\n\t\t\t\t<div class=\"elementor-element elementor-element-a20509b elementor-widget elementor-widget-text-editor\" data-id=\"a20509b\" data-element_type=\"widget\" data-e-type=\"widget\" data-widget_type=\"text-editor.default\">\n\t\t\t\t<div class=\"elementor-widget-container\">\n\t\t\t\t\t\t\t\t\t<p>Zapewniamy podstawy: dobre wynagrodzenie, wyp\u0142acane co tydzie\u0144 lub co miesi\u0105c w oparciu o uk\u0142ad zbiorowy pracy klienta. Je\u015bli pracujesz w bran\u017cy budowlanej, b\u0119dziesz po prostu wynagradzany na podstawie stawki budowlanej. W bran\u017cy instalacyjnej jest oczywi\u015bcie podobnie. Ponadto zapewniamy narz\u0119dzia akumulatorowe Makita, profesjonalny str\u00f3j ze sprz\u0119tem ochrony osobistej oraz w razie potrzeby udost\u0119pniamy Ci nasz samoch\u00f3d.<\/p>\n<p>Czy chcia\u0142by\u015b w ko\u0144cu zosta\u0107 zatrudniony na sta\u0142e? Je\u015bli tak, zorganizujemy to dla Ciebie we wsp\u00f3\u0142pracy z jednym z naszych klient\u00f3w.<\/p>\n\t\t\t\t\t\t\t\t<\/div>\n\t\t\t\t<\/div>\n\t\t\t\t<div class=\"elementor-element elementor-element-701fa2f elementor-widget elementor-widget-heading\" data-id=\"701fa2f\" data-element_type=\"widget\" data-e-type=\"widget\" data-widget_type=\"heading.default\">\n\t\t\t\t<div class=\"elementor-widget-container\">\n\t\t\t\t\t<h3 class=\"elementor-heading-title elementor-size-default\">W przypadku zatrudnienia tymczasowego Jobxion pozostaje Twoim pracodawc\u0105<\/h3>\t\t\t\t<\/div>\n\t\t\t\t<\/div>\n\t\t\t\t<div class=\"elementor-element elementor-element-535b25f elementor-widget elementor-widget-text-editor\" data-id=\"535b25f\" data-element_type=\"widget\" data-e-type=\"widget\" data-widget_type=\"text-editor.default\">\n\t\t\t\t<div class=\"elementor-widget-container\">\n\t\t\t\t\t\t\t\t\t<p>Gdy zostaniesz oddelegowany za po\u015brednictwem Jobxion, stajemy si\u0119 Twoim formalnym pracodawc\u0105. Oznacza to, \u017ce bierzemy na siebie ca\u0142\u0105 odpowiedzialno\u015b\u0107 i zajmujemy si\u0119 wszystkim za Ciebie. Od doradztwa zawodowego po zarz\u0105dzanie czasem i od \u015bwiadcze\u0144 po wyp\u0142at\u0119 wynagrodzenia. Jednocze\u015bnie zapewniamy, \u017ce jeste\u015b traktowany w taki sam spos\u00f3b, jak koledzy bezpo\u015brednio zatrudnieni przez klienta. <\/p>\n\t\t\t\t\t\t\t\t<\/div>\n\t\t\t\t<\/div>\n\t\t\t\t<div class=\"elementor-element elementor-element-4391c2c elementor-widget elementor-widget-heading\" data-id=\"4391c2c\" data-element_type=\"widget\" data-e-type=\"widget\" data-widget_type=\"heading.default\">\n\t\t\t\t<div class=\"elementor-widget-container\">\n\t\t\t\t\t<h4 class=\"elementor-heading-title elementor-size-default\">Kontakt<\/h4>\t\t\t\t<\/div>\n\t\t\t\t<\/div>\n\t\t\t\t<div class=\"elementor-element elementor-element-bdd8115 elementor-widget elementor-widget-text-editor\" data-id=\"bdd8115\" data-element_type=\"widget\" data-e-type=\"widget\" data-widget_type=\"text-editor.default\">\n\t\t\t\t<div class=\"elementor-widget-container\">\n\t\t\t\t\t\t\t\t\t<p>Chcesz dowiedzie\u0107 si\u0119 wi\u0119cej lub rozpocz\u0105\u0107 prac\u0119 tymczasow\u0105 z Jobxion? Prosimy o kontakt w celu om\u00f3wienia dost\u0119pnych opcji.<\/p>\n\t\t\t\t\t\t\t\t<\/div>\n\t\t\t\t<\/div>\n\t\t\t\t<div class=\"elementor-element elementor-element-9244a0d elementor-widget elementor-widget-text-editor\" data-id=\"9244a0d\" data-element_type=\"widget\" data-e-type=\"widget\" data-widget_type=\"text-editor.default\">\n\t\t\t\t<div class=\"elementor-widget-container\">\n\t\t\t\t\t\t\t\t\t<b>\n<a href=\"\/pl\/zatrudnienie\/niezalezny\/\">Freelancer<\/a><\/b> | <b><a href=\"\/pl\/zatrudnienie\/oddelegowanie\/\">Oddelegowanie<\/a><\/b> | <b><a href=\"\/pl\/zatrudnienie\/wybor-rekrutacji\/\">Rekrutacja i selekcja<\/a>\n<\/b>\t\t\t\t\t\t\t\t<\/div>\n\t\t\t\t<\/div>\n\t\t\t\t<\/div>\n\t\t\t\t\t<\/div>\n\t\t\t\t<\/div>\n\t\t\t\t<\/div>\n\t\t","protected":false},"excerpt":{"rendered":"<p>Tymczasowe zatrudnienie w budownictwie lub instalacji. Tak wygl\u0105da zatrudnienie w Jobxion Praca tymczasowa Jobxion Maksymalna elastyczno\u015b\u0107 i r\u00f3\u017cnorodno\u015b\u0107 jest tym, czego oczekujesz. Bez sta\u0142ej umowy, po prostu pracuj nad najlepszymi projektami, jakie mamy dla Ciebie. Nast\u0119pnie wybierz tymczasowe zatrudnienie za po\u015brednictwem Jobxion Jak funkcjonuje i wygl\u0105da praca tymczasowa? Dzi\u0119ki umowie tymczasowej od Jobxion masz maksymaln\u0105 [&hellip;]<\/p>\n","protected":false},"author":2,"featured_media":0,"parent":12598,"menu_order":0,"comment_status":"closed","ping_status":"closed","template":"","meta":{"_acf_changed":false,"site-sidebar-layout":"no-sidebar","site-content-layout":"page-builder","ast-site-content-layout":"full-width-container","site-content-style":"unboxed","site-sidebar-style":"unboxed","ast-global-header-display":"","ast-banner-title-visibility":"","ast-main-header-display":"","ast-hfb-above-header-display":"","ast-hfb-below-header-display":"","ast-hfb-mobile-header-display":"","site-post-title":"disabled","ast-breadcrumbs-content":"","ast-featured-img":"disabled","footer-sml-layout":"","ast-disable-related-posts":"","theme-transparent-header-meta":"","adv-header-id-meta":"","stick-header-meta":"","header-above-stick-meta":"","header-main-stick-meta":"","header-below-stick-meta":"","astra-migrate-meta-layouts":"default","ast-page-background-enabled":"default","ast-page-background-meta":{"desktop":{"background-color":"var(--ast-global-color-4)","background-image":"","background-repeat":"repeat","background-position":"center center","background-size":"auto","background-attachment":"scroll","background-type":"","background-media":"","overlay-type":"","overlay-color":"","overlay-opacity":"","overlay-gradient":""},"tablet":{"background-color":"","background-image":"","background-repeat":"repeat","background-position":"center center","background-size":"auto","background-attachment":"scroll","background-type":"","background-media":"","overlay-type":"","overlay-color":"","overlay-opacity":"","overlay-gradient":""},"mobile":{"background-color":"","background-image":"","background-repeat":"repeat","background-position":"center center","background-size":"auto","background-attachment":"scroll","background-type":"","background-media":"","overlay-type":"","overlay-color":"","overlay-opacity":"","overlay-gradient":""}},"ast-content-background-meta":{"desktop":{"background-color":"var(--ast-global-color-5)","background-image":"","background-repeat":"repeat","background-position":"center center","background-size":"auto","background-attachment":"scroll","background-type":"","background-media":"","overlay-type":"","overlay-color":"","overlay-opacity":"","overlay-gradient":""},"tablet":{"background-color":"var(--ast-global-color-5)","background-image":"","background-repeat":"repeat","background-position":"center center","background-size":"auto","background-attachment":"scroll","background-type":"","background-media":"","overlay-type":"","overlay-color":"","overlay-opacity":"","overlay-gradient":""},"mobile":{"background-color":"var(--ast-global-color-5)","background-image":"","background-repeat":"repeat","background-position":"center center","background-size":"auto","background-attachment":"scroll","background-type":"","background-media":"","overlay-type":"","overlay-color":"","overlay-opacity":"","overlay-gradient":""}},"footnotes":""},"class_list":["post-12605","page","type-page","status-publish","hentry"],"acf":[],"yoast_head":"<!-- This site is optimized with the Yoast SEO Premium plugin v27.0 (Yoast SEO v27.0) - https:\/\/yoast.com\/product\/yoast-seo-premium-wordpress\/ -->\n<title>Zatrudnienie dla maksymalnej elastyczno\u015bci | Jobxion<\/title>\n<meta name=\"description\" content=\"Wybierz po\u015brednictwo Jobxion, aby uzyska\u0107 maksymaln\u0105 elastyczno\u015b\u0107 i r\u00f3\u017cnorodno\u015b\u0107. Brak sta\u0142ej umowy, po prostu praca nad pi\u0119knymi projektami.\" \/>\n<meta name=\"robots\" content=\"index, follow, max-snippet:-1, max-image-preview:large, max-video-preview:-1\" \/>\n<link rel=\"canonical\" href=\"https:\/\/www.jobxion.com\/pl\/zatrudnienie\/zatrudnienie-tymczasowe\/\" \/>\n<meta property=\"og:locale\" content=\"pl_PL\" \/>\n<meta property=\"og:type\" content=\"article\" \/>\n<meta property=\"og:title\" content=\"Zatrudnienie dla maksymalnej elastyczno\u015bci | Jobxion\" \/>\n<meta property=\"og:description\" content=\"Wybierz po\u015brednictwo Jobxion, aby uzyska\u0107 maksymaln\u0105 elastyczno\u015b\u0107 i r\u00f3\u017cnorodno\u015b\u0107. Brak sta\u0142ej umowy, po prostu praca nad pi\u0119knymi projektami.\" \/>\n<meta property=\"og:url\" content=\"https:\/\/www.jobxion.com\/pl\/zatrudnienie\/zatrudnienie-tymczasowe\/\" \/>\n<meta property=\"og:site_name\" content=\"Jobxion\" \/>\n<meta property=\"article:publisher\" content=\"https:\/\/www.facebook.com\/JobXion\" \/>\n<meta property=\"article:modified_time\" content=\"2024-03-08T11:54:27+00:00\" \/>\n<script type=\"application\/ld+json\" class=\"yoast-schema-graph\">{\"@context\":\"https:\/\/schema.org\",\"@graph\":[{\"@type\":\"WebPage\",\"@id\":\"https:\/\/www.jobxion.com\/pl\/zatrudnienie\/zatrudnienie-tymczasowe\/\",\"url\":\"https:\/\/www.jobxion.com\/pl\/zatrudnienie\/zatrudnienie-tymczasowe\/\",\"name\":\"Zatrudnienie dla maksymalnej elastyczno\u015bci | Jobxion\",\"isPartOf\":{\"@id\":\"https:\/\/www.jobxion.com\/pl\/#website\"},\"datePublished\":\"2022-10-28T07:47:41+00:00\",\"dateModified\":\"2024-03-08T11:54:27+00:00\",\"description\":\"Wybierz po\u015brednictwo Jobxion, aby uzyska\u0107 maksymaln\u0105 elastyczno\u015b\u0107 i r\u00f3\u017cnorodno\u015b\u0107. Brak sta\u0142ej umowy, po prostu praca nad pi\u0119knymi projektami.\",\"breadcrumb\":{\"@id\":\"https:\/\/www.jobxion.com\/pl\/zatrudnienie\/zatrudnienie-tymczasowe\/#breadcrumb\"},\"inLanguage\":\"pl-PL\",\"potentialAction\":[{\"@type\":\"ReadAction\",\"target\":[\"https:\/\/www.jobxion.com\/pl\/zatrudnienie\/zatrudnienie-tymczasowe\/\"]}]},{\"@type\":\"BreadcrumbList\",\"@id\":\"https:\/\/www.jobxion.com\/pl\/zatrudnienie\/zatrudnienie-tymczasowe\/#breadcrumb\",\"itemListElement\":[{\"@type\":\"ListItem\",\"position\":1,\"name\":\"Zatrudnienie\",\"item\":\"https:\/\/www.jobxion.com\/pl\/employment\/\"},{\"@type\":\"ListItem\",\"position\":2,\"name\":\"Zatrudnienie tymczasowe\"}]},{\"@type\":\"WebSite\",\"@id\":\"https:\/\/www.jobxion.com\/pl\/#website\",\"url\":\"https:\/\/www.jobxion.com\/pl\/\",\"name\":\"Jobxion\",\"description\":\"Jobxion\",\"publisher\":{\"@id\":\"https:\/\/www.jobxion.com\/pl\/#organization\"},\"potentialAction\":[{\"@type\":\"SearchAction\",\"target\":{\"@type\":\"EntryPoint\",\"urlTemplate\":\"https:\/\/www.jobxion.com\/pl\/?s={search_term_string}\"},\"query-input\":{\"@type\":\"PropertyValueSpecification\",\"valueRequired\":true,\"valueName\":\"search_term_string\"}}],\"inLanguage\":\"pl-PL\"},{\"@type\":\"Organization\",\"@id\":\"https:\/\/www.jobxion.com\/pl\/#organization\",\"name\":\"Jobxion\",\"url\":\"https:\/\/www.jobxion.com\/pl\/\",\"logo\":{\"@type\":\"ImageObject\",\"inLanguage\":\"pl-PL\",\"@id\":\"https:\/\/www.jobxion.com\/pl\/#\/schema\/logo\/image\/\",\"url\":\"https:\/\/www.jobxion.com\/wp-content\/uploads\/2022\/09\/Jobxion-website-e1671193791246.png\",\"contentUrl\":\"https:\/\/www.jobxion.com\/wp-content\/uploads\/2022\/09\/Jobxion-website-e1671193791246.png\",\"width\":150,\"height\":36,\"caption\":\"Jobxion\"},\"image\":{\"@id\":\"https:\/\/www.jobxion.com\/pl\/#\/schema\/logo\/image\/\"},\"sameAs\":[\"https:\/\/www.facebook.com\/JobXion\"]}]}<\/script>\n<!-- \/ Yoast SEO Premium plugin. -->","yoast_head_json":{"title":"Zatrudnienie dla maksymalnej elastyczno\u015bci | Jobxion","description":"Wybierz po\u015brednictwo Jobxion, aby uzyska\u0107 maksymaln\u0105 elastyczno\u015b\u0107 i r\u00f3\u017cnorodno\u015b\u0107. Brak sta\u0142ej umowy, po prostu praca nad pi\u0119knymi projektami.","robots":{"index":"index","follow":"follow","max-snippet":"max-snippet:-1","max-image-preview":"max-image-preview:large","max-video-preview":"max-video-preview:-1"},"canonical":"https:\/\/www.jobxion.com\/pl\/zatrudnienie\/zatrudnienie-tymczasowe\/","og_locale":"pl_PL","og_type":"article","og_title":"Zatrudnienie dla maksymalnej elastyczno\u015bci | Jobxion","og_description":"Wybierz po\u015brednictwo Jobxion, aby uzyska\u0107 maksymaln\u0105 elastyczno\u015b\u0107 i r\u00f3\u017cnorodno\u015b\u0107. Brak sta\u0142ej umowy, po prostu praca nad pi\u0119knymi projektami.","og_url":"https:\/\/www.jobxion.com\/pl\/zatrudnienie\/zatrudnienie-tymczasowe\/","og_site_name":"Jobxion","article_publisher":"https:\/\/www.facebook.com\/JobXion","article_modified_time":"2024-03-08T11:54:27+00:00","schema":{"@context":"https:\/\/schema.org","@graph":[{"@type":"WebPage","@id":"https:\/\/www.jobxion.com\/pl\/zatrudnienie\/zatrudnienie-tymczasowe\/","url":"https:\/\/www.jobxion.com\/pl\/zatrudnienie\/zatrudnienie-tymczasowe\/","name":"Zatrudnienie dla maksymalnej elastyczno\u015bci | Jobxion","isPartOf":{"@id":"https:\/\/www.jobxion.com\/pl\/#website"},"datePublished":"2022-10-28T07:47:41+00:00","dateModified":"2024-03-08T11:54:27+00:00","description":"Wybierz po\u015brednictwo Jobxion, aby uzyska\u0107 maksymaln\u0105 elastyczno\u015b\u0107 i r\u00f3\u017cnorodno\u015b\u0107. Brak sta\u0142ej umowy, po prostu praca nad pi\u0119knymi projektami.","breadcrumb":{"@id":"https:\/\/www.jobxion.com\/pl\/zatrudnienie\/zatrudnienie-tymczasowe\/#breadcrumb"},"inLanguage":"pl-PL","potentialAction":[{"@type":"ReadAction","target":["https:\/\/www.jobxion.com\/pl\/zatrudnienie\/zatrudnienie-tymczasowe\/"]}]},{"@type":"BreadcrumbList","@id":"https:\/\/www.jobxion.com\/pl\/zatrudnienie\/zatrudnienie-tymczasowe\/#breadcrumb","itemListElement":[{"@type":"ListItem","position":1,"name":"Zatrudnienie","item":"https:\/\/www.jobxion.com\/pl\/employment\/"},{"@type":"ListItem","position":2,"name":"Zatrudnienie tymczasowe"}]},{"@type":"WebSite","@id":"https:\/\/www.jobxion.com\/pl\/#website","url":"https:\/\/www.jobxion.com\/pl\/","name":"Jobxion","description":"Jobxion","publisher":{"@id":"https:\/\/www.jobxion.com\/pl\/#organization"},"potentialAction":[{"@type":"SearchAction","target":{"@type":"EntryPoint","urlTemplate":"https:\/\/www.jobxion.com\/pl\/?s={search_term_string}"},"query-input":{"@type":"PropertyValueSpecification","valueRequired":true,"valueName":"search_term_string"}}],"inLanguage":"pl-PL"},{"@type":"Organization","@id":"https:\/\/www.jobxion.com\/pl\/#organization","name":"Jobxion","url":"https:\/\/www.jobxion.com\/pl\/","logo":{"@type":"ImageObject","inLanguage":"pl-PL","@id":"https:\/\/www.jobxion.com\/pl\/#\/schema\/logo\/image\/","url":"https:\/\/www.jobxion.com\/wp-content\/uploads\/2022\/09\/Jobxion-website-e1671193791246.png","contentUrl":"https:\/\/www.jobxion.com\/wp-content\/uploads\/2022\/09\/Jobxion-website-e1671193791246.png","width":150,"height":36,"caption":"Jobxion"},"image":{"@id":"https:\/\/www.jobxion.com\/pl\/#\/schema\/logo\/image\/"},"sameAs":["https:\/\/www.facebook.com\/JobXion"]}]}},"_links":{"self":[{"href":"https:\/\/www.jobxion.com\/pl\/wp-json\/wp\/v2\/pages\/12605","targetHints":{"allow":["GET"]}}],"collection":[{"href":"https:\/\/www.jobxion.com\/pl\/wp-json\/wp\/v2\/pages"}],"about":[{"href":"https:\/\/www.jobxion.com\/pl\/wp-json\/wp\/v2\/types\/page"}],"author":[{"embeddable":true,"href":"https:\/\/www.jobxion.com\/pl\/wp-json\/wp\/v2\/users\/2"}],"replies":[{"embeddable":true,"href":"https:\/\/www.jobxion.com\/pl\/wp-json\/wp\/v2\/comments?post=12605"}],"version-history":[{"count":3,"href":"https:\/\/www.jobxion.com\/pl\/wp-json\/wp\/v2\/pages\/12605\/revisions"}],"predecessor-version":[{"id":34627,"href":"https:\/\/www.jobxion.com\/pl\/wp-json\/wp\/v2\/pages\/12605\/revisions\/34627"}],"up":[{"embeddable":true,"href":"https:\/\/www.jobxion.com\/pl\/wp-json\/wp\/v2\/pages\/12598"}],"wp:attachment":[{"href":"https:\/\/www.jobxion.com\/pl\/wp-json\/wp\/v2\/media?parent=12605"}],"curies":[{"name":"wp","href":"https:\/\/api.w.org\/{rel}","templated":true}]}}