{"id":12622,"date":"2022-09-23T12:52:46","date_gmt":"2022-09-23T10:52:46","guid":{"rendered":"https:\/\/www.jobxion.com\/osoba-poszukujaca-pracy\/"},"modified":"2024-03-08T15:05:05","modified_gmt":"2024-03-08T14:05:05","slug":"osoba-poszukujaca-pracy","status":"publish","type":"page","link":"https:\/\/www.jobxion.com\/pl\/osoba-poszukujaca-pracy\/","title":{"rendered":"Osoba poszukuj\u0105ca pracy"},"content":{"rendered":"\t\t<div data-elementor-type=\"wp-page\" data-elementor-id=\"12622\" class=\"elementor elementor-12622 elementor-17\" data-elementor-post-type=\"page\">\n\t\t\t\t<div class=\"elementor-element elementor-element-da6c9b8 e-con-full e-flex e-con e-parent\" data-id=\"da6c9b8\" data-element_type=\"container\" data-e-type=\"container\" data-settings=\"{&quot;background_background&quot;:&quot;gradient&quot;}\">\n\t\t<div class=\"elementor-element elementor-element-0e3fc85 e-flex e-con-boxed e-con e-child\" data-id=\"0e3fc85\" data-element_type=\"container\" data-e-type=\"container\" data-settings=\"{&quot;background_background&quot;:&quot;classic&quot;}\">\n\t\t\t\t\t<div class=\"e-con-inner\">\n\t\t<div class=\"elementor-element elementor-element-a4f6bce e-con-full e-flex e-con e-child\" data-id=\"a4f6bce\" data-element_type=\"container\" data-e-type=\"container\">\n\t\t<div class=\"elementor-element elementor-element-08c85f4 e-con-full e-flex e-con e-child\" data-id=\"08c85f4\" data-element_type=\"container\" data-e-type=\"container\">\n\t\t\t\t<div class=\"elementor-element elementor-element-505a2bf elementor-widget elementor-widget-heading\" data-id=\"505a2bf\" data-element_type=\"widget\" data-e-type=\"widget\" data-widget_type=\"heading.default\">\n\t\t\t\t<div class=\"elementor-widget-container\">\n\t\t\t\t\t<h1 class=\"elementor-heading-title elementor-size-default\">Wykszta\u0142cenie lub praca<\/h1>\t\t\t\t<\/div>\n\t\t\t\t<\/div>\n\t\t\t\t<div class=\"elementor-element elementor-element-d35a851 elementor-widget elementor-widget-heading\" data-id=\"d35a851\" data-element_type=\"widget\" data-e-type=\"widget\" data-widget_type=\"heading.default\">\n\t\t\t\t<div class=\"elementor-widget-container\">\n\t\t\t\t\t<h2 class=\"elementor-heading-title elementor-size-default\">W budownictwie lub instalacji<\/h2>\t\t\t\t<\/div>\n\t\t\t\t<\/div>\n\t\t\t\t<\/div>\n\t\t\t\t<\/div>\n\t\t\t\t\t<\/div>\n\t\t\t\t<\/div>\n\t\t\t\t<\/div>\n\t\t<div class=\"elementor-element elementor-element-3e6147c e-flex e-con-boxed e-con e-parent\" data-id=\"3e6147c\" data-element_type=\"container\" data-e-type=\"container\">\n\t\t\t\t\t<div class=\"e-con-inner\">\n\t\t<div class=\"elementor-element elementor-element-5a8e280 e-con-full e-flex e-con e-child\" data-id=\"5a8e280\" data-element_type=\"container\" data-e-type=\"container\">\n\t\t\t\t<div class=\"elementor-element elementor-element-d447cd6 elementor-widget elementor-widget-heading\" data-id=\"d447cd6\" data-element_type=\"widget\" data-e-type=\"widget\" data-widget_type=\"heading.default\">\n\t\t\t\t<div class=\"elementor-widget-container\">\n\t\t\t\t\t<h2 class=\"elementor-heading-title elementor-size-default\">Praca przez Jobxion zaczyna si\u0119 tutaj<\/h2>\t\t\t\t<\/div>\n\t\t\t\t<\/div>\n\t\t\t\t<div class=\"elementor-element elementor-element-9e8cde2 elementor-widget elementor-widget-heading\" data-id=\"9e8cde2\" data-element_type=\"widget\" data-e-type=\"widget\" data-widget_type=\"heading.default\">\n\t\t\t\t<div class=\"elementor-widget-container\">\n\t\t\t\t\t<p class=\"elementor-heading-title elementor-size-default\">Chcesz pracowa\u0107 lub ju\u017c pracujesz w bran\u017cy budowlanej lub instalacyjnej? Znajd\u017a swoj\u0105 now\u0105 prac\u0119 tutaj. Zobacz wszystkie nasze oferty pracy, szkolenia, mo\u017cliwo\u015bci zatrudnienia i nie tylko.<\/p>\t\t\t\t<\/div>\n\t\t\t\t<\/div>\n\t\t<div class=\"elementor-element elementor-element-bd9dc1e e-con-full e-flex e-con e-child\" data-id=\"bd9dc1e\" data-element_type=\"container\" data-e-type=\"container\">\n\t\t<div class=\"elementor-element elementor-element-cd75a7d stretched-link e-con-full e-flex e-con e-child\" data-id=\"cd75a7d\" data-element_type=\"container\" data-e-type=\"container\" data-settings=\"{&quot;background_background&quot;:&quot;classic&quot;}\">\n\t\t\t\t<div class=\"elementor-element elementor-element-b952699 stretched-link elementor-view-default elementor-widget elementor-widget-icon\" data-id=\"b952699\" data-element_type=\"widget\" data-e-type=\"widget\" data-widget_type=\"icon.default\">\n\t\t\t\t<div class=\"elementor-widget-container\">\n\t\t\t\t\t\t\t<div class=\"elementor-icon-wrapper\">\n\t\t\t<a class=\"elementor-icon\" href=\"\/pl\/praca\/\">\n\t\t\t<svg aria-hidden=\"true\" class=\"e-font-icon-svg e-far-clone\" viewBox=\"0 0 512 512\" xmlns=\"http:\/\/www.w3.org\/2000\/svg\"><path d=\"M464 0H144c-26.51 0-48 21.49-48 48v48H48c-26.51 0-48 21.49-48 48v320c0 26.51 21.49 48 48 48h320c26.51 0 48-21.49 48-48v-48h48c26.51 0 48-21.49 48-48V48c0-26.51-21.49-48-48-48zM362 464H54a6 6 0 0 1-6-6V150a6 6 0 0 1 6-6h42v224c0 26.51 21.49 48 48 48h224v42a6 6 0 0 1-6 6zm96-96H150a6 6 0 0 1-6-6V54a6 6 0 0 1 6-6h308a6 6 0 0 1 6 6v308a6 6 0 0 1-6 6z\"><\/path><\/svg>\t\t\t<\/a>\n\t\t<\/div>\n\t\t\t\t\t\t<\/div>\n\t\t\t\t<\/div>\n\t\t\t\t<div class=\"elementor-element elementor-element-8f93ad1 elementor-widget elementor-widget-text-editor\" data-id=\"8f93ad1\" data-element_type=\"widget\" data-e-type=\"widget\" data-widget_type=\"text-editor.default\">\n\t\t\t\t<div class=\"elementor-widget-container\">\n\t\t\t\t\t\t\t\t\t<h3>Praca<\/h3><p>Sprawd\u017a wszystkie oferty pracy w budownictwie i in\u017cynierii instalacyjnej.<\/p>\t\t\t\t\t\t\t\t<\/div>\n\t\t\t\t<\/div>\n\t\t\t\t<\/div>\n\t\t\t\t<\/div>\n\t\t<div class=\"elementor-element elementor-element-fd241d3 e-con-full e-flex e-con e-child\" data-id=\"fd241d3\" data-element_type=\"container\" data-e-type=\"container\">\n\t\t<div class=\"elementor-element elementor-element-76e763f stretched-link e-con-full e-flex e-con e-child\" data-id=\"76e763f\" data-element_type=\"container\" data-e-type=\"container\" data-settings=\"{&quot;background_background&quot;:&quot;classic&quot;}\">\n\t\t\t\t<div class=\"elementor-element elementor-element-05b30b1 stretched-link elementor-view-default elementor-widget elementor-widget-icon\" data-id=\"05b30b1\" data-element_type=\"widget\" data-e-type=\"widget\" data-widget_type=\"icon.default\">\n\t\t\t\t<div class=\"elementor-widget-container\">\n\t\t\t\t\t\t\t<div class=\"elementor-icon-wrapper\">\n\t\t\t<a class=\"elementor-icon\" href=\"\/pl\/zatrudnienie\/\">\n\t\t\t<svg aria-hidden=\"true\" class=\"e-font-icon-svg e-far-edit\" viewBox=\"0 0 576 512\" xmlns=\"http:\/\/www.w3.org\/2000\/svg\"><path d=\"M402.3 344.9l32-32c5-5 13.7-1.5 13.7 5.7V464c0 26.5-21.5 48-48 48H48c-26.5 0-48-21.5-48-48V112c0-26.5 21.5-48 48-48h273.5c7.1 0 10.7 8.6 5.7 13.7l-32 32c-1.5 1.5-3.5 2.3-5.7 2.3H48v352h352V350.5c0-2.1.8-4.1 2.3-5.6zm156.6-201.8L296.3 405.7l-90.4 10c-26.2 2.9-48.5-19.2-45.6-45.6l10-90.4L432.9 17.1c22.9-22.9 59.9-22.9 82.7 0l43.2 43.2c22.9 22.9 22.9 60 .1 82.8zM460.1 174L402 115.9 216.2 301.8l-7.3 65.3 65.3-7.3L460.1 174zm64.8-79.7l-43.2-43.2c-4.1-4.1-10.8-4.1-14.8 0L436 82l58.1 58.1 30.9-30.9c4-4.2 4-10.8-.1-14.9z\"><\/path><\/svg>\t\t\t<\/a>\n\t\t<\/div>\n\t\t\t\t\t\t<\/div>\n\t\t\t\t<\/div>\n\t\t\t\t<div class=\"elementor-element elementor-element-ff46804 elementor-widget elementor-widget-text-editor\" data-id=\"ff46804\" data-element_type=\"widget\" data-e-type=\"widget\" data-widget_type=\"text-editor.default\">\n\t\t\t\t<div class=\"elementor-widget-container\">\n\t\t\t\t\t\t\t\t\t<h3>Zatrudnienie<\/h3>\n<p>Zobacz, jak mo\u017cesz dla nas pracowa\u0107.<\/p>\n\t\t\t\t\t\t\t\t<\/div>\n\t\t\t\t<\/div>\n\t\t\t\t<\/div>\n\t\t\t\t<\/div>\n\t\t<div class=\"elementor-element elementor-element-8a4326c e-con-full e-flex e-con e-child\" data-id=\"8a4326c\" data-element_type=\"container\" data-e-type=\"container\">\n\t\t<div class=\"elementor-element elementor-element-82c7214 stretched-link e-con-full e-flex e-con e-child\" data-id=\"82c7214\" data-element_type=\"container\" data-e-type=\"container\" data-settings=\"{&quot;background_background&quot;:&quot;classic&quot;}\">\n\t\t\t\t<div class=\"elementor-element elementor-element-fc4c282 stretched-link elementor-view-default elementor-widget elementor-widget-icon\" data-id=\"fc4c282\" data-element_type=\"widget\" data-e-type=\"widget\" data-widget_type=\"icon.default\">\n\t\t\t\t<div class=\"elementor-widget-container\">\n\t\t\t\t\t\t\t<div class=\"elementor-icon-wrapper\">\n\t\t\t<a class=\"elementor-icon\" href=\"\/pl\/zawod\/\">\n\t\t\t<svg aria-hidden=\"true\" class=\"e-font-icon-svg e-fas-hard-hat\" viewBox=\"0 0 512 512\" xmlns=\"http:\/\/www.w3.org\/2000\/svg\"><path d=\"M480 288c0-80.25-49.28-148.92-119.19-177.62L320 192V80a16 16 0 0 0-16-16h-96a16 16 0 0 0-16 16v112l-40.81-81.62C81.28 139.08 32 207.75 32 288v64h448zm16 96H16a16 16 0 0 0-16 16v32a16 16 0 0 0 16 16h480a16 16 0 0 0 16-16v-32a16 16 0 0 0-16-16z\"><\/path><\/svg>\t\t\t<\/a>\n\t\t<\/div>\n\t\t\t\t\t\t<\/div>\n\t\t\t\t<\/div>\n\t\t\t\t<div class=\"elementor-element elementor-element-d63ae35 elementor-widget elementor-widget-text-editor\" data-id=\"d63ae35\" data-element_type=\"widget\" data-e-type=\"widget\" data-widget_type=\"text-editor.default\">\n\t\t\t\t<div class=\"elementor-widget-container\">\n\t\t\t\t\t\t\t\t\t<h3>Zawody<\/h3><p>Informacje o zawodach, dla kt\u00f3rych mamy wolne miejsca pracy.<\/p>\t\t\t\t\t\t\t\t<\/div>\n\t\t\t\t<\/div>\n\t\t\t\t<\/div>\n\t\t\t\t<\/div>\n\t\t\t\t<\/div>\n\t\t\t\t\t<\/div>\n\t\t\t\t<\/div>\n\t\t<div class=\"elementor-element elementor-element-64b93cd e-flex e-con-boxed e-con e-parent\" data-id=\"64b93cd\" data-element_type=\"container\" data-e-type=\"container\" data-settings=\"{&quot;background_background&quot;:&quot;classic&quot;}\">\n\t\t\t\t\t<div class=\"e-con-inner\">\n\t\t<div class=\"elementor-element elementor-element-aaf5b60 e-flex e-con-boxed e-con e-child\" data-id=\"aaf5b60\" data-element_type=\"container\" data-e-type=\"container\" data-settings=\"{&quot;background_background&quot;:&quot;classic&quot;}\">\n\t\t\t\t\t<div class=\"e-con-inner\">\n\t\t\t\t<div class=\"elementor-element elementor-element-56f1932 elementor-widget elementor-widget-template\" data-id=\"56f1932\" data-element_type=\"widget\" data-e-type=\"widget\" data-widget_type=\"template.default\">\n\t\t\t\t<div class=\"elementor-widget-container\">\n\t\t\t\t\t\t\t<div class=\"elementor-template\">\n\t\t\t\t\t<div data-elementor-type=\"container\" data-elementor-id=\"30368\" class=\"elementor elementor-30368\" data-elementor-post-type=\"elementor_library\">\n\t\t\t\t<div class=\"elementor-element elementor-element-24b2e04d e-flex e-con-boxed e-con e-parent\" data-id=\"24b2e04d\" data-element_type=\"container\" data-e-type=\"container\" data-settings=\"{&quot;background_background&quot;:&quot;classic&quot;}\">\n\t\t\t\t\t<div class=\"e-con-inner\">\n\t\t<div class=\"elementor-element elementor-element-7b37905c e-flex e-con-boxed e-con e-child\" data-id=\"7b37905c\" data-element_type=\"container\" data-e-type=\"container\" data-settings=\"{&quot;background_background&quot;:&quot;classic&quot;}\">\n\t\t\t\t\t<div class=\"e-con-inner\">\n\t\t\t\t<div class=\"elementor-element elementor-element-2b35c40f elementor-widget elementor-widget-text-editor\" data-id=\"2b35c40f\" data-element_type=\"widget\" data-e-type=\"widget\" data-widget_type=\"text-editor.default\">\n\t\t\t\t<div class=\"elementor-widget-container\">\n\t\t\t\t\t\t\t\t\t<p><strong>Masz pytanie?\u00a0<\/strong><br \/>Chcesz dowiedzie\u0107 si\u0119 wi\u0119cej lub zacz\u0105\u0107 wsp\u00f3\u0142pracowa\u0107 z Jobxion? Zapraszamy do <a href=\"\/pl\/kontakt\/\">kontaktu<\/a> w celu om\u00f3wienia mo\u017cliwo\u015bci.<\/p>\t\t\t\t\t\t\t\t<\/div>\n\t\t\t\t<\/div>\n\t\t\t\t\t<\/div>\n\t\t\t\t<\/div>\n\t\t\t\t\t<\/div>\n\t\t\t\t<\/div>\n\t\t\t\t<\/div>\n\t\t\t\t<\/div>\n\t\t\t\t\t\t<\/div>\n\t\t\t\t<\/div>\n\t\t\t\t\t<\/div>\n\t\t\t\t<\/div>\n\t\t\t\t\t<\/div>\n\t\t\t\t<\/div>\n\t\t\t\t<\/div>\n\t\t","protected":false},"excerpt":{"rendered":"<p>Wykszta\u0142cenie lub praca W budownictwie lub instalacji Praca przez Jobxion zaczyna si\u0119 tutaj Chcesz pracowa\u0107 lub ju\u017c pracujesz w bran\u017cy budowlanej lub instalacyjnej? Znajd\u017a swoj\u0105 now\u0105 prac\u0119 tutaj. Zobacz wszystkie nasze oferty pracy, szkolenia, mo\u017cliwo\u015bci zatrudnienia i nie tylko. Praca Sprawd\u017a wszystkie oferty pracy w budownictwie i in\u017cynierii instalacyjnej. Zatrudnienie Zobacz, jak mo\u017cesz dla nas [&hellip;]<\/p>\n","protected":false},"author":2,"featured_media":11811,"parent":0,"menu_order":0,"comment_status":"closed","ping_status":"closed","template":"","meta":{"_acf_changed":false,"site-sidebar-layout":"no-sidebar","site-content-layout":"page-builder","ast-site-content-layout":"full-width-container","site-content-style":"unboxed","site-sidebar-style":"default","ast-global-header-display":"","ast-banner-title-visibility":"","ast-main-header-display":"","ast-hfb-above-header-display":"","ast-hfb-below-header-display":"","ast-hfb-mobile-header-display":"","site-post-title":"disabled","ast-breadcrumbs-content":"","ast-featured-img":"disabled","footer-sml-layout":"","ast-disable-related-posts":"","theme-transparent-header-meta":"","adv-header-id-meta":"","stick-header-meta":"","header-above-stick-meta":"","header-main-stick-meta":"","header-below-stick-meta":"","astra-migrate-meta-layouts":"default","ast-page-background-enabled":"default","ast-page-background-meta":{"desktop":{"background-color":"var(--ast-global-color-4)","background-image":"","background-repeat":"repeat","background-position":"center center","background-size":"auto","background-attachment":"scroll","background-type":"","background-media":"","overlay-type":"","overlay-color":"","overlay-opacity":"","overlay-gradient":""},"tablet":{"background-color":"","background-image":"","background-repeat":"repeat","background-position":"center center","background-size":"auto","background-attachment":"scroll","background-type":"","background-media":"","overlay-type":"","overlay-color":"","overlay-opacity":"","overlay-gradient":""},"mobile":{"background-color":"","background-image":"","background-repeat":"repeat","background-position":"center center","background-size":"auto","background-attachment":"scroll","background-type":"","background-media":"","overlay-type":"","overlay-color":"","overlay-opacity":"","overlay-gradient":""}},"ast-content-background-meta":{"desktop":{"background-color":"var(--ast-global-color-5)","background-image":"","background-repeat":"repeat","background-position":"center center","background-size":"auto","background-attachment":"scroll","background-type":"","background-media":"","overlay-type":"","overlay-color":"","overlay-opacity":"","overlay-gradient":""},"tablet":{"background-color":"var(--ast-global-color-5)","background-image":"","background-repeat":"repeat","background-position":"center center","background-size":"auto","background-attachment":"scroll","background-type":"","background-media":"","overlay-type":"","overlay-color":"","overlay-opacity":"","overlay-gradient":""},"mobile":{"background-color":"var(--ast-global-color-5)","background-image":"","background-repeat":"repeat","background-position":"center center","background-size":"auto","background-attachment":"scroll","background-type":"","background-media":"","overlay-type":"","overlay-color":"","overlay-opacity":"","overlay-gradient":""}},"footnotes":""},"class_list":["post-12622","page","type-page","status-publish","has-post-thumbnail","hentry"],"acf":[],"yoast_head":"<!-- This site is optimized with the Yoast SEO Premium plugin v27.0 (Yoast SEO v27.0) - https:\/\/yoast.com\/product\/yoast-seo-premium-wordpress\/ -->\n<title>Agencja zatrudnienia oferuj\u0105ca prac\u0119 i szkolenia w dziedzinie budownictwa i instalacji<\/title>\n<meta name=\"description\" content=\"Pracujesz lub chcesz pracowa\u0107 w bran\u017cy budowlanej lub instalacyjnej? Zobacz wszystkie oferty pracy, we\u017a udzia\u0142 w bezp\u0142atnych szkoleniach i znajd\u017a informacje o naszych us\u0142ugach.\" \/>\n<meta name=\"robots\" content=\"index, follow, max-snippet:-1, max-image-preview:large, max-video-preview:-1\" \/>\n<link rel=\"canonical\" href=\"https:\/\/www.jobxion.com\/pl\/osoba-poszukujaca-pracy\/\" \/>\n<meta property=\"og:locale\" content=\"pl_PL\" \/>\n<meta property=\"og:type\" content=\"article\" \/>\n<meta property=\"og:title\" content=\"Agencja zatrudnienia oferuj\u0105ca prac\u0119 i szkolenia w dziedzinie budownictwa i instalacji\" \/>\n<meta property=\"og:description\" content=\"Pracujesz lub chcesz pracowa\u0107 w bran\u017cy budowlanej lub instalacyjnej? Zobacz wszystkie oferty pracy, we\u017a udzia\u0142 w bezp\u0142atnych szkoleniach i znajd\u017a informacje o naszych us\u0142ugach.\" \/>\n<meta property=\"og:url\" content=\"https:\/\/www.jobxion.com\/pl\/osoba-poszukujaca-pracy\/\" \/>\n<meta property=\"og:site_name\" content=\"Jobxion\" \/>\n<meta property=\"article:publisher\" content=\"https:\/\/www.facebook.com\/JobXion\" \/>\n<meta property=\"article:modified_time\" content=\"2024-03-08T14:05:05+00:00\" \/>\n<meta property=\"og:image\" content=\"https:\/\/www.jobxion.com\/wp-content\/uploads\/2022\/12\/Jobxion-X.png\" \/>\n\t<meta property=\"og:image:width\" content=\"830\" \/>\n\t<meta property=\"og:image:height\" content=\"697\" \/>\n\t<meta property=\"og:image:type\" content=\"image\/png\" \/>\n<script type=\"application\/ld+json\" class=\"yoast-schema-graph\">{\"@context\":\"https:\/\/schema.org\",\"@graph\":[{\"@type\":\"WebPage\",\"@id\":\"https:\/\/www.jobxion.com\/pl\/osoba-poszukujaca-pracy\/\",\"url\":\"https:\/\/www.jobxion.com\/pl\/osoba-poszukujaca-pracy\/\",\"name\":\"Agencja zatrudnienia oferuj\u0105ca prac\u0119 i szkolenia w dziedzinie budownictwa i instalacji\",\"isPartOf\":{\"@id\":\"https:\/\/www.jobxion.com\/pl\/#website\"},\"primaryImageOfPage\":{\"@id\":\"https:\/\/www.jobxion.com\/pl\/osoba-poszukujaca-pracy\/#primaryimage\"},\"image\":{\"@id\":\"https:\/\/www.jobxion.com\/pl\/osoba-poszukujaca-pracy\/#primaryimage\"},\"thumbnailUrl\":\"https:\/\/www.jobxion.com\/wp-content\/uploads\/2022\/12\/Jobxion-X.png\",\"datePublished\":\"2022-09-23T10:52:46+00:00\",\"dateModified\":\"2024-03-08T14:05:05+00:00\",\"description\":\"Pracujesz lub chcesz pracowa\u0107 w bran\u017cy budowlanej lub instalacyjnej? Zobacz wszystkie oferty pracy, we\u017a udzia\u0142 w bezp\u0142atnych szkoleniach i znajd\u017a informacje o naszych us\u0142ugach.\",\"inLanguage\":\"pl-PL\",\"potentialAction\":[{\"@type\":\"ReadAction\",\"target\":[\"https:\/\/www.jobxion.com\/pl\/osoba-poszukujaca-pracy\/\"]}]},{\"@type\":\"ImageObject\",\"inLanguage\":\"pl-PL\",\"@id\":\"https:\/\/www.jobxion.com\/pl\/osoba-poszukujaca-pracy\/#primaryimage\",\"url\":\"https:\/\/www.jobxion.com\/wp-content\/uploads\/2022\/12\/Jobxion-X.png\",\"contentUrl\":\"https:\/\/www.jobxion.com\/wp-content\/uploads\/2022\/12\/Jobxion-X.png\",\"width\":830,\"height\":697},{\"@type\":\"WebSite\",\"@id\":\"https:\/\/www.jobxion.com\/pl\/#website\",\"url\":\"https:\/\/www.jobxion.com\/pl\/\",\"name\":\"Jobxion\",\"description\":\"Jobxion\",\"publisher\":{\"@id\":\"https:\/\/www.jobxion.com\/pl\/#organization\"},\"potentialAction\":[{\"@type\":\"SearchAction\",\"target\":{\"@type\":\"EntryPoint\",\"urlTemplate\":\"https:\/\/www.jobxion.com\/pl\/?s={search_term_string}\"},\"query-input\":{\"@type\":\"PropertyValueSpecification\",\"valueRequired\":true,\"valueName\":\"search_term_string\"}}],\"inLanguage\":\"pl-PL\"},{\"@type\":\"Organization\",\"@id\":\"https:\/\/www.jobxion.com\/pl\/#organization\",\"name\":\"Jobxion\",\"url\":\"https:\/\/www.jobxion.com\/pl\/\",\"logo\":{\"@type\":\"ImageObject\",\"inLanguage\":\"pl-PL\",\"@id\":\"https:\/\/www.jobxion.com\/pl\/#\/schema\/logo\/image\/\",\"url\":\"https:\/\/www.jobxion.com\/wp-content\/uploads\/2022\/09\/Jobxion-website-e1671193791246.png\",\"contentUrl\":\"https:\/\/www.jobxion.com\/wp-content\/uploads\/2022\/09\/Jobxion-website-e1671193791246.png\",\"width\":150,\"height\":36,\"caption\":\"Jobxion\"},\"image\":{\"@id\":\"https:\/\/www.jobxion.com\/pl\/#\/schema\/logo\/image\/\"},\"sameAs\":[\"https:\/\/www.facebook.com\/JobXion\"]}]}<\/script>\n<!-- \/ Yoast SEO Premium plugin. -->","yoast_head_json":{"title":"Agencja zatrudnienia oferuj\u0105ca prac\u0119 i szkolenia w dziedzinie budownictwa i instalacji","description":"Pracujesz lub chcesz pracowa\u0107 w bran\u017cy budowlanej lub instalacyjnej? Zobacz wszystkie oferty pracy, we\u017a udzia\u0142 w bezp\u0142atnych szkoleniach i znajd\u017a informacje o naszych us\u0142ugach.","robots":{"index":"index","follow":"follow","max-snippet":"max-snippet:-1","max-image-preview":"max-image-preview:large","max-video-preview":"max-video-preview:-1"},"canonical":"https:\/\/www.jobxion.com\/pl\/osoba-poszukujaca-pracy\/","og_locale":"pl_PL","og_type":"article","og_title":"Agencja zatrudnienia oferuj\u0105ca prac\u0119 i szkolenia w dziedzinie budownictwa i instalacji","og_description":"Pracujesz lub chcesz pracowa\u0107 w bran\u017cy budowlanej lub instalacyjnej? Zobacz wszystkie oferty pracy, we\u017a udzia\u0142 w bezp\u0142atnych szkoleniach i znajd\u017a informacje o naszych us\u0142ugach.","og_url":"https:\/\/www.jobxion.com\/pl\/osoba-poszukujaca-pracy\/","og_site_name":"Jobxion","article_publisher":"https:\/\/www.facebook.com\/JobXion","article_modified_time":"2024-03-08T14:05:05+00:00","og_image":[{"width":830,"height":697,"url":"https:\/\/www.jobxion.com\/wp-content\/uploads\/2022\/12\/Jobxion-X.png","type":"image\/png"}],"schema":{"@context":"https:\/\/schema.org","@graph":[{"@type":"WebPage","@id":"https:\/\/www.jobxion.com\/pl\/osoba-poszukujaca-pracy\/","url":"https:\/\/www.jobxion.com\/pl\/osoba-poszukujaca-pracy\/","name":"Agencja zatrudnienia oferuj\u0105ca prac\u0119 i szkolenia w dziedzinie budownictwa i instalacji","isPartOf":{"@id":"https:\/\/www.jobxion.com\/pl\/#website"},"primaryImageOfPage":{"@id":"https:\/\/www.jobxion.com\/pl\/osoba-poszukujaca-pracy\/#primaryimage"},"image":{"@id":"https:\/\/www.jobxion.com\/pl\/osoba-poszukujaca-pracy\/#primaryimage"},"thumbnailUrl":"https:\/\/www.jobxion.com\/wp-content\/uploads\/2022\/12\/Jobxion-X.png","datePublished":"2022-09-23T10:52:46+00:00","dateModified":"2024-03-08T14:05:05+00:00","description":"Pracujesz lub chcesz pracowa\u0107 w bran\u017cy budowlanej lub instalacyjnej? Zobacz wszystkie oferty pracy, we\u017a udzia\u0142 w bezp\u0142atnych szkoleniach i znajd\u017a informacje o naszych us\u0142ugach.","inLanguage":"pl-PL","potentialAction":[{"@type":"ReadAction","target":["https:\/\/www.jobxion.com\/pl\/osoba-poszukujaca-pracy\/"]}]},{"@type":"ImageObject","inLanguage":"pl-PL","@id":"https:\/\/www.jobxion.com\/pl\/osoba-poszukujaca-pracy\/#primaryimage","url":"https:\/\/www.jobxion.com\/wp-content\/uploads\/2022\/12\/Jobxion-X.png","contentUrl":"https:\/\/www.jobxion.com\/wp-content\/uploads\/2022\/12\/Jobxion-X.png","width":830,"height":697},{"@type":"WebSite","@id":"https:\/\/www.jobxion.com\/pl\/#website","url":"https:\/\/www.jobxion.com\/pl\/","name":"Jobxion","description":"Jobxion","publisher":{"@id":"https:\/\/www.jobxion.com\/pl\/#organization"},"potentialAction":[{"@type":"SearchAction","target":{"@type":"EntryPoint","urlTemplate":"https:\/\/www.jobxion.com\/pl\/?s={search_term_string}"},"query-input":{"@type":"PropertyValueSpecification","valueRequired":true,"valueName":"search_term_string"}}],"inLanguage":"pl-PL"},{"@type":"Organization","@id":"https:\/\/www.jobxion.com\/pl\/#organization","name":"Jobxion","url":"https:\/\/www.jobxion.com\/pl\/","logo":{"@type":"ImageObject","inLanguage":"pl-PL","@id":"https:\/\/www.jobxion.com\/pl\/#\/schema\/logo\/image\/","url":"https:\/\/www.jobxion.com\/wp-content\/uploads\/2022\/09\/Jobxion-website-e1671193791246.png","contentUrl":"https:\/\/www.jobxion.com\/wp-content\/uploads\/2022\/09\/Jobxion-website-e1671193791246.png","width":150,"height":36,"caption":"Jobxion"},"image":{"@id":"https:\/\/www.jobxion.com\/pl\/#\/schema\/logo\/image\/"},"sameAs":["https:\/\/www.facebook.com\/JobXion"]}]}},"_links":{"self":[{"href":"https:\/\/www.jobxion.com\/pl\/wp-json\/wp\/v2\/pages\/12622","targetHints":{"allow":["GET"]}}],"collection":[{"href":"https:\/\/www.jobxion.com\/pl\/wp-json\/wp\/v2\/pages"}],"about":[{"href":"https:\/\/www.jobxion.com\/pl\/wp-json\/wp\/v2\/types\/page"}],"author":[{"embeddable":true,"href":"https:\/\/www.jobxion.com\/pl\/wp-json\/wp\/v2\/users\/2"}],"replies":[{"embeddable":true,"href":"https:\/\/www.jobxion.com\/pl\/wp-json\/wp\/v2\/comments?post=12622"}],"version-history":[{"count":3,"href":"https:\/\/www.jobxion.com\/pl\/wp-json\/wp\/v2\/pages\/12622\/revisions"}],"predecessor-version":[{"id":34633,"href":"https:\/\/www.jobxion.com\/pl\/wp-json\/wp\/v2\/pages\/12622\/revisions\/34633"}],"wp:featuredmedia":[{"embeddable":true,"href":"https:\/\/www.jobxion.com\/pl\/wp-json\/wp\/v2\/media\/11811"}],"wp:attachment":[{"href":"https:\/\/www.jobxion.com\/pl\/wp-json\/wp\/v2\/media?parent=12622"}],"curies":[{"name":"wp","href":"https:\/\/api.w.org\/{rel}","templated":true}]}}