{"id":12624,"date":"2022-10-25T11:19:02","date_gmt":"2022-10-25T09:19:02","guid":{"rendered":"https:\/\/www.jobxion.com\/otwarta-aplikacja\/"},"modified":"2025-11-06T14:11:09","modified_gmt":"2025-11-06T13:11:09","slug":"otwarta-aplikacja","status":"publish","type":"page","link":"https:\/\/www.jobxion.com\/pl\/otwarta-aplikacja\/","title":{"rendered":"Otwarta aplikacja"},"content":{"rendered":"\t\t<div data-elementor-type=\"wp-page\" data-elementor-id=\"12624\" class=\"elementor elementor-12624 elementor-1590\" data-elementor-post-type=\"page\">\n\t\t\t\t<div class=\"elementor-element elementor-element-ad04dcc e-flex e-con-boxed e-con e-parent\" data-id=\"ad04dcc\" data-element_type=\"container\" data-e-type=\"container\" data-settings=\"{&quot;background_background&quot;:&quot;gradient&quot;}\">\n\t\t\t\t\t<div class=\"e-con-inner\">\n\t\t<div class=\"elementor-element elementor-element-d8be33e e-con-full e-flex e-con e-child\" data-id=\"d8be33e\" data-element_type=\"container\" data-e-type=\"container\">\n\t\t<div class=\"elementor-element elementor-element-9392639 e-con-full e-flex e-con e-child\" data-id=\"9392639\" data-element_type=\"container\" data-e-type=\"container\">\n\t\t\t\t<div class=\"elementor-element elementor-element-a7f7cfd elementor-widget elementor-widget-heading\" data-id=\"a7f7cfd\" data-element_type=\"widget\" data-e-type=\"widget\" data-widget_type=\"heading.default\">\n\t\t\t\t<div class=\"elementor-widget-container\">\n\t\t\t\t\t<h1 class=\"elementor-heading-title elementor-size-default\">Otwarta aplikacja <\/h1>\t\t\t\t<\/div>\n\t\t\t\t<\/div>\n\t\t\t\t<div class=\"elementor-element elementor-element-2d55f83 elementor-widget elementor-widget-heading\" data-id=\"2d55f83\" data-element_type=\"widget\" data-e-type=\"widget\" data-widget_type=\"heading.default\">\n\t\t\t\t<div class=\"elementor-widget-container\">\n\t\t\t\t\t<h2 class=\"elementor-heading-title elementor-size-default\">Znajdziemy dla Ciebie wymarzon\u0105 prac\u0119!<\/h2>\t\t\t\t<\/div>\n\t\t\t\t<\/div>\n\t\t\t\t<\/div>\n\t\t\t\t<\/div>\n\t\t\t\t\t<\/div>\n\t\t\t\t<\/div>\n\t\t<div class=\"elementor-element elementor-element-9707141 e-flex e-con-boxed e-con e-parent\" data-id=\"9707141\" data-element_type=\"container\" data-e-type=\"container\">\n\t\t\t\t\t<div class=\"e-con-inner\">\n\t\t<div class=\"elementor-element elementor-element-c1b527c e-con-full e-flex e-con e-child\" data-id=\"c1b527c\" data-element_type=\"container\" data-e-type=\"container\">\n\t\t\t\t<div class=\"elementor-element elementor-element-b7b055c elementor-widget elementor-widget-heading\" data-id=\"b7b055c\" data-element_type=\"widget\" data-e-type=\"widget\" data-widget_type=\"heading.default\">\n\t\t\t\t<div class=\"elementor-widget-container\">\n\t\t\t\t\t<h2 class=\"elementor-heading-title elementor-size-default\">Otwarta aplikacja<\/h2>\t\t\t\t<\/div>\n\t\t\t\t<\/div>\n\t\t\t\t<div class=\"elementor-element elementor-element-1afa52d elementor-widget elementor-widget-text-editor\" data-id=\"1afa52d\" data-element_type=\"widget\" data-e-type=\"widget\" data-widget_type=\"text-editor.default\">\n\t\t\t\t<div class=\"elementor-widget-container\">\n\t\t\t\t\t\t\t\t\t<p>Czy idealna praca nie jest w\u015br\u00f3d tych co widzisz, czy chcesz, aby\u015bmy wyszukali odpowiedni wakat pasuj\u0105cy do Twojego CV i wymaga\u0144? Wy\u015blij nam otwart\u0105 aplikacj\u0119, a my zaczniemy dla Ciebie szuka\u0107 odpowiedniego wakatu!<\/p>\n\t\t\t\t\t\t\t\t<\/div>\n\t\t\t\t<\/div>\n\t\t<div class=\"elementor-element elementor-element-1001e37 e-con-full e-flex e-con e-child\" data-id=\"1001e37\" data-element_type=\"container\" data-e-type=\"container\">\n\t\t<div class=\"elementor-element elementor-element-9e3c572 e-con-full e-flex e-con e-child\" data-id=\"9e3c572\" data-element_type=\"container\" data-e-type=\"container\">\n\t\t\t\t<div class=\"elementor-element elementor-element-9cb1f22 elementor-widget elementor-widget-heading\" data-id=\"9cb1f22\" data-element_type=\"widget\" data-e-type=\"widget\" data-widget_type=\"heading.default\">\n\t\t\t\t<div class=\"elementor-widget-container\">\n\t\t\t\t\t<h2 class=\"elementor-heading-title elementor-size-default\">Dlaczego warto pracowa\u0107 dla Jobxion?<\/h2>\t\t\t\t<\/div>\n\t\t\t\t<\/div>\n\t\t\t\t<div class=\"elementor-element elementor-element-35b3cca elementor-widget elementor-widget-heading\" data-id=\"35b3cca\" data-element_type=\"widget\" data-e-type=\"widget\" data-widget_type=\"heading.default\">\n\t\t\t\t<div class=\"elementor-widget-container\">\n\t\t\t\t\t<p class=\"elementor-heading-title elementor-size-default\">Wype\u0142nij formularz, a my skontaktujemy si\u0119 z Tob\u0105 w ci\u0105gu 2 dni roboczych.<\/p>\t\t\t\t<\/div>\n\t\t\t\t<\/div>\n\t\t\t\t<div class=\"elementor-element elementor-element-e57c63c elementor-icon-list--layout-traditional elementor-list-item-link-full_width elementor-widget elementor-widget-icon-list\" data-id=\"e57c63c\" data-element_type=\"widget\" data-e-type=\"widget\" data-widget_type=\"icon-list.default\">\n\t\t\t\t<div class=\"elementor-widget-container\">\n\t\t\t\t\t\t\t<ul class=\"elementor-icon-list-items\">\n\t\t\t\t\t\t\t<li class=\"elementor-icon-list-item\">\n\t\t\t\t\t\t\t\t\t\t\t<span class=\"elementor-icon-list-icon\">\n\t\t\t\t\t\t\t<svg aria-hidden=\"true\" class=\"e-font-icon-svg e-fas-check\" viewBox=\"0 0 512 512\" xmlns=\"http:\/\/www.w3.org\/2000\/svg\"><path d=\"M173.898 439.404l-166.4-166.4c-9.997-9.997-9.997-26.206 0-36.204l36.203-36.204c9.997-9.998 26.207-9.998 36.204 0L192 312.69 432.095 72.596c9.997-9.997 26.207-9.997 36.204 0l36.203 36.204c9.997 9.997 9.997 26.206 0 36.204l-294.4 294.401c-9.998 9.997-26.207 9.997-36.204-.001z\"><\/path><\/svg>\t\t\t\t\t\t<\/span>\n\t\t\t\t\t\t\t\t\t\t<span class=\"elementor-icon-list-text\">Dobre \u015bwiadczenia plus naliczanie emerytury<\/span>\n\t\t\t\t\t\t\t\t\t<\/li>\n\t\t\t\t\t\t\t\t<li class=\"elementor-icon-list-item\">\n\t\t\t\t\t\t\t\t\t\t\t<span class=\"elementor-icon-list-icon\">\n\t\t\t\t\t\t\t<svg aria-hidden=\"true\" class=\"e-font-icon-svg e-fas-check\" viewBox=\"0 0 512 512\" xmlns=\"http:\/\/www.w3.org\/2000\/svg\"><path d=\"M173.898 439.404l-166.4-166.4c-9.997-9.997-9.997-26.206 0-36.204l36.203-36.204c9.997-9.998 26.207-9.998 36.204 0L192 312.69 432.095 72.596c9.997-9.997 26.207-9.997 36.204 0l36.203 36.204c9.997 9.997 9.997 26.206 0 36.204l-294.4 294.401c-9.998 9.997-26.207 9.997-36.204-.001z\"><\/path><\/svg>\t\t\t\t\t\t<\/span>\n\t\t\t\t\t\t\t\t\t\t<span class=\"elementor-icon-list-text\">Zawsze \u015bwietny projekt w Twojej okolicy<\/span>\n\t\t\t\t\t\t\t\t\t<\/li>\n\t\t\t\t\t\t\t\t<li class=\"elementor-icon-list-item\">\n\t\t\t\t\t\t\t\t\t\t\t<span class=\"elementor-icon-list-icon\">\n\t\t\t\t\t\t\t<svg aria-hidden=\"true\" class=\"e-font-icon-svg e-fas-check\" viewBox=\"0 0 512 512\" xmlns=\"http:\/\/www.w3.org\/2000\/svg\"><path d=\"M173.898 439.404l-166.4-166.4c-9.997-9.997-9.997-26.206 0-36.204l36.203-36.204c9.997-9.998 26.207-9.998 36.204 0L192 312.69 432.095 72.596c9.997-9.997 26.207-9.997 36.204 0l36.203 36.204c9.997 9.997 9.997 26.206 0 36.204l-294.4 294.401c-9.998 9.997-26.207 9.997-36.204-.001z\"><\/path><\/svg>\t\t\t\t\t\t<\/span>\n\t\t\t\t\t\t\t\t\t\t<span class=\"elementor-icon-list-text\">Kontakt osobisty<\/span>\n\t\t\t\t\t\t\t\t\t<\/li>\n\t\t\t\t\t\t<\/ul>\n\t\t\t\t\t\t<\/div>\n\t\t\t\t<\/div>\n\t\t\t\t<div class=\"elementor-element elementor-element-c034b29 elementor-button-align-stretch elementor-widget elementor-widget-form\" data-id=\"c034b29\" data-element_type=\"widget\" data-e-type=\"widget\" data-settings=\"{&quot;step_next_label&quot;:&quot;Nast\\u0119pny&quot;,&quot;step_previous_label&quot;:&quot;Poprzedni&quot;,&quot;button_width&quot;:&quot;100&quot;,&quot;step_type&quot;:&quot;number_text&quot;,&quot;step_icon_shape&quot;:&quot;circle&quot;}\" data-widget_type=\"form.default\">\n\t\t\t\t<div class=\"elementor-widget-container\">\n\t\t\t\t\t\t\t<form class=\"elementor-form\" method=\"post\" name=\"Otwarta aplikacja\" aria-label=\"Otwarta aplikacja\">\n\t\t\t<input type=\"hidden\" name=\"post_id\" value=\"12624\"\/>\n\t\t\t<input type=\"hidden\" name=\"form_id\" value=\"c034b29\"\/>\n\t\t\t<input type=\"hidden\" name=\"referer_title\" value=\"Wy\u015blij otwart\u0105 aplikacj\u0119 do Jobxion\" \/>\n\n\t\t\t\t\t\t\t<input type=\"hidden\" name=\"queried_id\" value=\"12624\"\/>\n\t\t\t\n\t\t\t<div class=\"elementor-form-fields-wrapper elementor-labels-above\">\n\t\t\t\t\t\t\t\t<div class=\"elementor-field-type-text elementor-field-group elementor-column elementor-field-group-field_voornaam elementor-col-100 elementor-field-required elementor-mark-required\">\n\t\t\t\t\t\t\t\t\t\t\t\t<label for=\"form-field-field_voornaam\" class=\"elementor-field-label\">\n\t\t\t\t\t\t\t\tImi\u0119\t\t\t\t\t\t\t<\/label>\n\t\t\t\t\t\t\t\t\t\t\t\t\t\t<input size=\"1\" type=\"text\" name=\"form_fields[field_voornaam]\" id=\"form-field-field_voornaam\" class=\"elementor-field elementor-size-xs  elementor-field-textual\" required=\"required\">\n\t\t\t\t\t\t\t\t\t\t\t<\/div>\n\t\t\t\t\t\t\t\t<div class=\"elementor-field-type-text elementor-field-group elementor-column elementor-field-group-field_achternaam elementor-col-100 elementor-field-required elementor-mark-required\">\n\t\t\t\t\t\t\t\t\t\t\t\t<label for=\"form-field-field_achternaam\" class=\"elementor-field-label\">\n\t\t\t\t\t\t\t\tNazwisko\t\t\t\t\t\t\t<\/label>\n\t\t\t\t\t\t\t\t\t\t\t\t\t\t<input size=\"1\" type=\"text\" name=\"form_fields[field_achternaam]\" id=\"form-field-field_achternaam\" class=\"elementor-field elementor-size-xs  elementor-field-textual\" required=\"required\">\n\t\t\t\t\t\t\t\t\t\t\t<\/div>\n\t\t\t\t\t\t\t\t<div class=\"elementor-field-type-text elementor-field-group elementor-column elementor-field-group-field_woonplaats elementor-col-100 elementor-field-required elementor-mark-required\">\n\t\t\t\t\t\t\t\t\t\t\t\t<label for=\"form-field-field_woonplaats\" class=\"elementor-field-label\">\n\t\t\t\t\t\t\t\tTwoja lokalizacja\t\t\t\t\t\t\t<\/label>\n\t\t\t\t\t\t\t\t\t\t\t\t\t\t<input size=\"1\" type=\"text\" name=\"form_fields[field_woonplaats]\" id=\"form-field-field_woonplaats\" class=\"elementor-field elementor-size-xs  elementor-field-textual\" required=\"required\">\n\t\t\t\t\t\t\t\t\t\t\t<\/div>\n\t\t\t\t\t\t\t\t<div class=\"elementor-field-type-email elementor-field-group elementor-column elementor-field-group-field_email elementor-col-100 elementor-field-required elementor-mark-required\">\n\t\t\t\t\t\t\t\t\t\t\t\t<label for=\"form-field-field_email\" class=\"elementor-field-label\">\n\t\t\t\t\t\t\t\tE-mail\t\t\t\t\t\t\t<\/label>\n\t\t\t\t\t\t\t\t\t\t\t\t\t\t<input size=\"1\" type=\"email\" name=\"form_fields[field_email]\" id=\"form-field-field_email\" class=\"elementor-field elementor-size-xs  elementor-field-textual\" required=\"required\">\n\t\t\t\t\t\t\t\t\t\t\t<\/div>\n\t\t\t\t\t\t\t\t<div class=\"elementor-field-type-tel elementor-field-group elementor-column elementor-field-group-field_telefoon elementor-col-100 elementor-field-required elementor-mark-required\">\n\t\t\t\t\t\t\t\t\t\t\t\t<label for=\"form-field-field_telefoon\" class=\"elementor-field-label\">\n\t\t\t\t\t\t\t\tNumer telefonu\t\t\t\t\t\t\t<\/label>\n\t\t\t\t\t\t\t\t<input size=\"1\" type=\"tel\" name=\"form_fields[field_telefoon]\" id=\"form-field-field_telefoon\" class=\"elementor-field elementor-size-xs  elementor-field-textual\" required=\"required\" pattern=\"[0-9()#&amp;+*-=.]+\" title=\"Akceptowane s\u0105 jedynie cyfry i znaki telefoniczne (#,-,*).\">\n\n\t\t\t\t\t\t<\/div>\n\t\t\t\t\t\t\t\t<div class=\"elementor-field-type-upload elementor-field-group elementor-column elementor-field-group-field_cv elementor-col-100\">\n\t\t\t\t\t\t\t\t\t\t\t\t<label for=\"form-field-field_cv\" class=\"elementor-field-label\">\n\t\t\t\t\t\t\t\tCV (niewymagane)\t\t\t\t\t\t\t<\/label>\n\t\t\t\t\t\t\t\t<input type=\"file\" name=\"form_fields[field_cv]\" id=\"form-field-field_cv\" class=\"elementor-field elementor-size-xs  elementor-upload-field\" data-maxsize=\"5\" data-maxsize-message=\"Rozmiar pliku przekracza dozwolony rozmiar.\">\n\n\t\t\t\t\t\t<\/div>\n\t\t\t\t\t\t\t\t<div class=\"elementor-field-group elementor-column elementor-field-type-submit elementor-col-100 e-form__buttons\">\n\t\t\t\t\t<button class=\"elementor-button elementor-size-sm\" type=\"submit\">\n\t\t\t\t\t\t<span class=\"elementor-button-content-wrapper\">\n\t\t\t\t\t\t\t\t\t\t\t\t\t\t\t\t\t\t\t\t\t\t<span class=\"elementor-button-text\">Wysy\u0142ka<\/span>\n\t\t\t\t\t\t\t\t\t\t\t\t\t<\/span>\n\t\t\t\t\t<\/button>\n\t\t\t\t<\/div>\n\t\t\t<\/div>\n\t\t<\/form>\n\t\t\t\t\t\t<\/div>\n\t\t\t\t<\/div>\n\t\t\t\t<div class=\"elementor-element elementor-element-7b66411 elementor-widget elementor-widget-heading\" data-id=\"7b66411\" data-element_type=\"widget\" data-e-type=\"widget\" data-widget_type=\"heading.default\">\n\t\t\t\t<div class=\"elementor-widget-container\">\n\t\t\t\t\t<h3 class=\"elementor-heading-title elementor-size-default\">Kontakt osobisty<\/h3>\t\t\t\t<\/div>\n\t\t\t\t<\/div>\n\t\t\t\t<div class=\"elementor-element elementor-element-ab610e2 elementor-widget elementor-widget-text-editor\" data-id=\"ab610e2\" data-element_type=\"widget\" data-e-type=\"widget\" data-widget_type=\"text-editor.default\">\n\t\t\t\t<div class=\"elementor-widget-container\">\n\t\t\t\t\t\t\t\t\t<p>Masz pytania? <a href=\"\/pl\/kontakt\/\">Skontaktuj<\/a> si\u0119 z nami<\/p>\t\t\t\t\t\t\t\t<\/div>\n\t\t\t\t<\/div>\n\t\t\t\t<\/div>\n\t\t\t\t<\/div>\n\t\t\t\t<\/div>\n\t\t\t\t\t<\/div>\n\t\t\t\t<\/div>\n\t\t\t\t<\/div>\n\t\t","protected":false},"excerpt":{"rendered":"<p>Otwarta aplikacja Znajdziemy dla Ciebie wymarzon\u0105 prac\u0119! Otwarta aplikacja Czy idealna praca nie jest w\u015br\u00f3d tych co widzisz, czy chcesz, aby\u015bmy wyszukali odpowiedni wakat pasuj\u0105cy do Twojego CV i wymaga\u0144? Wy\u015blij nam otwart\u0105 aplikacj\u0119, a my zaczniemy dla Ciebie szuka\u0107 odpowiedniego wakatu! Dlaczego warto pracowa\u0107 dla Jobxion? Wype\u0142nij formularz, a my skontaktujemy si\u0119 z Tob\u0105 [&hellip;]<\/p>\n","protected":false},"author":2,"featured_media":0,"parent":0,"menu_order":0,"comment_status":"closed","ping_status":"closed","template":"","meta":{"_acf_changed":false,"site-sidebar-layout":"no-sidebar","site-content-layout":"page-builder","ast-site-content-layout":"full-width-container","site-content-style":"unboxed","site-sidebar-style":"unboxed","ast-global-header-display":"","ast-banner-title-visibility":"","ast-main-header-display":"","ast-hfb-above-header-display":"","ast-hfb-below-header-display":"","ast-hfb-mobile-header-display":"","site-post-title":"disabled","ast-breadcrumbs-content":"","ast-featured-img":"disabled","footer-sml-layout":"","ast-disable-related-posts":"","theme-transparent-header-meta":"","adv-header-id-meta":"","stick-header-meta":"","header-above-stick-meta":"","header-main-stick-meta":"","header-below-stick-meta":"","astra-migrate-meta-layouts":"default","ast-page-background-enabled":"default","ast-page-background-meta":{"desktop":{"background-color":"var(--ast-global-color-4)","background-image":"","background-repeat":"repeat","background-position":"center center","background-size":"auto","background-attachment":"scroll","background-type":"","background-media":"","overlay-type":"","overlay-color":"","overlay-opacity":"","overlay-gradient":""},"tablet":{"background-color":"","background-image":"","background-repeat":"repeat","background-position":"center center","background-size":"auto","background-attachment":"scroll","background-type":"","background-media":"","overlay-type":"","overlay-color":"","overlay-opacity":"","overlay-gradient":""},"mobile":{"background-color":"","background-image":"","background-repeat":"repeat","background-position":"center center","background-size":"auto","background-attachment":"scroll","background-type":"","background-media":"","overlay-type":"","overlay-color":"","overlay-opacity":"","overlay-gradient":""}},"ast-content-background-meta":{"desktop":{"background-color":"var(--ast-global-color-5)","background-image":"","background-repeat":"repeat","background-position":"center center","background-size":"auto","background-attachment":"scroll","background-type":"","background-media":"","overlay-type":"","overlay-color":"","overlay-opacity":"","overlay-gradient":""},"tablet":{"background-color":"var(--ast-global-color-5)","background-image":"","background-repeat":"repeat","background-position":"center center","background-size":"auto","background-attachment":"scroll","background-type":"","background-media":"","overlay-type":"","overlay-color":"","overlay-opacity":"","overlay-gradient":""},"mobile":{"background-color":"var(--ast-global-color-5)","background-image":"","background-repeat":"repeat","background-position":"center center","background-size":"auto","background-attachment":"scroll","background-type":"","background-media":"","overlay-type":"","overlay-color":"","overlay-opacity":"","overlay-gradient":""}},"footnotes":""},"class_list":["post-12624","page","type-page","status-publish","hentry"],"acf":[],"yoast_head":"<!-- This site is optimized with the Yoast SEO Premium plugin v27.0 (Yoast SEO v27.0) - https:\/\/yoast.com\/product\/yoast-seo-premium-wordpress\/ -->\n<title>Wy\u015blij otwart\u0105 aplikacj\u0119 do Jobxion<\/title>\n<meta name=\"description\" content=\"Wy\u015blij nam otwart\u0105 aplikacj\u0119, a my znajdziemy dla Ciebie prac\u0119 odpowiadaj\u0105c\u0105 Twoim potrzebom. Aplikuj \u0142atwo, nawet bez CV.\" \/>\n<meta name=\"robots\" content=\"index, follow, max-snippet:-1, max-image-preview:large, max-video-preview:-1\" \/>\n<link rel=\"canonical\" href=\"https:\/\/www.jobxion.com\/pl\/otwarta-aplikacja\/\" \/>\n<meta property=\"og:locale\" content=\"pl_PL\" \/>\n<meta property=\"og:type\" content=\"article\" \/>\n<meta property=\"og:title\" content=\"Wy\u015blij otwart\u0105 aplikacj\u0119 do Jobxion\" \/>\n<meta property=\"og:description\" content=\"Wy\u015blij nam otwart\u0105 aplikacj\u0119, a my znajdziemy dla Ciebie prac\u0119 odpowiadaj\u0105c\u0105 Twoim potrzebom. Aplikuj \u0142atwo, nawet bez CV.\" \/>\n<meta property=\"og:url\" content=\"https:\/\/www.jobxion.com\/pl\/otwarta-aplikacja\/\" \/>\n<meta property=\"og:site_name\" content=\"Jobxion\" \/>\n<meta property=\"article:publisher\" content=\"https:\/\/www.facebook.com\/JobXion\" \/>\n<meta property=\"article:modified_time\" content=\"2025-11-06T13:11:09+00:00\" \/>\n<script type=\"application\/ld+json\" class=\"yoast-schema-graph\">{\"@context\":\"https:\/\/schema.org\",\"@graph\":[{\"@type\":\"WebPage\",\"@id\":\"https:\/\/www.jobxion.com\/pl\/otwarta-aplikacja\/\",\"url\":\"https:\/\/www.jobxion.com\/pl\/otwarta-aplikacja\/\",\"name\":\"Wy\u015blij otwart\u0105 aplikacj\u0119 do Jobxion\",\"isPartOf\":{\"@id\":\"https:\/\/www.jobxion.com\/pl\/#website\"},\"datePublished\":\"2022-10-25T09:19:02+00:00\",\"dateModified\":\"2025-11-06T13:11:09+00:00\",\"description\":\"Wy\u015blij nam otwart\u0105 aplikacj\u0119, a my znajdziemy dla Ciebie prac\u0119 odpowiadaj\u0105c\u0105 Twoim potrzebom. Aplikuj \u0142atwo, nawet bez CV.\",\"inLanguage\":\"pl-PL\",\"potentialAction\":[{\"@type\":\"ReadAction\",\"target\":[\"https:\/\/www.jobxion.com\/pl\/otwarta-aplikacja\/\"]}]},{\"@type\":\"WebSite\",\"@id\":\"https:\/\/www.jobxion.com\/pl\/#website\",\"url\":\"https:\/\/www.jobxion.com\/pl\/\",\"name\":\"Jobxion\",\"description\":\"Jobxion\",\"publisher\":{\"@id\":\"https:\/\/www.jobxion.com\/pl\/#organization\"},\"potentialAction\":[{\"@type\":\"SearchAction\",\"target\":{\"@type\":\"EntryPoint\",\"urlTemplate\":\"https:\/\/www.jobxion.com\/pl\/?s={search_term_string}\"},\"query-input\":{\"@type\":\"PropertyValueSpecification\",\"valueRequired\":true,\"valueName\":\"search_term_string\"}}],\"inLanguage\":\"pl-PL\"},{\"@type\":\"Organization\",\"@id\":\"https:\/\/www.jobxion.com\/pl\/#organization\",\"name\":\"Jobxion\",\"url\":\"https:\/\/www.jobxion.com\/pl\/\",\"logo\":{\"@type\":\"ImageObject\",\"inLanguage\":\"pl-PL\",\"@id\":\"https:\/\/www.jobxion.com\/pl\/#\/schema\/logo\/image\/\",\"url\":\"https:\/\/www.jobxion.com\/wp-content\/uploads\/2022\/09\/Jobxion-website-e1671193791246.png\",\"contentUrl\":\"https:\/\/www.jobxion.com\/wp-content\/uploads\/2022\/09\/Jobxion-website-e1671193791246.png\",\"width\":150,\"height\":36,\"caption\":\"Jobxion\"},\"image\":{\"@id\":\"https:\/\/www.jobxion.com\/pl\/#\/schema\/logo\/image\/\"},\"sameAs\":[\"https:\/\/www.facebook.com\/JobXion\"]}]}<\/script>\n<!-- \/ Yoast SEO Premium plugin. -->","yoast_head_json":{"title":"Wy\u015blij otwart\u0105 aplikacj\u0119 do Jobxion","description":"Wy\u015blij nam otwart\u0105 aplikacj\u0119, a my znajdziemy dla Ciebie prac\u0119 odpowiadaj\u0105c\u0105 Twoim potrzebom. Aplikuj \u0142atwo, nawet bez CV.","robots":{"index":"index","follow":"follow","max-snippet":"max-snippet:-1","max-image-preview":"max-image-preview:large","max-video-preview":"max-video-preview:-1"},"canonical":"https:\/\/www.jobxion.com\/pl\/otwarta-aplikacja\/","og_locale":"pl_PL","og_type":"article","og_title":"Wy\u015blij otwart\u0105 aplikacj\u0119 do Jobxion","og_description":"Wy\u015blij nam otwart\u0105 aplikacj\u0119, a my znajdziemy dla Ciebie prac\u0119 odpowiadaj\u0105c\u0105 Twoim potrzebom. Aplikuj \u0142atwo, nawet bez CV.","og_url":"https:\/\/www.jobxion.com\/pl\/otwarta-aplikacja\/","og_site_name":"Jobxion","article_publisher":"https:\/\/www.facebook.com\/JobXion","article_modified_time":"2025-11-06T13:11:09+00:00","schema":{"@context":"https:\/\/schema.org","@graph":[{"@type":"WebPage","@id":"https:\/\/www.jobxion.com\/pl\/otwarta-aplikacja\/","url":"https:\/\/www.jobxion.com\/pl\/otwarta-aplikacja\/","name":"Wy\u015blij otwart\u0105 aplikacj\u0119 do Jobxion","isPartOf":{"@id":"https:\/\/www.jobxion.com\/pl\/#website"},"datePublished":"2022-10-25T09:19:02+00:00","dateModified":"2025-11-06T13:11:09+00:00","description":"Wy\u015blij nam otwart\u0105 aplikacj\u0119, a my znajdziemy dla Ciebie prac\u0119 odpowiadaj\u0105c\u0105 Twoim potrzebom. Aplikuj \u0142atwo, nawet bez CV.","inLanguage":"pl-PL","potentialAction":[{"@type":"ReadAction","target":["https:\/\/www.jobxion.com\/pl\/otwarta-aplikacja\/"]}]},{"@type":"WebSite","@id":"https:\/\/www.jobxion.com\/pl\/#website","url":"https:\/\/www.jobxion.com\/pl\/","name":"Jobxion","description":"Jobxion","publisher":{"@id":"https:\/\/www.jobxion.com\/pl\/#organization"},"potentialAction":[{"@type":"SearchAction","target":{"@type":"EntryPoint","urlTemplate":"https:\/\/www.jobxion.com\/pl\/?s={search_term_string}"},"query-input":{"@type":"PropertyValueSpecification","valueRequired":true,"valueName":"search_term_string"}}],"inLanguage":"pl-PL"},{"@type":"Organization","@id":"https:\/\/www.jobxion.com\/pl\/#organization","name":"Jobxion","url":"https:\/\/www.jobxion.com\/pl\/","logo":{"@type":"ImageObject","inLanguage":"pl-PL","@id":"https:\/\/www.jobxion.com\/pl\/#\/schema\/logo\/image\/","url":"https:\/\/www.jobxion.com\/wp-content\/uploads\/2022\/09\/Jobxion-website-e1671193791246.png","contentUrl":"https:\/\/www.jobxion.com\/wp-content\/uploads\/2022\/09\/Jobxion-website-e1671193791246.png","width":150,"height":36,"caption":"Jobxion"},"image":{"@id":"https:\/\/www.jobxion.com\/pl\/#\/schema\/logo\/image\/"},"sameAs":["https:\/\/www.facebook.com\/JobXion"]}]}},"_links":{"self":[{"href":"https:\/\/www.jobxion.com\/pl\/wp-json\/wp\/v2\/pages\/12624","targetHints":{"allow":["GET"]}}],"collection":[{"href":"https:\/\/www.jobxion.com\/pl\/wp-json\/wp\/v2\/pages"}],"about":[{"href":"https:\/\/www.jobxion.com\/pl\/wp-json\/wp\/v2\/types\/page"}],"author":[{"embeddable":true,"href":"https:\/\/www.jobxion.com\/pl\/wp-json\/wp\/v2\/users\/2"}],"replies":[{"embeddable":true,"href":"https:\/\/www.jobxion.com\/pl\/wp-json\/wp\/v2\/comments?post=12624"}],"version-history":[{"count":10,"href":"https:\/\/www.jobxion.com\/pl\/wp-json\/wp\/v2\/pages\/12624\/revisions"}],"predecessor-version":[{"id":37659,"href":"https:\/\/www.jobxion.com\/pl\/wp-json\/wp\/v2\/pages\/12624\/revisions\/37659"}],"wp:attachment":[{"href":"https:\/\/www.jobxion.com\/pl\/wp-json\/wp\/v2\/media?parent=12624"}],"curies":[{"name":"wp","href":"https:\/\/api.w.org\/{rel}","templated":true}]}}