{"id":12650,"date":"2022-10-04T12:19:54","date_gmt":"2022-10-04T10:19:54","guid":{"rendered":"https:\/\/www.jobxion.com\/zatrudnienie\/oddelegowanie\/"},"modified":"2024-02-12T10:06:03","modified_gmt":"2024-02-12T09:06:03","slug":"oddelegowanie","status":"publish","type":"page","link":"https:\/\/www.jobxion.com\/pl\/zatrudnienie\/oddelegowanie\/","title":{"rendered":"oddelegowanie"},"content":{"rendered":"\t\t<div data-elementor-type=\"wp-page\" data-elementor-id=\"12650\" class=\"elementor elementor-12650 elementor-408\" data-elementor-post-type=\"page\">\n\t\t\t\t<div class=\"elementor-element elementor-element-1d50183 e-flex e-con-boxed e-con e-parent\" data-id=\"1d50183\" data-element_type=\"container\" data-e-type=\"container\" data-settings=\"{&quot;background_background&quot;:&quot;gradient&quot;}\">\n\t\t\t\t\t<div class=\"e-con-inner\">\n\t\t<div class=\"elementor-element elementor-element-9bc3889 e-con-full e-flex e-con e-child\" data-id=\"9bc3889\" data-element_type=\"container\" data-e-type=\"container\" data-settings=\"{&quot;background_background&quot;:&quot;classic&quot;}\">\n\t\t<div class=\"elementor-element elementor-element-d2d3fea e-con-full e-flex e-con e-child\" data-id=\"d2d3fea\" data-element_type=\"container\" data-e-type=\"container\">\n\t\t<div class=\"elementor-element elementor-element-d7d8c53 e-con-full e-flex e-con e-child\" data-id=\"d7d8c53\" data-element_type=\"container\" data-e-type=\"container\">\n\t\t\t\t<div class=\"elementor-element elementor-element-0362120 elementor-widget elementor-widget-heading\" data-id=\"0362120\" data-element_type=\"widget\" data-e-type=\"widget\" data-widget_type=\"heading.default\">\n\t\t\t\t<div class=\"elementor-widget-container\">\n\t\t\t\t\t<h1 class=\"elementor-heading-title elementor-size-default\">Oddelegowanie w bran\u017cy budowlanej lub in\u017cynieryjnej<\/h1>\t\t\t\t<\/div>\n\t\t\t\t<\/div>\n\t\t\t\t<div class=\"elementor-element elementor-element-93d0988 elementor-widget elementor-widget-heading\" data-id=\"93d0988\" data-element_type=\"widget\" data-e-type=\"widget\" data-widget_type=\"heading.default\">\n\t\t\t\t<div class=\"elementor-widget-container\">\n\t\t\t\t\t<h2 class=\"elementor-heading-title elementor-size-default\">Tak dzia\u0142a oddelegowanie w Jobxion<\/h2>\t\t\t\t<\/div>\n\t\t\t\t<\/div>\n\t\t\t\t<\/div>\n\t\t\t\t<\/div>\n\t\t\t\t<\/div>\n\t\t\t\t\t<\/div>\n\t\t\t\t<\/div>\n\t\t<div class=\"elementor-element elementor-element-12272ff e-flex e-con-boxed e-con e-parent\" data-id=\"12272ff\" data-element_type=\"container\" data-e-type=\"container\">\n\t\t\t\t\t<div class=\"e-con-inner\">\n\t\t<div class=\"elementor-element elementor-element-96b777d e-con-full e-flex e-con e-child\" data-id=\"96b777d\" data-element_type=\"container\" data-e-type=\"container\">\n\t\t\t\t<div class=\"elementor-element elementor-element-ce8da49 elementor-widget elementor-widget-heading\" data-id=\"ce8da49\" data-element_type=\"widget\" data-e-type=\"widget\" data-widget_type=\"heading.default\">\n\t\t\t\t<div class=\"elementor-widget-container\">\n\t\t\t\t\t<h2 class=\"elementor-heading-title elementor-size-default\">Oddelegowanie Jobxion  <\/h2>\t\t\t\t<\/div>\n\t\t\t\t<\/div>\n\t\t\t\t<div class=\"elementor-element elementor-element-0e60a0a elementor-widget elementor-widget-text-editor\" data-id=\"0e60a0a\" data-element_type=\"widget\" data-e-type=\"widget\" data-widget_type=\"text-editor.default\">\n\t\t\t\t<div class=\"elementor-widget-container\">\n\t\t\t\t\t\t\t\t\t<p>Kiedy jeste\u015b oddelegowany, zazwyczaj pracujesz nad projektami dla r\u00f3\u017cnych klient\u00f3w. Mo\u017ce to by\u0107 r\u00f3wnie\u017c praca w budownictwie lub in\u017cynierii. Czy wydaje ci si\u0119 to mi\u0142\u0105 odmian\u0105? W Jobxion mo\u017cesz pracowa\u0107 w ten spos\u00f3b.<\/p>\n\t\t\t\t\t\t\t\t<\/div>\n\t\t\t\t<\/div>\n\t\t\t\t<div class=\"elementor-element elementor-element-d656022 elementor-widget elementor-widget-heading\" data-id=\"d656022\" data-element_type=\"widget\" data-e-type=\"widget\" data-widget_type=\"heading.default\">\n\t\t\t\t<div class=\"elementor-widget-container\">\n\t\t\t\t\t<h2 class=\"elementor-heading-title elementor-size-default\">Wi\u0119ksze bezpiecze\u0144stwo dzi\u0119ki oddelegowaniu<\/h2>\t\t\t\t<\/div>\n\t\t\t\t<\/div>\n\t\t\t\t<div class=\"elementor-element elementor-element-986edc8 elementor-widget elementor-widget-text-editor\" data-id=\"986edc8\" data-element_type=\"widget\" data-e-type=\"widget\" data-widget_type=\"text-editor.default\">\n\t\t\t\t<div class=\"elementor-widget-container\">\n\t\t\t\t\t\t\t\t\t<p>Praca w ramach oddelegowania zapewnia wi\u0119ksze bezpiecze\u0144stwo ni\u017c praca na podstawie umowy o prac\u0119 tymczasow\u0105. Oddelegowanie gwarantuje prac\u0119, a tym samym doch\u00f3d przez okre\u015blony czas. Praca w ramach umowy tymczasowej ko\u0144czy si\u0119 po zako\u0144czeniu pracy, a czas trwania umowy jest elastyczny.<\/p>\n<p>Dok\u0142adamy r\u00f3wnie\u017c wszelkich stara\u0144, aby klient przej\u0105\u0142 Ci\u0119 po zako\u0144czeniu Twojego oddelegowania. Je\u015bli rzeczywi\u015bcie spodoba Ci si\u0119 praca projektowa, oczywi\u015bcie b\u0119dziemy nadal szuka\u0107 nowego, pe\u0142nego wyzwa\u0144 projektu!<\/p>\n\t\t\t\t\t\t\t\t<\/div>\n\t\t\t\t<\/div>\n\t\t\t\t<div class=\"elementor-element elementor-element-f776cff elementor-widget elementor-widget-heading\" data-id=\"f776cff\" data-element_type=\"widget\" data-e-type=\"widget\" data-widget_type=\"heading.default\">\n\t\t\t\t<div class=\"elementor-widget-container\">\n\t\t\t\t\t<h3 class=\"elementor-heading-title elementor-size-default\">Jak dzia\u0142a delegowanie za po\u015brednictwem Jobxion?<\/h3>\t\t\t\t<\/div>\n\t\t\t\t<\/div>\n\t\t\t\t<div class=\"elementor-element elementor-element-20b8222 elementor-widget elementor-widget-text-editor\" data-id=\"20b8222\" data-element_type=\"widget\" data-e-type=\"widget\" data-widget_type=\"text-editor.default\">\n\t\t\t\t<div class=\"elementor-widget-container\">\n\t\t\t\t\t\t\t\t\t<p>Je\u015bli zosta\u0142e\u015b oddelegowany za po\u015brednictwem Jobxion, pierwszy miesi\u0105c traktujemy jako okres pr\u00f3bny. Zar\u00f3wno Ty, jak i firma mo\u017cecie sprawdzi\u0107, czy istnieje mi\u0119dzy wami wi\u0119\u017a i czy dobrze do siebie pasujecie. Je\u015bli nadal nie b\u0119dzie Ci to odpowiada\u0107, poszukamy dla Ciebie innej mo\u017cliwo\u015bci. Oczywi\u015bcie, je\u015bli po pierwszym oddelegowaniu kontynuujesz kolejn\u0105 umow\u0119, okres pr\u00f3bny ju\u017c nie obowi\u0105zuje! Oddelegowanie trwa zwykle od 7 do 8 miesi\u0119cy. W zale\u017cno\u015bci od projektu oraz preferencji u\u017cytkownika i klienta, mo\u017ce on by\u0107 d\u0142u\u017cszy lub kr\u00f3tszy.<\/p>\n\t\t\t\t\t\t\t\t<\/div>\n\t\t\t\t<\/div>\n\t\t\t\t<div class=\"elementor-element elementor-element-1eed899 elementor-widget elementor-widget-heading\" data-id=\"1eed899\" data-element_type=\"widget\" data-e-type=\"widget\" data-widget_type=\"heading.default\">\n\t\t\t\t<div class=\"elementor-widget-container\">\n\t\t\t\t\t<h3 class=\"elementor-heading-title elementor-size-default\">Dzi\u0119ki oddelegowaniu Jobxion pozostaje Twoim pracodawc\u0105<\/h3>\t\t\t\t<\/div>\n\t\t\t\t<\/div>\n\t\t\t\t<div class=\"elementor-element elementor-element-a491eb3 elementor-widget elementor-widget-text-editor\" data-id=\"a491eb3\" data-element_type=\"widget\" data-e-type=\"widget\" data-widget_type=\"text-editor.default\">\n\t\t\t\t<div class=\"elementor-widget-container\">\n\t\t\t\t\t\t\t\t\t<p>Tak wi\u0119c, gdy zostaniesz oddelegowany za po\u015brednictwem Jobxion, jeste\u015bmy Twoim formalnym pracodawc\u0105. Oznacza to, \u017ce bierzemy na siebie ca\u0142\u0105 odpowiedzialno\u015b\u0107. Od doradztwa zawodowego po zarz\u0105dzanie czasem i od \u015bwiadcze\u0144 po wyp\u0142at\u0119 wynagrodzenia. Jednocze\u015bnie zapewniamy, \u017ce jeste\u015b traktowany w taki sam spos\u00f3b, jak koledzy bezpo\u015brednio zatrudnieni przez klienta. Nasi klienci r\u00f3wnie\u017c na to id\u0105, nie bez powodu szukaj\u0105 kogo\u015b na d\u0142u\u017cszy okres czasu.<\/p>\n\t\t\t\t\t\t\t\t<\/div>\n\t\t\t\t<\/div>\n\t\t\t\t<div class=\"elementor-element elementor-element-cff7fee elementor-widget elementor-widget-heading\" data-id=\"cff7fee\" data-element_type=\"widget\" data-e-type=\"widget\" data-widget_type=\"heading.default\">\n\t\t\t\t<div class=\"elementor-widget-container\">\n\t\t\t\t\t<h4 class=\"elementor-heading-title elementor-size-default\">Kontakt<\/h4>\t\t\t\t<\/div>\n\t\t\t\t<\/div>\n\t\t\t\t<div class=\"elementor-element elementor-element-1f5916e elementor-widget elementor-widget-text-editor\" data-id=\"1f5916e\" data-element_type=\"widget\" data-e-type=\"widget\" data-widget_type=\"text-editor.default\">\n\t\t\t\t<div class=\"elementor-widget-container\">\n\t\t\t\t\t\t\t\t\t<p>Chcesz dowiedzie\u0107 si\u0119 wi\u0119cej lub rozpocz\u0105\u0107 prac\u0119 poprzez oddelegowanie w Jobxion? Prosimy o <a href=\"\/pl\/kontakt\/\">kontakt<\/a> w celu om\u00f3wienia dost\u0119pnych opcji.<\/p>\t\t\t\t\t\t\t\t<\/div>\n\t\t\t\t<\/div>\n\t\t\t\t<div class=\"elementor-element elementor-element-1ed1c19 elementor-widget elementor-widget-text-editor\" data-id=\"1ed1c19\" data-element_type=\"widget\" data-e-type=\"widget\" data-widget_type=\"text-editor.default\">\n\t\t\t\t<div class=\"elementor-widget-container\">\n\t\t\t\t\t\t\t\t\t<strong><a title=\"Zatrudnienie tymczasowe\" href=\"https:\/\/www.jobxion.com\/nl\/dienstverband\/uitzenden\/\">Zatrudnienie tymczasowe<\/a> | <a title=\"Freelancer\" href=\"\/pl\/zatrudnienie\/niezalezny\/\">Freelancer<\/a> | <a title=\"Rekrutacja i selekcja\" href=\"\/pl\/zatrudnienie\/wybor-rekrutacji\/\">Rekrutacja i selekcja<\/a><\/strong>\t\t\t\t\t\t\t\t<\/div>\n\t\t\t\t<\/div>\n\t\t\t\t<\/div>\n\t\t\t\t\t<\/div>\n\t\t\t\t<\/div>\n\t\t\t\t<\/div>\n\t\t","protected":false},"excerpt":{"rendered":"<p>Oddelegowanie w bran\u017cy budowlanej lub in\u017cynieryjnej Tak dzia\u0142a oddelegowanie w Jobxion Oddelegowanie Jobxion Kiedy jeste\u015b oddelegowany, zazwyczaj pracujesz nad projektami dla r\u00f3\u017cnych klient\u00f3w. Mo\u017ce to by\u0107 r\u00f3wnie\u017c praca w budownictwie lub in\u017cynierii. Czy wydaje ci si\u0119 to mi\u0142\u0105 odmian\u0105? W Jobxion mo\u017cesz pracowa\u0107 w ten spos\u00f3b. Wi\u0119ksze bezpiecze\u0144stwo dzi\u0119ki oddelegowaniu Praca w ramach oddelegowania zapewnia [&hellip;]<\/p>\n","protected":false},"author":2,"featured_media":0,"parent":12598,"menu_order":0,"comment_status":"closed","ping_status":"closed","template":"","meta":{"_acf_changed":false,"site-sidebar-layout":"no-sidebar","site-content-layout":"page-builder","ast-site-content-layout":"full-width-container","site-content-style":"unboxed","site-sidebar-style":"unboxed","ast-global-header-display":"","ast-banner-title-visibility":"","ast-main-header-display":"","ast-hfb-above-header-display":"","ast-hfb-below-header-display":"","ast-hfb-mobile-header-display":"","site-post-title":"disabled","ast-breadcrumbs-content":"","ast-featured-img":"disabled","footer-sml-layout":"","ast-disable-related-posts":"","theme-transparent-header-meta":"","adv-header-id-meta":"","stick-header-meta":"","header-above-stick-meta":"","header-main-stick-meta":"","header-below-stick-meta":"","astra-migrate-meta-layouts":"default","ast-page-background-enabled":"default","ast-page-background-meta":{"desktop":{"background-color":"var(--ast-global-color-4)","background-image":"","background-repeat":"repeat","background-position":"center center","background-size":"auto","background-attachment":"scroll","background-type":"","background-media":"","overlay-type":"","overlay-color":"","overlay-opacity":"","overlay-gradient":""},"tablet":{"background-color":"","background-image":"","background-repeat":"repeat","background-position":"center center","background-size":"auto","background-attachment":"scroll","background-type":"","background-media":"","overlay-type":"","overlay-color":"","overlay-opacity":"","overlay-gradient":""},"mobile":{"background-color":"","background-image":"","background-repeat":"repeat","background-position":"center center","background-size":"auto","background-attachment":"scroll","background-type":"","background-media":"","overlay-type":"","overlay-color":"","overlay-opacity":"","overlay-gradient":""}},"ast-content-background-meta":{"desktop":{"background-color":"var(--ast-global-color-5)","background-image":"","background-repeat":"repeat","background-position":"center center","background-size":"auto","background-attachment":"scroll","background-type":"","background-media":"","overlay-type":"","overlay-color":"","overlay-opacity":"","overlay-gradient":""},"tablet":{"background-color":"var(--ast-global-color-5)","background-image":"","background-repeat":"repeat","background-position":"center center","background-size":"auto","background-attachment":"scroll","background-type":"","background-media":"","overlay-type":"","overlay-color":"","overlay-opacity":"","overlay-gradient":""},"mobile":{"background-color":"var(--ast-global-color-5)","background-image":"","background-repeat":"repeat","background-position":"center center","background-size":"auto","background-attachment":"scroll","background-type":"","background-media":"","overlay-type":"","overlay-color":"","overlay-opacity":"","overlay-gradient":""}},"footnotes":""},"class_list":["post-12650","page","type-page","status-publish","hentry"],"acf":[],"yoast_head":"<!-- This site is optimized with the Yoast SEO Premium plugin v27.0 (Yoast SEO v27.0) - https:\/\/yoast.com\/product\/yoast-seo-premium-wordpress\/ -->\n<title>Oddelegowanie | Wi\u0119ksze bezpiecze\u0144stwo dzi\u0119ki oddelegowaniu | Jobxion<\/title>\n<meta name=\"description\" content=\"Kiedy jeste\u015b oddelegowany, zazwyczaj pracujesz nad projektami dla r\u00f3\u017cnych klient\u00f3w. Mo\u017ce to by\u0107 r\u00f3wnie\u017c praca w budownictwie lub in\u017cynierii.\" \/>\n<meta name=\"robots\" content=\"index, follow, max-snippet:-1, max-image-preview:large, max-video-preview:-1\" \/>\n<link rel=\"canonical\" href=\"https:\/\/www.jobxion.com\/pl\/zatrudnienie\/oddelegowanie\/\" \/>\n<meta property=\"og:locale\" content=\"pl_PL\" \/>\n<meta property=\"og:type\" content=\"article\" \/>\n<meta property=\"og:title\" content=\"Oddelegowanie | Wi\u0119ksze bezpiecze\u0144stwo dzi\u0119ki oddelegowaniu | Jobxion\" \/>\n<meta property=\"og:description\" content=\"Kiedy jeste\u015b oddelegowany, zazwyczaj pracujesz nad projektami dla r\u00f3\u017cnych klient\u00f3w. Mo\u017ce to by\u0107 r\u00f3wnie\u017c praca w budownictwie lub in\u017cynierii.\" \/>\n<meta property=\"og:url\" content=\"https:\/\/www.jobxion.com\/pl\/zatrudnienie\/oddelegowanie\/\" \/>\n<meta property=\"og:site_name\" content=\"Jobxion\" \/>\n<meta property=\"article:publisher\" content=\"https:\/\/www.facebook.com\/JobXion\" \/>\n<meta property=\"article:modified_time\" content=\"2024-02-12T09:06:03+00:00\" \/>\n<script type=\"application\/ld+json\" class=\"yoast-schema-graph\">{\"@context\":\"https:\/\/schema.org\",\"@graph\":[{\"@type\":\"WebPage\",\"@id\":\"https:\/\/www.jobxion.com\/pl\/zatrudnienie\/oddelegowanie\/\",\"url\":\"https:\/\/www.jobxion.com\/pl\/zatrudnienie\/oddelegowanie\/\",\"name\":\"Oddelegowanie | Wi\u0119ksze bezpiecze\u0144stwo dzi\u0119ki oddelegowaniu | Jobxion\",\"isPartOf\":{\"@id\":\"https:\/\/www.jobxion.com\/pl\/#website\"},\"datePublished\":\"2022-10-04T10:19:54+00:00\",\"dateModified\":\"2024-02-12T09:06:03+00:00\",\"description\":\"Kiedy jeste\u015b oddelegowany, zazwyczaj pracujesz nad projektami dla r\u00f3\u017cnych klient\u00f3w. Mo\u017ce to by\u0107 r\u00f3wnie\u017c praca w budownictwie lub in\u017cynierii.\",\"breadcrumb\":{\"@id\":\"https:\/\/www.jobxion.com\/pl\/zatrudnienie\/oddelegowanie\/#breadcrumb\"},\"inLanguage\":\"pl-PL\",\"potentialAction\":[{\"@type\":\"ReadAction\",\"target\":[\"https:\/\/www.jobxion.com\/pl\/zatrudnienie\/oddelegowanie\/\"]}]},{\"@type\":\"BreadcrumbList\",\"@id\":\"https:\/\/www.jobxion.com\/pl\/zatrudnienie\/oddelegowanie\/#breadcrumb\",\"itemListElement\":[{\"@type\":\"ListItem\",\"position\":1,\"name\":\"Zatrudnienie\",\"item\":\"https:\/\/www.jobxion.com\/pl\/employment\/\"},{\"@type\":\"ListItem\",\"position\":2,\"name\":\"oddelegowanie\"}]},{\"@type\":\"WebSite\",\"@id\":\"https:\/\/www.jobxion.com\/pl\/#website\",\"url\":\"https:\/\/www.jobxion.com\/pl\/\",\"name\":\"Jobxion\",\"description\":\"Jobxion\",\"publisher\":{\"@id\":\"https:\/\/www.jobxion.com\/pl\/#organization\"},\"potentialAction\":[{\"@type\":\"SearchAction\",\"target\":{\"@type\":\"EntryPoint\",\"urlTemplate\":\"https:\/\/www.jobxion.com\/pl\/?s={search_term_string}\"},\"query-input\":{\"@type\":\"PropertyValueSpecification\",\"valueRequired\":true,\"valueName\":\"search_term_string\"}}],\"inLanguage\":\"pl-PL\"},{\"@type\":\"Organization\",\"@id\":\"https:\/\/www.jobxion.com\/pl\/#organization\",\"name\":\"Jobxion\",\"url\":\"https:\/\/www.jobxion.com\/pl\/\",\"logo\":{\"@type\":\"ImageObject\",\"inLanguage\":\"pl-PL\",\"@id\":\"https:\/\/www.jobxion.com\/pl\/#\/schema\/logo\/image\/\",\"url\":\"https:\/\/www.jobxion.com\/wp-content\/uploads\/2022\/09\/Jobxion-website-e1671193791246.png\",\"contentUrl\":\"https:\/\/www.jobxion.com\/wp-content\/uploads\/2022\/09\/Jobxion-website-e1671193791246.png\",\"width\":150,\"height\":36,\"caption\":\"Jobxion\"},\"image\":{\"@id\":\"https:\/\/www.jobxion.com\/pl\/#\/schema\/logo\/image\/\"},\"sameAs\":[\"https:\/\/www.facebook.com\/JobXion\"]}]}<\/script>\n<!-- \/ Yoast SEO Premium plugin. -->","yoast_head_json":{"title":"Oddelegowanie | Wi\u0119ksze bezpiecze\u0144stwo dzi\u0119ki oddelegowaniu | Jobxion","description":"Kiedy jeste\u015b oddelegowany, zazwyczaj pracujesz nad projektami dla r\u00f3\u017cnych klient\u00f3w. Mo\u017ce to by\u0107 r\u00f3wnie\u017c praca w budownictwie lub in\u017cynierii.","robots":{"index":"index","follow":"follow","max-snippet":"max-snippet:-1","max-image-preview":"max-image-preview:large","max-video-preview":"max-video-preview:-1"},"canonical":"https:\/\/www.jobxion.com\/pl\/zatrudnienie\/oddelegowanie\/","og_locale":"pl_PL","og_type":"article","og_title":"Oddelegowanie | Wi\u0119ksze bezpiecze\u0144stwo dzi\u0119ki oddelegowaniu | Jobxion","og_description":"Kiedy jeste\u015b oddelegowany, zazwyczaj pracujesz nad projektami dla r\u00f3\u017cnych klient\u00f3w. Mo\u017ce to by\u0107 r\u00f3wnie\u017c praca w budownictwie lub in\u017cynierii.","og_url":"https:\/\/www.jobxion.com\/pl\/zatrudnienie\/oddelegowanie\/","og_site_name":"Jobxion","article_publisher":"https:\/\/www.facebook.com\/JobXion","article_modified_time":"2024-02-12T09:06:03+00:00","schema":{"@context":"https:\/\/schema.org","@graph":[{"@type":"WebPage","@id":"https:\/\/www.jobxion.com\/pl\/zatrudnienie\/oddelegowanie\/","url":"https:\/\/www.jobxion.com\/pl\/zatrudnienie\/oddelegowanie\/","name":"Oddelegowanie | Wi\u0119ksze bezpiecze\u0144stwo dzi\u0119ki oddelegowaniu | Jobxion","isPartOf":{"@id":"https:\/\/www.jobxion.com\/pl\/#website"},"datePublished":"2022-10-04T10:19:54+00:00","dateModified":"2024-02-12T09:06:03+00:00","description":"Kiedy jeste\u015b oddelegowany, zazwyczaj pracujesz nad projektami dla r\u00f3\u017cnych klient\u00f3w. Mo\u017ce to by\u0107 r\u00f3wnie\u017c praca w budownictwie lub in\u017cynierii.","breadcrumb":{"@id":"https:\/\/www.jobxion.com\/pl\/zatrudnienie\/oddelegowanie\/#breadcrumb"},"inLanguage":"pl-PL","potentialAction":[{"@type":"ReadAction","target":["https:\/\/www.jobxion.com\/pl\/zatrudnienie\/oddelegowanie\/"]}]},{"@type":"BreadcrumbList","@id":"https:\/\/www.jobxion.com\/pl\/zatrudnienie\/oddelegowanie\/#breadcrumb","itemListElement":[{"@type":"ListItem","position":1,"name":"Zatrudnienie","item":"https:\/\/www.jobxion.com\/pl\/employment\/"},{"@type":"ListItem","position":2,"name":"oddelegowanie"}]},{"@type":"WebSite","@id":"https:\/\/www.jobxion.com\/pl\/#website","url":"https:\/\/www.jobxion.com\/pl\/","name":"Jobxion","description":"Jobxion","publisher":{"@id":"https:\/\/www.jobxion.com\/pl\/#organization"},"potentialAction":[{"@type":"SearchAction","target":{"@type":"EntryPoint","urlTemplate":"https:\/\/www.jobxion.com\/pl\/?s={search_term_string}"},"query-input":{"@type":"PropertyValueSpecification","valueRequired":true,"valueName":"search_term_string"}}],"inLanguage":"pl-PL"},{"@type":"Organization","@id":"https:\/\/www.jobxion.com\/pl\/#organization","name":"Jobxion","url":"https:\/\/www.jobxion.com\/pl\/","logo":{"@type":"ImageObject","inLanguage":"pl-PL","@id":"https:\/\/www.jobxion.com\/pl\/#\/schema\/logo\/image\/","url":"https:\/\/www.jobxion.com\/wp-content\/uploads\/2022\/09\/Jobxion-website-e1671193791246.png","contentUrl":"https:\/\/www.jobxion.com\/wp-content\/uploads\/2022\/09\/Jobxion-website-e1671193791246.png","width":150,"height":36,"caption":"Jobxion"},"image":{"@id":"https:\/\/www.jobxion.com\/pl\/#\/schema\/logo\/image\/"},"sameAs":["https:\/\/www.facebook.com\/JobXion"]}]}},"_links":{"self":[{"href":"https:\/\/www.jobxion.com\/pl\/wp-json\/wp\/v2\/pages\/12650","targetHints":{"allow":["GET"]}}],"collection":[{"href":"https:\/\/www.jobxion.com\/pl\/wp-json\/wp\/v2\/pages"}],"about":[{"href":"https:\/\/www.jobxion.com\/pl\/wp-json\/wp\/v2\/types\/page"}],"author":[{"embeddable":true,"href":"https:\/\/www.jobxion.com\/pl\/wp-json\/wp\/v2\/users\/2"}],"replies":[{"embeddable":true,"href":"https:\/\/www.jobxion.com\/pl\/wp-json\/wp\/v2\/comments?post=12650"}],"version-history":[{"count":0,"href":"https:\/\/www.jobxion.com\/pl\/wp-json\/wp\/v2\/pages\/12650\/revisions"}],"up":[{"embeddable":true,"href":"https:\/\/www.jobxion.com\/pl\/wp-json\/wp\/v2\/pages\/12598"}],"wp:attachment":[{"href":"https:\/\/www.jobxion.com\/pl\/wp-json\/wp\/v2\/media?parent=12650"}],"curies":[{"name":"wp","href":"https:\/\/api.w.org\/{rel}","templated":true}]}}