{"id":12713,"date":"2022-10-13T13:51:24","date_gmt":"2022-10-13T11:51:24","guid":{"rendered":"https:\/\/www.jobxion.com\/blog\/"},"modified":"2024-02-09T13:31:42","modified_gmt":"2024-02-09T12:31:42","slug":"blog","status":"publish","type":"page","link":"https:\/\/www.jobxion.com\/pl\/blog\/","title":{"rendered":"Blog"},"content":{"rendered":"\t\t<div data-elementor-type=\"wp-page\" data-elementor-id=\"12713\" class=\"elementor elementor-12713 elementor-979\" data-elementor-post-type=\"page\">\n\t\t\t\t<div class=\"elementor-element elementor-element-5d2802e e-flex e-con-boxed e-con e-parent\" data-id=\"5d2802e\" data-element_type=\"container\" data-e-type=\"container\" data-settings=\"{&quot;background_background&quot;:&quot;gradient&quot;}\">\n\t\t\t\t\t<div class=\"e-con-inner\">\n\t\t<div class=\"elementor-element elementor-element-dededed e-con-full e-flex e-con e-child\" data-id=\"dededed\" data-element_type=\"container\" data-e-type=\"container\" data-settings=\"{&quot;background_background&quot;:&quot;classic&quot;}\">\n\t\t<div class=\"elementor-element elementor-element-222d254 e-con-full e-flex e-con e-child\" data-id=\"222d254\" data-element_type=\"container\" data-e-type=\"container\">\n\t\t<div class=\"elementor-element elementor-element-4337097 e-con-full e-flex e-con e-child\" data-id=\"4337097\" data-element_type=\"container\" data-e-type=\"container\">\n\t\t\t\t<div class=\"elementor-element elementor-element-8988a1d elementor-widget elementor-widget-heading\" data-id=\"8988a1d\" data-element_type=\"widget\" data-e-type=\"widget\" data-widget_type=\"heading.default\">\n\t\t\t\t<div class=\"elementor-widget-container\">\n\t\t\t\t\t<h1 class=\"elementor-heading-title elementor-size-default\">Blogi i wiadomo\u015bci<\/h1>\t\t\t\t<\/div>\n\t\t\t\t<\/div>\n\t\t\t\t<div class=\"elementor-element elementor-element-ae7d9cc elementor-widget elementor-widget-heading\" data-id=\"ae7d9cc\" data-element_type=\"widget\" data-e-type=\"widget\" data-widget_type=\"heading.default\">\n\t\t\t\t<div class=\"elementor-widget-container\">\n\t\t\t\t\t<h2 class=\"elementor-heading-title elementor-size-default\">B\u0105d\u017a na bie\u017c\u0105co ze wszystkimi wydarzeniami w Jobxion!<\/h2>\t\t\t\t<\/div>\n\t\t\t\t<\/div>\n\t\t\t\t<\/div>\n\t\t\t\t<\/div>\n\t\t\t\t<\/div>\n\t\t\t\t\t<\/div>\n\t\t\t\t<\/div>\n\t\t<div class=\"elementor-element elementor-element-640e74c e-flex e-con-boxed e-con e-parent\" data-id=\"640e74c\" data-element_type=\"container\" data-e-type=\"container\">\n\t\t\t\t\t<div class=\"e-con-inner\">\n\t\t<div class=\"elementor-element elementor-element-44a9e36 e-con-full e-flex e-con e-child\" data-id=\"44a9e36\" data-element_type=\"container\" data-e-type=\"container\">\n\t\t\t\t<div class=\"elementor-element elementor-element-1321766 elementor-grid-2 elementor-posts--align-left elementor-grid-tablet-2 elementor-grid-mobile-1 elementor-posts--thumbnail-top load-more-align-center elementor-widget elementor-widget-posts\" data-id=\"1321766\" data-element_type=\"widget\" data-e-type=\"widget\" data-settings=\"{&quot;classic_columns&quot;:&quot;2&quot;,&quot;pagination_type&quot;:&quot;load_more_on_click&quot;,&quot;classic_row_gap&quot;:{&quot;unit&quot;:&quot;px&quot;,&quot;size&quot;:50,&quot;sizes&quot;:[]},&quot;classic_columns_tablet&quot;:&quot;2&quot;,&quot;classic_columns_mobile&quot;:&quot;1&quot;,&quot;classic_row_gap_tablet&quot;:{&quot;unit&quot;:&quot;px&quot;,&quot;size&quot;:&quot;&quot;,&quot;sizes&quot;:[]},&quot;classic_row_gap_mobile&quot;:{&quot;unit&quot;:&quot;px&quot;,&quot;size&quot;:&quot;&quot;,&quot;sizes&quot;:[]},&quot;load_more_spinner&quot;:{&quot;value&quot;:&quot;fas fa-spinner&quot;,&quot;library&quot;:&quot;fa-solid&quot;}}\" data-widget_type=\"posts.classic\">\n\t\t\t\t<div class=\"elementor-widget-container\">\n\t\t\t\t\t\t\t<div class=\"elementor-posts-container elementor-posts elementor-posts--skin-classic elementor-grid\" role=\"list\">\n\t\t\t\t<article class=\"elementor-post elementor-grid-item post-34430 post type-post status-publish format-standard has-post-thumbnail hentry category-bez-kategorii\" role=\"listitem\">\n\t\t\t\t<a class=\"elementor-post__thumbnail__link\" href=\"https:\/\/www.jobxion.com\/pl\/holandii-jak-zaczac\/\" tabindex=\"-1\" >\n\t\t\t<div class=\"elementor-post__thumbnail\"><img fetchpriority=\"high\" decoding=\"async\" width=\"351\" height=\"198\" src=\"https:\/\/www.jobxion.com\/wp-content\/uploads\/2024\/03\/121132.png\" class=\"attachment-full size-full wp-image-34431\" alt=\"zzp w holandii jak zaczac\/\" srcset=\"https:\/\/www.jobxion.com\/wp-content\/uploads\/2024\/03\/121132.png 351w, https:\/\/www.jobxion.com\/wp-content\/uploads\/2024\/03\/121132-300x169.png 300w\" sizes=\"(max-width: 351px) 100vw, 351px\" \/><\/div>\n\t\t<\/a>\n\t\t\t\t<div class=\"elementor-post__text\">\n\t\t\t\t<h3 class=\"elementor-post__title\">\n\t\t\t<a href=\"https:\/\/www.jobxion.com\/pl\/holandii-jak-zaczac\/\" >\n\t\t\t\tZZP w Holandii jak zaczac\t\t\t<\/a>\n\t\t<\/h3>\n\t\t\t\t<div class=\"elementor-post__meta-data\">\n\t\t\t\t\t<span class=\"elementor-post-date\">\n\t\t\t7 marca, 2024\t\t<\/span>\n\t\t\t\t<\/div>\n\t\t\t\t<div class=\"elementor-post__excerpt\">\n\t\t\t<p>ZZP w Holandii &#8211; Jak zacz\u0105\u0107? Czym jest ZZP? ZZP jest skr\u00f3tem, kt\u00f3ry odnosi si\u0119 do rejestracji jednoosobowego podmiotu gospodarczego \u2013 czyli czego\u015b, co w<\/p>\n\t\t<\/div>\n\t\t\n\t\t<a class=\"elementor-post__read-more\" href=\"https:\/\/www.jobxion.com\/pl\/holandii-jak-zaczac\/\" aria-label=\"Read more about ZZP w Holandii jak zaczac\" tabindex=\"-1\" >\n\t\t\tCzytaj wi\u0119cej\t\t<\/a>\n\n\t\t\t\t<\/div>\n\t\t\t\t<\/article>\n\t\t\t\t<article class=\"elementor-post elementor-grid-item post-29570 post type-post status-publish format-standard has-post-thumbnail hentry category-blog tag-holandia\" role=\"listitem\">\n\t\t\t\t<a class=\"elementor-post__thumbnail__link\" href=\"https:\/\/www.jobxion.com\/pl\/polskie-restauracje-w-niderlandach\/\" tabindex=\"-1\" >\n\t\t\t<div class=\"elementor-post__thumbnail\"><img decoding=\"async\" width=\"940\" height=\"641\" src=\"https:\/\/www.jobxion.com\/wp-content\/uploads\/2023\/10\/iera-jezykowa-7.png\" class=\"attachment-full size-full wp-image-29046\" alt=\"\" srcset=\"https:\/\/www.jobxion.com\/wp-content\/uploads\/2023\/10\/iera-jezykowa-7.png 940w, https:\/\/www.jobxion.com\/wp-content\/uploads\/2023\/10\/iera-jezykowa-7-300x205.png 300w, https:\/\/www.jobxion.com\/wp-content\/uploads\/2023\/10\/iera-jezykowa-7-768x524.png 768w\" sizes=\"(max-width: 940px) 100vw, 940px\" \/><\/div>\n\t\t<\/a>\n\t\t\t\t<div class=\"elementor-post__text\">\n\t\t\t\t<h3 class=\"elementor-post__title\">\n\t\t\t<a href=\"https:\/\/www.jobxion.com\/pl\/polskie-restauracje-w-niderlandach\/\" >\n\t\t\t\tPolskie restauracje w Niderlandach\t\t\t<\/a>\n\t\t<\/h3>\n\t\t\t\t<div class=\"elementor-post__meta-data\">\n\t\t\t\t\t<span class=\"elementor-post-date\">\n\t\t\t23 stycznia, 2024\t\t<\/span>\n\t\t\t\t<\/div>\n\t\t\t\t<div class=\"elementor-post__excerpt\">\n\t\t\t<p>Polskie restauracje w Niderlandach Wyje\u017cd\u017caj\u0105c do pracy za granic\u0119 jeste\u015bmy sk\u0142onni przyzwyczai\u0107 si\u0119 do innych kultur oraz oczywi\u015bcie produkt\u00f3w kulinarnych. Ka\u017cdy, kto wyje\u017cd\u017ca do Holandii,<\/p>\n\t\t<\/div>\n\t\t\n\t\t<a class=\"elementor-post__read-more\" href=\"https:\/\/www.jobxion.com\/pl\/polskie-restauracje-w-niderlandach\/\" aria-label=\"Read more about Polskie restauracje w Niderlandach\" tabindex=\"-1\" >\n\t\t\tCzytaj wi\u0119cej\t\t<\/a>\n\n\t\t\t\t<\/div>\n\t\t\t\t<\/article>\n\t\t\t\t<article class=\"elementor-post elementor-grid-item post-28983 post type-post status-publish format-standard has-post-thumbnail hentry category-blog tag-holandia\" role=\"listitem\">\n\t\t\t\t<a class=\"elementor-post__thumbnail__link\" href=\"https:\/\/www.jobxion.com\/pl\/najpopularniejsze-wesole-miasteczka-w-niderlandach\/\" tabindex=\"-1\" >\n\t\t\t<div class=\"elementor-post__thumbnail\"><img decoding=\"async\" width=\"940\" height=\"413\" src=\"https:\/\/www.jobxion.com\/wp-content\/uploads\/2023\/10\/iera-jezykowa-7.webp\" class=\"attachment-full size-full wp-image-34526\" alt=\"Polskie restauracje w Niderlandach\" srcset=\"https:\/\/www.jobxion.com\/wp-content\/uploads\/2023\/10\/iera-jezykowa-7.webp 940w, https:\/\/www.jobxion.com\/wp-content\/uploads\/2023\/10\/iera-jezykowa-7-300x132.webp 300w, https:\/\/www.jobxion.com\/wp-content\/uploads\/2023\/10\/iera-jezykowa-7-768x337.webp 768w\" sizes=\"(max-width: 940px) 100vw, 940px\" \/><\/div>\n\t\t<\/a>\n\t\t\t\t<div class=\"elementor-post__text\">\n\t\t\t\t<h3 class=\"elementor-post__title\">\n\t\t\t<a href=\"https:\/\/www.jobxion.com\/pl\/najpopularniejsze-wesole-miasteczka-w-niderlandach\/\" >\n\t\t\t\tNajpopularniejsze weso\u0142e miasteczka w Niderlandach\t\t\t<\/a>\n\t\t<\/h3>\n\t\t\t\t<div class=\"elementor-post__meta-data\">\n\t\t\t\t\t<span class=\"elementor-post-date\">\n\t\t\t26 pa\u017adziernika, 2023\t\t<\/span>\n\t\t\t\t<\/div>\n\t\t\t\t<div class=\"elementor-post__excerpt\">\n\t\t\t<p>Najpopularniejsze weso\u0142e miasteczka w Niderlandach Co robi\u0107 w Niderlandach w wolnym czasie? Udaj\u0105c si\u0119\u00a0 pracowa\u0107 i mieszka\u0107 &#8211; przyjemno\u015bci spadaj\u0105 na drugie miejsce. Warto jednak<\/p>\n\t\t<\/div>\n\t\t\n\t\t<a class=\"elementor-post__read-more\" href=\"https:\/\/www.jobxion.com\/pl\/najpopularniejsze-wesole-miasteczka-w-niderlandach\/\" aria-label=\"Read more about Najpopularniejsze weso\u0142e miasteczka w Niderlandach\" tabindex=\"-1\" >\n\t\t\tCzytaj wi\u0119cej\t\t<\/a>\n\n\t\t\t\t<\/div>\n\t\t\t\t<\/article>\n\t\t\t\t<article class=\"elementor-post elementor-grid-item post-28968 post type-post status-publish format-standard has-post-thumbnail hentry category-blog tag-holandia\" role=\"listitem\">\n\t\t\t\t<a class=\"elementor-post__thumbnail__link\" href=\"https:\/\/www.jobxion.com\/pl\/komunikacja-z-kandydatem-to-podstawa\/\" tabindex=\"-1\" >\n\t\t\t<div class=\"elementor-post__thumbnail\"><img loading=\"lazy\" decoding=\"async\" width=\"940\" height=\"665\" src=\"https:\/\/www.jobxion.com\/wp-content\/uploads\/2023\/10\/iera-jezykowa-5-1.png\" class=\"attachment-full size-full wp-image-28969\" alt=\"\" srcset=\"https:\/\/www.jobxion.com\/wp-content\/uploads\/2023\/10\/iera-jezykowa-5-1.png 940w, https:\/\/www.jobxion.com\/wp-content\/uploads\/2023\/10\/iera-jezykowa-5-1-300x212.png 300w, https:\/\/www.jobxion.com\/wp-content\/uploads\/2023\/10\/iera-jezykowa-5-1-768x543.png 768w\" sizes=\"(max-width: 940px) 100vw, 940px\" \/><\/div>\n\t\t<\/a>\n\t\t\t\t<div class=\"elementor-post__text\">\n\t\t\t\t<h3 class=\"elementor-post__title\">\n\t\t\t<a href=\"https:\/\/www.jobxion.com\/pl\/komunikacja-z-kandydatem-to-podstawa\/\" >\n\t\t\t\tKomunikacja z kandydatem to podstawa!\t\t\t<\/a>\n\t\t<\/h3>\n\t\t\t\t<div class=\"elementor-post__meta-data\">\n\t\t\t\t\t<span class=\"elementor-post-date\">\n\t\t\t23 pa\u017adziernika, 2023\t\t<\/span>\n\t\t\t\t<\/div>\n\t\t\t\t<div class=\"elementor-post__excerpt\">\n\t\t\t<p>Komunikacja z kandydatem to podstawa! Komunikacja z kandydatami w procesie rekrutacyjnym jest jednym z najwa\u017cniejszych element\u00f3w, oto kilka wskaz\u00f3wek dla rekruter\u00f3w, o kt\u00f3rych trzeba pami\u0119ta\u0107:&nbsp;<\/p>\n\t\t<\/div>\n\t\t\n\t\t<a class=\"elementor-post__read-more\" href=\"https:\/\/www.jobxion.com\/pl\/komunikacja-z-kandydatem-to-podstawa\/\" aria-label=\"Read more about Komunikacja z kandydatem to podstawa!\" tabindex=\"-1\" >\n\t\t\tCzytaj wi\u0119cej\t\t<\/a>\n\n\t\t\t\t<\/div>\n\t\t\t\t<\/article>\n\t\t\t\t<article class=\"elementor-post elementor-grid-item post-28594 post type-post status-publish format-standard has-post-thumbnail hentry category-blog tag-holandia\" role=\"listitem\">\n\t\t\t\t<a class=\"elementor-post__thumbnail__link\" href=\"https:\/\/www.jobxion.com\/pl\/vca-vol-w-holandii-dlaczego-jest-wymagane-od-osob-na-samozatrudnieniu\/\" tabindex=\"-1\" >\n\t\t\t<div class=\"elementor-post__thumbnail\"><img loading=\"lazy\" decoding=\"async\" width=\"900\" height=\"707\" src=\"https:\/\/www.jobxion.com\/wp-content\/uploads\/2023\/10\/VCA-VOL-w-Holandii.webp\" class=\"attachment-full size-full wp-image-34542\" alt=\"VCA VOL w Holandii\" srcset=\"https:\/\/www.jobxion.com\/wp-content\/uploads\/2023\/10\/VCA-VOL-w-Holandii.webp 900w, https:\/\/www.jobxion.com\/wp-content\/uploads\/2023\/10\/VCA-VOL-w-Holandii-300x236.webp 300w, https:\/\/www.jobxion.com\/wp-content\/uploads\/2023\/10\/VCA-VOL-w-Holandii-768x603.webp 768w\" sizes=\"(max-width: 900px) 100vw, 900px\" \/><\/div>\n\t\t<\/a>\n\t\t\t\t<div class=\"elementor-post__text\">\n\t\t\t\t<h3 class=\"elementor-post__title\">\n\t\t\t<a href=\"https:\/\/www.jobxion.com\/pl\/vca-vol-w-holandii-dlaczego-jest-wymagane-od-osob-na-samozatrudnieniu\/\" >\n\t\t\t\tVCA VOL w Holandii!!! Dlaczego jest wymagane od os\u00f3b na Samozatrudnieniu?\t\t\t<\/a>\n\t\t<\/h3>\n\t\t\t\t<div class=\"elementor-post__meta-data\">\n\t\t\t\t\t<span class=\"elementor-post-date\">\n\t\t\t16 pa\u017adziernika, 2023\t\t<\/span>\n\t\t\t\t<\/div>\n\t\t\t\t<div class=\"elementor-post__excerpt\">\n\t\t\t<p>VCA VOL w Holandii!!! Dlaczego jest wymagane od os\u00f3b na Samozatrudnieniu? W Holandii, kraj znany z dynamicznej gospodarki i szeroko rozwini\u0119tego sektora budowlanego, przestrzeganie norm<\/p>\n\t\t<\/div>\n\t\t\n\t\t<a class=\"elementor-post__read-more\" href=\"https:\/\/www.jobxion.com\/pl\/vca-vol-w-holandii-dlaczego-jest-wymagane-od-osob-na-samozatrudnieniu\/\" aria-label=\"Read more about VCA VOL w Holandii!!! Dlaczego jest wymagane od os\u00f3b na Samozatrudnieniu?\" tabindex=\"-1\" >\n\t\t\tCzytaj wi\u0119cej\t\t<\/a>\n\n\t\t\t\t<\/div>\n\t\t\t\t<\/article>\n\t\t\t\t<article class=\"elementor-post elementor-grid-item post-28570 post type-post status-publish format-standard has-post-thumbnail hentry category-blog tag-holandia\" role=\"listitem\">\n\t\t\t\t<a class=\"elementor-post__thumbnail__link\" href=\"https:\/\/www.jobxion.com\/pl\/polska-populacja-w-holandii-wyjazd-z-rodzina-czy-samemu-jak-sobie-poradzic-z-organizacja-zycia-i-pracy\/\" tabindex=\"-1\" >\n\t\t\t<div class=\"elementor-post__thumbnail\"><img loading=\"lazy\" decoding=\"async\" width=\"900\" height=\"606\" src=\"https:\/\/www.jobxion.com\/wp-content\/uploads\/2023\/10\/Polska-populacja-w-Holandii.webp\" class=\"attachment-full size-full wp-image-34548\" alt=\"Polska populacja w Holandii\" srcset=\"https:\/\/www.jobxion.com\/wp-content\/uploads\/2023\/10\/Polska-populacja-w-Holandii.webp 900w, https:\/\/www.jobxion.com\/wp-content\/uploads\/2023\/10\/Polska-populacja-w-Holandii-300x202.webp 300w, https:\/\/www.jobxion.com\/wp-content\/uploads\/2023\/10\/Polska-populacja-w-Holandii-768x517.webp 768w\" sizes=\"(max-width: 900px) 100vw, 900px\" \/><\/div>\n\t\t<\/a>\n\t\t\t\t<div class=\"elementor-post__text\">\n\t\t\t\t<h3 class=\"elementor-post__title\">\n\t\t\t<a href=\"https:\/\/www.jobxion.com\/pl\/polska-populacja-w-holandii-wyjazd-z-rodzina-czy-samemu-jak-sobie-poradzic-z-organizacja-zycia-i-pracy\/\" >\n\t\t\t\tPolska populacja w Holandii, wyjazd z rodzin\u0105 czy samemu? Jak sobie poradzi\u0107 z organizacj\u0105 \u017cycia i pracy?\t\t\t<\/a>\n\t\t<\/h3>\n\t\t\t\t<div class=\"elementor-post__meta-data\">\n\t\t\t\t\t<span class=\"elementor-post-date\">\n\t\t\t12 pa\u017adziernika, 2023\t\t<\/span>\n\t\t\t\t<\/div>\n\t\t\t\t<div class=\"elementor-post__excerpt\">\n\t\t\t<p>Polska populacja w Holandii, wyjazd z rodzin\u0105 czy samemu? Jak sobie poradzi\u0107 z organizacj\u0105 \u017cycia i pracy?\u00a0 Polska populacja w Holandii stale ro\u015bnie, co jest<\/p>\n\t\t<\/div>\n\t\t\n\t\t<a class=\"elementor-post__read-more\" href=\"https:\/\/www.jobxion.com\/pl\/polska-populacja-w-holandii-wyjazd-z-rodzina-czy-samemu-jak-sobie-poradzic-z-organizacja-zycia-i-pracy\/\" aria-label=\"Read more about Polska populacja w Holandii, wyjazd z rodzin\u0105 czy samemu? Jak sobie poradzi\u0107 z organizacj\u0105 \u017cycia i pracy?\" tabindex=\"-1\" >\n\t\t\tCzytaj wi\u0119cej\t\t<\/a>\n\n\t\t\t\t<\/div>\n\t\t\t\t<\/article>\n\t\t\t\t<\/div>\n\t\t\t\t\t<span class=\"e-load-more-spinner\">\n\t\t\t\t<svg aria-hidden=\"true\" class=\"e-font-icon-svg e-fas-spinner\" viewBox=\"0 0 512 512\" xmlns=\"http:\/\/www.w3.org\/2000\/svg\"><path d=\"M304 48c0 26.51-21.49 48-48 48s-48-21.49-48-48 21.49-48 48-48 48 21.49 48 48zm-48 368c-26.51 0-48 21.49-48 48s21.49 48 48 48 48-21.49 48-48-21.49-48-48-48zm208-208c-26.51 0-48 21.49-48 48s21.49 48 48 48 48-21.49 48-48-21.49-48-48-48zM96 256c0-26.51-21.49-48-48-48S0 229.49 0 256s21.49 48 48 48 48-21.49 48-48zm12.922 99.078c-26.51 0-48 21.49-48 48s21.49 48 48 48 48-21.49 48-48c0-26.509-21.491-48-48-48zm294.156 0c-26.51 0-48 21.49-48 48s21.49 48 48 48 48-21.49 48-48c0-26.509-21.49-48-48-48zM108.922 60.922c-26.51 0-48 21.49-48 48s21.49 48 48 48 48-21.49 48-48-21.491-48-48-48z\"><\/path><\/svg>\t\t\t<\/span>\n\t\t\n\t\t\t\t<div class=\"e-load-more-anchor\" data-page=\"1\" data-max-page=\"16\" data-next-page=\"https:\/\/www.jobxion.com\/pl\/wp-json\/wp\/v2\/pages\/12713\/page\/2\/\"><\/div>\n\t\t\t\t<div class=\"elementor-button-wrapper\">\n\t\t\t<a class=\"elementor-button elementor-size-sm\" role=\"button\">\n\t\t\t\t\t\t<span class=\"elementor-button-content-wrapper\">\n\t\t\t\t\t\t\t\t\t<span class=\"elementor-button-text\">Za\u0142aduj wi\u0119cej<\/span>\n\t\t\t\t\t<\/span>\n\t\t\t\t\t<\/a>\n\t\t<\/div>\n\t\t\t\t<div class=\"e-load-more-message\"><\/div>\n\t\t\t\t\t\t<\/div>\n\t\t\t\t<\/div>\n\t\t\t\t<\/div>\n\t\t\t\t\t<\/div>\n\t\t\t\t<\/div>\n\t\t\t\t<\/div>\n\t\t","protected":false},"excerpt":{"rendered":"<p>Blogi i wiadomo\u015bci B\u0105d\u017a na bie\u017c\u0105co ze wszystkimi wydarzeniami w Jobxion!<\/p>\n","protected":false},"author":2,"featured_media":0,"parent":0,"menu_order":0,"comment_status":"closed","ping_status":"closed","template":"","meta":{"_acf_changed":false,"site-sidebar-layout":"no-sidebar","site-content-layout":"page-builder","ast-site-content-layout":"full-width-container","site-content-style":"unboxed","site-sidebar-style":"unboxed","ast-global-header-display":"","ast-banner-title-visibility":"","ast-main-header-display":"","ast-hfb-above-header-display":"","ast-hfb-below-header-display":"","ast-hfb-mobile-header-display":"","site-post-title":"disabled","ast-breadcrumbs-content":"","ast-featured-img":"disabled","footer-sml-layout":"","ast-disable-related-posts":"","theme-transparent-header-meta":"","adv-header-id-meta":"","stick-header-meta":"","header-above-stick-meta":"","header-main-stick-meta":"","header-below-stick-meta":"","astra-migrate-meta-layouts":"default","ast-page-background-enabled":"default","ast-page-background-meta":{"desktop":{"background-color":"var(--ast-global-color-4)","background-image":"","background-repeat":"repeat","background-position":"center center","background-size":"auto","background-attachment":"scroll","background-type":"","background-media":"","overlay-type":"","overlay-color":"","overlay-opacity":"","overlay-gradient":""},"tablet":{"background-color":"","background-image":"","background-repeat":"repeat","background-position":"center center","background-size":"auto","background-attachment":"scroll","background-type":"","background-media":"","overlay-type":"","overlay-color":"","overlay-opacity":"","overlay-gradient":""},"mobile":{"background-color":"","background-image":"","background-repeat":"repeat","background-position":"center center","background-size":"auto","background-attachment":"scroll","background-type":"","background-media":"","overlay-type":"","overlay-color":"","overlay-opacity":"","overlay-gradient":""}},"ast-content-background-meta":{"desktop":{"background-color":"var(--ast-global-color-5)","background-image":"","background-repeat":"repeat","background-position":"center center","background-size":"auto","background-attachment":"scroll","background-type":"","background-media":"","overlay-type":"","overlay-color":"","overlay-opacity":"","overlay-gradient":""},"tablet":{"background-color":"var(--ast-global-color-5)","background-image":"","background-repeat":"repeat","background-position":"center center","background-size":"auto","background-attachment":"scroll","background-type":"","background-media":"","overlay-type":"","overlay-color":"","overlay-opacity":"","overlay-gradient":""},"mobile":{"background-color":"var(--ast-global-color-5)","background-image":"","background-repeat":"repeat","background-position":"center center","background-size":"auto","background-attachment":"scroll","background-type":"","background-media":"","overlay-type":"","overlay-color":"","overlay-opacity":"","overlay-gradient":""}},"footnotes":""},"class_list":["post-12713","page","type-page","status-publish","hentry"],"acf":[],"yoast_head":"<!-- This site is optimized with the Yoast SEO Premium plugin v27.0 (Yoast SEO v27.0) - https:\/\/yoast.com\/product\/yoast-seo-premium-wordpress\/ -->\n<title>Blogi | Wiadomo\u015bci | Nie przegap niczego od Jobxion<\/title>\n<meta name=\"description\" content=\"Przeczytaj najnowsze wiadomo\u015bci i artyku\u0142y z Jobxion tutaj. Znajdziesz tutaj kilka interesuj\u0105cych artyku\u0142\u00f3w.\" \/>\n<meta name=\"robots\" content=\"index, follow, max-snippet:-1, max-image-preview:large, max-video-preview:-1\" \/>\n<link rel=\"canonical\" href=\"https:\/\/www.jobxion.com\/pl\/blog\/\" \/>\n<meta property=\"og:locale\" content=\"pl_PL\" \/>\n<meta property=\"og:type\" content=\"article\" \/>\n<meta property=\"og:title\" content=\"Blogi | Wiadomo\u015bci | Nie przegap niczego od Jobxion\" \/>\n<meta property=\"og:description\" content=\"Przeczytaj najnowsze wiadomo\u015bci i artyku\u0142y z Jobxion tutaj. Znajdziesz tutaj kilka interesuj\u0105cych artyku\u0142\u00f3w.\" \/>\n<meta property=\"og:url\" content=\"https:\/\/www.jobxion.com\/pl\/blog\/\" \/>\n<meta property=\"og:site_name\" content=\"Jobxion\" \/>\n<meta property=\"article:publisher\" content=\"https:\/\/www.facebook.com\/JobXion\" \/>\n<meta property=\"article:modified_time\" content=\"2024-02-09T12:31:42+00:00\" \/>\n<script type=\"application\/ld+json\" class=\"yoast-schema-graph\">{\"@context\":\"https:\/\/schema.org\",\"@graph\":[{\"@type\":\"WebPage\",\"@id\":\"https:\/\/www.jobxion.com\/pl\/blog\/\",\"url\":\"https:\/\/www.jobxion.com\/pl\/blog\/\",\"name\":\"Blogi | Wiadomo\u015bci | Nie przegap niczego od Jobxion\",\"isPartOf\":{\"@id\":\"https:\/\/www.jobxion.com\/pl\/#website\"},\"datePublished\":\"2022-10-13T11:51:24+00:00\",\"dateModified\":\"2024-02-09T12:31:42+00:00\",\"description\":\"Przeczytaj najnowsze wiadomo\u015bci i artyku\u0142y z Jobxion tutaj. Znajdziesz tutaj kilka interesuj\u0105cych artyku\u0142\u00f3w.\",\"inLanguage\":\"pl-PL\",\"potentialAction\":[{\"@type\":\"ReadAction\",\"target\":[\"https:\/\/www.jobxion.com\/pl\/blog\/\"]}]},{\"@type\":\"WebSite\",\"@id\":\"https:\/\/www.jobxion.com\/pl\/#website\",\"url\":\"https:\/\/www.jobxion.com\/pl\/\",\"name\":\"Jobxion\",\"description\":\"Jobxion\",\"publisher\":{\"@id\":\"https:\/\/www.jobxion.com\/pl\/#organization\"},\"potentialAction\":[{\"@type\":\"SearchAction\",\"target\":{\"@type\":\"EntryPoint\",\"urlTemplate\":\"https:\/\/www.jobxion.com\/pl\/?s={search_term_string}\"},\"query-input\":{\"@type\":\"PropertyValueSpecification\",\"valueRequired\":true,\"valueName\":\"search_term_string\"}}],\"inLanguage\":\"pl-PL\"},{\"@type\":\"Organization\",\"@id\":\"https:\/\/www.jobxion.com\/pl\/#organization\",\"name\":\"Jobxion\",\"url\":\"https:\/\/www.jobxion.com\/pl\/\",\"logo\":{\"@type\":\"ImageObject\",\"inLanguage\":\"pl-PL\",\"@id\":\"https:\/\/www.jobxion.com\/pl\/#\/schema\/logo\/image\/\",\"url\":\"https:\/\/www.jobxion.com\/wp-content\/uploads\/2022\/09\/Jobxion-website-e1671193791246.png\",\"contentUrl\":\"https:\/\/www.jobxion.com\/wp-content\/uploads\/2022\/09\/Jobxion-website-e1671193791246.png\",\"width\":150,\"height\":36,\"caption\":\"Jobxion\"},\"image\":{\"@id\":\"https:\/\/www.jobxion.com\/pl\/#\/schema\/logo\/image\/\"},\"sameAs\":[\"https:\/\/www.facebook.com\/JobXion\"]}]}<\/script>\n<!-- \/ Yoast SEO Premium plugin. -->","yoast_head_json":{"title":"Blogi | Wiadomo\u015bci | Nie przegap niczego od Jobxion","description":"Przeczytaj najnowsze wiadomo\u015bci i artyku\u0142y z Jobxion tutaj. Znajdziesz tutaj kilka interesuj\u0105cych artyku\u0142\u00f3w.","robots":{"index":"index","follow":"follow","max-snippet":"max-snippet:-1","max-image-preview":"max-image-preview:large","max-video-preview":"max-video-preview:-1"},"canonical":"https:\/\/www.jobxion.com\/pl\/blog\/","og_locale":"pl_PL","og_type":"article","og_title":"Blogi | Wiadomo\u015bci | Nie przegap niczego od Jobxion","og_description":"Przeczytaj najnowsze wiadomo\u015bci i artyku\u0142y z Jobxion tutaj. Znajdziesz tutaj kilka interesuj\u0105cych artyku\u0142\u00f3w.","og_url":"https:\/\/www.jobxion.com\/pl\/blog\/","og_site_name":"Jobxion","article_publisher":"https:\/\/www.facebook.com\/JobXion","article_modified_time":"2024-02-09T12:31:42+00:00","schema":{"@context":"https:\/\/schema.org","@graph":[{"@type":"WebPage","@id":"https:\/\/www.jobxion.com\/pl\/blog\/","url":"https:\/\/www.jobxion.com\/pl\/blog\/","name":"Blogi | Wiadomo\u015bci | Nie przegap niczego od Jobxion","isPartOf":{"@id":"https:\/\/www.jobxion.com\/pl\/#website"},"datePublished":"2022-10-13T11:51:24+00:00","dateModified":"2024-02-09T12:31:42+00:00","description":"Przeczytaj najnowsze wiadomo\u015bci i artyku\u0142y z Jobxion tutaj. Znajdziesz tutaj kilka interesuj\u0105cych artyku\u0142\u00f3w.","inLanguage":"pl-PL","potentialAction":[{"@type":"ReadAction","target":["https:\/\/www.jobxion.com\/pl\/blog\/"]}]},{"@type":"WebSite","@id":"https:\/\/www.jobxion.com\/pl\/#website","url":"https:\/\/www.jobxion.com\/pl\/","name":"Jobxion","description":"Jobxion","publisher":{"@id":"https:\/\/www.jobxion.com\/pl\/#organization"},"potentialAction":[{"@type":"SearchAction","target":{"@type":"EntryPoint","urlTemplate":"https:\/\/www.jobxion.com\/pl\/?s={search_term_string}"},"query-input":{"@type":"PropertyValueSpecification","valueRequired":true,"valueName":"search_term_string"}}],"inLanguage":"pl-PL"},{"@type":"Organization","@id":"https:\/\/www.jobxion.com\/pl\/#organization","name":"Jobxion","url":"https:\/\/www.jobxion.com\/pl\/","logo":{"@type":"ImageObject","inLanguage":"pl-PL","@id":"https:\/\/www.jobxion.com\/pl\/#\/schema\/logo\/image\/","url":"https:\/\/www.jobxion.com\/wp-content\/uploads\/2022\/09\/Jobxion-website-e1671193791246.png","contentUrl":"https:\/\/www.jobxion.com\/wp-content\/uploads\/2022\/09\/Jobxion-website-e1671193791246.png","width":150,"height":36,"caption":"Jobxion"},"image":{"@id":"https:\/\/www.jobxion.com\/pl\/#\/schema\/logo\/image\/"},"sameAs":["https:\/\/www.facebook.com\/JobXion"]}]}},"_links":{"self":[{"href":"https:\/\/www.jobxion.com\/pl\/wp-json\/wp\/v2\/pages\/12713","targetHints":{"allow":["GET"]}}],"collection":[{"href":"https:\/\/www.jobxion.com\/pl\/wp-json\/wp\/v2\/pages"}],"about":[{"href":"https:\/\/www.jobxion.com\/pl\/wp-json\/wp\/v2\/types\/page"}],"author":[{"embeddable":true,"href":"https:\/\/www.jobxion.com\/pl\/wp-json\/wp\/v2\/users\/2"}],"replies":[{"embeddable":true,"href":"https:\/\/www.jobxion.com\/pl\/wp-json\/wp\/v2\/comments?post=12713"}],"version-history":[{"count":0,"href":"https:\/\/www.jobxion.com\/pl\/wp-json\/wp\/v2\/pages\/12713\/revisions"}],"wp:attachment":[{"href":"https:\/\/www.jobxion.com\/pl\/wp-json\/wp\/v2\/media?parent=12713"}],"curies":[{"name":"wp","href":"https:\/\/api.w.org\/{rel}","templated":true}]}}