{"id":12832,"date":"2022-10-28T10:09:51","date_gmt":"2022-10-28T08:09:51","guid":{"rendered":"https:\/\/www.jobxion.com\/zasady-i-warunki\/"},"modified":"2024-03-04T10:44:22","modified_gmt":"2024-03-04T09:44:22","slug":"zasady-i-warunki","status":"publish","type":"page","link":"https:\/\/www.jobxion.com\/pl\/zasady-i-warunki\/","title":{"rendered":"Zasady i warunki"},"content":{"rendered":"\t\t<div data-elementor-type=\"wp-page\" data-elementor-id=\"12832\" class=\"elementor elementor-12832 elementor-1825\" data-elementor-post-type=\"page\">\n\t\t\t\t\t\t<section class=\"elementor-section elementor-top-section elementor-element elementor-element-59c432bd elementor-section-full_width elementor-section-height-min-height elementor-section-height-default elementor-section-items-middle\" data-id=\"59c432bd\" data-element_type=\"section\" data-e-type=\"section\" data-settings=\"{&quot;background_background&quot;:&quot;classic&quot;}\">\n\t\t\t\t\t\t<div class=\"elementor-container elementor-column-gap-default\">\n\t\t\t\t\t<div class=\"elementor-column elementor-col-100 elementor-top-column elementor-element elementor-element-705111d8\" data-id=\"705111d8\" data-element_type=\"column\" data-e-type=\"column\">\n\t\t\t<div class=\"elementor-widget-wrap\">\n\t\t\t\t\t\t\t<\/div>\n\t\t<\/div>\n\t\t\t\t\t<\/div>\n\t\t<\/section>\n\t\t\t\t<section class=\"elementor-section elementor-top-section elementor-element elementor-element-284a8727 elementor-section-boxed elementor-section-height-default elementor-section-height-default\" data-id=\"284a8727\" data-element_type=\"section\" data-e-type=\"section\" data-settings=\"{&quot;background_background&quot;:&quot;classic&quot;}\">\n\t\t\t\t\t\t<div class=\"elementor-container elementor-column-gap-default\">\n\t\t\t\t\t<div class=\"elementor-column elementor-col-100 elementor-top-column elementor-element elementor-element-84e43a0\" data-id=\"84e43a0\" data-element_type=\"column\" data-e-type=\"column\" data-settings=\"{&quot;background_background&quot;:&quot;classic&quot;}\">\n\t\t\t<div class=\"elementor-widget-wrap elementor-element-populated\">\n\t\t\t\t\t\t<div class=\"elementor-element elementor-element-5107f8a elementor-widget elementor-widget-heading\" data-id=\"5107f8a\" data-element_type=\"widget\" data-e-type=\"widget\" data-widget_type=\"heading.default\">\n\t\t\t\t<div class=\"elementor-widget-container\">\n\t\t\t\t\t<h1 class=\"elementor-heading-title elementor-size-default\">Og\u00f3lne warunki handlowe<\/h1>\t\t\t\t<\/div>\n\t\t\t\t<\/div>\n\t\t\t\t<div class=\"elementor-element elementor-element-3d2b96d3 elementor-widget elementor-widget-text-editor\" data-id=\"3d2b96d3\" data-element_type=\"widget\" data-e-type=\"widget\" data-widget_type=\"text-editor.default\">\n\t\t\t\t<div class=\"elementor-widget-container\">\n\t\t\t\t\t\t\t\t\t<p>Nasze og\u00f3lne warunki i najcz\u0119\u015bciej wymagane dokumenty mo\u017cna znale\u017a\u0107 tutaj. Aby uzyska\u0107 dodatkowe lub brakuj\u0105ce informacje, zawsze mo\u017cesz si\u0119 z nami skontaktowa\u0107. JobXion posiada certyfikat NBBU i spe\u0142nia surowe wymagania jako\u015bciowe organizacji bran\u017cowej w bran\u017cy pracy tymczasowej i rynku flex. <\/p>\n\t\t\t\t\t\t\t\t<\/div>\n\t\t\t\t<\/div>\n\t\t\t\t<div class=\"elementor-element elementor-element-3397950 elementor-widget elementor-widget-text-editor\" data-id=\"3397950\" data-element_type=\"widget\" data-e-type=\"widget\" data-widget_type=\"text-editor.default\">\n\t\t\t\t<div class=\"elementor-widget-container\">\n\t\t\t\t\t\t\t\t\t<ul>\n<li><a href=\"\/wp-content\/uploads\/2022\/11\/Algemene-Voorwaarden-TBA-en-WS-2020-definitief.pdf\" target=\"_blank\" rel=\"noopener\">Og\u00f3lne warunki handlowe NBBU<\/a><\/li>\n<li><a href=\"\/wp-content\/uploads\/2022\/11\/NBBU-certificaat-tm-07-10-2024.pdf\" target=\"_blank\" rel=\"noopener\">Certyfikat NBBU<\/a><\/li>\n<li><a href=\"\/wp-content\/uploads\/2022\/11\/G-rekeningovereenkomst-Jobxion-Vakmensen-BV-2020.pdf\" target=\"_blank\" rel=\"noopener\">Umowa rachunku bankowego JobXion Vakmensen BV<\/a><\/li>\n<li><a href=\"\/wp-content\/uploads\/2022\/11\/KVK-uittreksel-Jobxion-Vakmensen-5-9-2019.pdf\" target=\"_blank\" rel=\"noopener\">KvK JobXion Vakmensen B.V.<\/a><\/li>\n<li><a href=\"\/wp-content\/uploads\/2022\/11\/SNA_VerklaringVanRegistratie-2019_8632888.pdf\" target=\"_blank\" rel=\"noopener\">Rejestracja o\u015bwiadczenia SNA<\/a><\/li>\n<li><a href=\"\/wp-content\/uploads\/2022\/11\/VCU-certificaat-geldig-tot-2024.PDF.pdf\" target=\"_blank\" rel=\"noopener\">Certyfikat VCU JobXion Vakmensen<\/a><\/li>\n<li><a title=\"\" href=\"\/wp-content\/uploads\/2022\/11\/WKA-Jobxion-Vakmensen-BV-21-10-2022.pdf\" target=\"_blank\" rel=\"noopener\">WKA JobXion Vakmensen<\/a><\/li>\n<\/ul>\n\t\t\t\t\t\t\t\t<\/div>\n\t\t\t\t<\/div>\n\t\t\t\t<div class=\"elementor-element elementor-element-65529b8 elementor-widget elementor-widget-heading\" data-id=\"65529b8\" data-element_type=\"widget\" data-e-type=\"widget\" data-widget_type=\"heading.default\">\n\t\t\t\t<div class=\"elementor-widget-container\">\n\t\t\t\t\t<h3 class=\"elementor-heading-title elementor-size-default\">Kontakt z Jobxion<\/h3>\t\t\t\t<\/div>\n\t\t\t\t<\/div>\n\t\t\t\t<div class=\"elementor-element elementor-element-2f5cfdb5 elementor-widget elementor-widget-text-editor\" data-id=\"2f5cfdb5\" data-element_type=\"widget\" data-e-type=\"widget\" data-widget_type=\"text-editor.default\">\n\t\t\t\t<div class=\"elementor-widget-container\">\n\t\t\t\t\t\t\t\t\t<p>Czy masz pytanie dotycz\u0105ce naszego regulaminu lub kt\u00f3regokolwiek z dokument\u00f3w, do kt\u00f3rych si\u0119 odwo\u0142ujemy? <a href=\"https:\/\/www.jobxion.com\/pl\/kontakt\/\">Skontaktuj si\u0119<\/a> z nami. <\/p>\n\t\t\t\t\t\t\t\t<\/div>\n\t\t\t\t<\/div>\n\t\t\t\t\t<\/div>\n\t\t<\/div>\n\t\t\t\t\t<\/div>\n\t\t<\/section>\n\t\t\t\t<\/div>\n\t\t","protected":false},"excerpt":{"rendered":"<p>Og\u00f3lne warunki handlowe Nasze og\u00f3lne warunki i najcz\u0119\u015bciej wymagane dokumenty mo\u017cna znale\u017a\u0107 tutaj. Aby uzyska\u0107 dodatkowe lub brakuj\u0105ce informacje, zawsze mo\u017cesz si\u0119 z nami skontaktowa\u0107. JobXion posiada certyfikat NBBU i spe\u0142nia surowe wymagania jako\u015bciowe organizacji bran\u017cowej w bran\u017cy pracy tymczasowej i rynku flex. Og\u00f3lne warunki handlowe NBBU Certyfikat NBBU Umowa rachunku bankowego JobXion Vakmensen BV [&hellip;]<\/p>\n","protected":false},"author":2,"featured_media":0,"parent":0,"menu_order":0,"comment_status":"closed","ping_status":"closed","template":"","meta":{"_acf_changed":false,"site-sidebar-layout":"no-sidebar","site-content-layout":"page-builder","ast-site-content-layout":"full-width-container","site-content-style":"unboxed","site-sidebar-style":"unboxed","ast-global-header-display":"","ast-banner-title-visibility":"","ast-main-header-display":"","ast-hfb-above-header-display":"","ast-hfb-below-header-display":"","ast-hfb-mobile-header-display":"","site-post-title":"disabled","ast-breadcrumbs-content":"","ast-featured-img":"disabled","footer-sml-layout":"","ast-disable-related-posts":"","theme-transparent-header-meta":"","adv-header-id-meta":"","stick-header-meta":"","header-above-stick-meta":"","header-main-stick-meta":"","header-below-stick-meta":"","astra-migrate-meta-layouts":"default","ast-page-background-enabled":"default","ast-page-background-meta":{"desktop":{"background-color":"var(--ast-global-color-4)","background-image":"","background-repeat":"repeat","background-position":"center center","background-size":"auto","background-attachment":"scroll","background-type":"","background-media":"","overlay-type":"","overlay-color":"","overlay-opacity":"","overlay-gradient":""},"tablet":{"background-color":"","background-image":"","background-repeat":"repeat","background-position":"center center","background-size":"auto","background-attachment":"scroll","background-type":"","background-media":"","overlay-type":"","overlay-color":"","overlay-opacity":"","overlay-gradient":""},"mobile":{"background-color":"","background-image":"","background-repeat":"repeat","background-position":"center center","background-size":"auto","background-attachment":"scroll","background-type":"","background-media":"","overlay-type":"","overlay-color":"","overlay-opacity":"","overlay-gradient":""}},"ast-content-background-meta":{"desktop":{"background-color":"var(--ast-global-color-5)","background-image":"","background-repeat":"repeat","background-position":"center center","background-size":"auto","background-attachment":"scroll","background-type":"","background-media":"","overlay-type":"","overlay-color":"","overlay-opacity":"","overlay-gradient":""},"tablet":{"background-color":"var(--ast-global-color-5)","background-image":"","background-repeat":"repeat","background-position":"center center","background-size":"auto","background-attachment":"scroll","background-type":"","background-media":"","overlay-type":"","overlay-color":"","overlay-opacity":"","overlay-gradient":""},"mobile":{"background-color":"var(--ast-global-color-5)","background-image":"","background-repeat":"repeat","background-position":"center center","background-size":"auto","background-attachment":"scroll","background-type":"","background-media":"","overlay-type":"","overlay-color":"","overlay-opacity":"","overlay-gradient":""}},"footnotes":""},"class_list":["post-12832","page","type-page","status-publish","hentry"],"acf":[],"yoast_head":"<!-- This site is optimized with the Yoast SEO Premium plugin v27.5 (Yoast SEO v27.5) - https:\/\/yoast.com\/product\/yoast-seo-premium-wordpress\/ -->\n<title>Og\u00f3lne warunki maj\u0105ce zastosowanie do Jobxion<\/title>\n<meta name=\"description\" content=\"Zapoznaj si\u0119 z og\u00f3lnymi warunkami obowi\u0105zuj\u0105cymi w Jobxion Vakmensen B.V. Je\u015bli nadal masz pytania, skontaktuj si\u0119 z nami.\" \/>\n<meta name=\"robots\" content=\"index, follow, max-snippet:-1, max-image-preview:large, max-video-preview:-1\" \/>\n<link rel=\"canonical\" href=\"https:\/\/www.jobxion.com\/pl\/zasady-i-warunki\/\" \/>\n<meta property=\"og:locale\" content=\"pl_PL\" \/>\n<meta property=\"og:type\" content=\"article\" \/>\n<meta property=\"og:title\" content=\"Og\u00f3lne warunki maj\u0105ce zastosowanie do Jobxion\" \/>\n<meta property=\"og:description\" content=\"Zapoznaj si\u0119 z og\u00f3lnymi warunkami obowi\u0105zuj\u0105cymi w Jobxion Vakmensen B.V. Je\u015bli nadal masz pytania, skontaktuj si\u0119 z nami.\" \/>\n<meta property=\"og:url\" content=\"https:\/\/www.jobxion.com\/pl\/zasady-i-warunki\/\" \/>\n<meta property=\"og:site_name\" content=\"Jobxion\" \/>\n<meta property=\"article:publisher\" content=\"https:\/\/www.facebook.com\/JobXion\" \/>\n<meta property=\"article:modified_time\" content=\"2024-03-04T09:44:22+00:00\" \/>\n<script type=\"application\/ld+json\" class=\"yoast-schema-graph\">{\"@context\":\"https:\\\/\\\/schema.org\",\"@graph\":[{\"@type\":\"WebPage\",\"@id\":\"https:\\\/\\\/www.jobxion.com\\\/pl\\\/zasady-i-warunki\\\/\",\"url\":\"https:\\\/\\\/www.jobxion.com\\\/pl\\\/zasady-i-warunki\\\/\",\"name\":\"Og\u00f3lne warunki maj\u0105ce zastosowanie do Jobxion\",\"isPartOf\":{\"@id\":\"https:\\\/\\\/www.jobxion.com\\\/pl\\\/#website\"},\"datePublished\":\"2022-10-28T08:09:51+00:00\",\"dateModified\":\"2024-03-04T09:44:22+00:00\",\"description\":\"Zapoznaj si\u0119 z og\u00f3lnymi warunkami obowi\u0105zuj\u0105cymi w Jobxion Vakmensen B.V. Je\u015bli nadal masz pytania, skontaktuj si\u0119 z nami.\",\"inLanguage\":\"pl-PL\",\"potentialAction\":[{\"@type\":\"ReadAction\",\"target\":[\"https:\\\/\\\/www.jobxion.com\\\/pl\\\/zasady-i-warunki\\\/\"]}]},{\"@type\":\"WebSite\",\"@id\":\"https:\\\/\\\/www.jobxion.com\\\/pl\\\/#website\",\"url\":\"https:\\\/\\\/www.jobxion.com\\\/pl\\\/\",\"name\":\"Jobxion\",\"description\":\"Jobxion\",\"publisher\":{\"@id\":\"https:\\\/\\\/www.jobxion.com\\\/pl\\\/#organization\"},\"potentialAction\":[{\"@type\":\"SearchAction\",\"target\":{\"@type\":\"EntryPoint\",\"urlTemplate\":\"https:\\\/\\\/www.jobxion.com\\\/pl\\\/?s={search_term_string}\"},\"query-input\":{\"@type\":\"PropertyValueSpecification\",\"valueRequired\":true,\"valueName\":\"search_term_string\"}}],\"inLanguage\":\"pl-PL\"},{\"@type\":\"Organization\",\"@id\":\"https:\\\/\\\/www.jobxion.com\\\/pl\\\/#organization\",\"name\":\"Jobxion\",\"url\":\"https:\\\/\\\/www.jobxion.com\\\/pl\\\/\",\"logo\":{\"@type\":\"ImageObject\",\"inLanguage\":\"pl-PL\",\"@id\":\"https:\\\/\\\/www.jobxion.com\\\/pl\\\/#\\\/schema\\\/logo\\\/image\\\/\",\"url\":\"https:\\\/\\\/www.jobxion.com\\\/wp-content\\\/uploads\\\/2022\\\/09\\\/Jobxion-website-e1671193791246.png\",\"contentUrl\":\"https:\\\/\\\/www.jobxion.com\\\/wp-content\\\/uploads\\\/2022\\\/09\\\/Jobxion-website-e1671193791246.png\",\"width\":150,\"height\":36,\"caption\":\"Jobxion\"},\"image\":{\"@id\":\"https:\\\/\\\/www.jobxion.com\\\/pl\\\/#\\\/schema\\\/logo\\\/image\\\/\"},\"sameAs\":[\"https:\\\/\\\/www.facebook.com\\\/JobXion\"]}]}<\/script>\n<!-- \/ Yoast SEO Premium plugin. -->","yoast_head_json":{"title":"Og\u00f3lne warunki maj\u0105ce zastosowanie do Jobxion","description":"Zapoznaj si\u0119 z og\u00f3lnymi warunkami obowi\u0105zuj\u0105cymi w Jobxion Vakmensen B.V. Je\u015bli nadal masz pytania, skontaktuj si\u0119 z nami.","robots":{"index":"index","follow":"follow","max-snippet":"max-snippet:-1","max-image-preview":"max-image-preview:large","max-video-preview":"max-video-preview:-1"},"canonical":"https:\/\/www.jobxion.com\/pl\/zasady-i-warunki\/","og_locale":"pl_PL","og_type":"article","og_title":"Og\u00f3lne warunki maj\u0105ce zastosowanie do Jobxion","og_description":"Zapoznaj si\u0119 z og\u00f3lnymi warunkami obowi\u0105zuj\u0105cymi w Jobxion Vakmensen B.V. Je\u015bli nadal masz pytania, skontaktuj si\u0119 z nami.","og_url":"https:\/\/www.jobxion.com\/pl\/zasady-i-warunki\/","og_site_name":"Jobxion","article_publisher":"https:\/\/www.facebook.com\/JobXion","article_modified_time":"2024-03-04T09:44:22+00:00","schema":{"@context":"https:\/\/schema.org","@graph":[{"@type":"WebPage","@id":"https:\/\/www.jobxion.com\/pl\/zasady-i-warunki\/","url":"https:\/\/www.jobxion.com\/pl\/zasady-i-warunki\/","name":"Og\u00f3lne warunki maj\u0105ce zastosowanie do Jobxion","isPartOf":{"@id":"https:\/\/www.jobxion.com\/pl\/#website"},"datePublished":"2022-10-28T08:09:51+00:00","dateModified":"2024-03-04T09:44:22+00:00","description":"Zapoznaj si\u0119 z og\u00f3lnymi warunkami obowi\u0105zuj\u0105cymi w Jobxion Vakmensen B.V. Je\u015bli nadal masz pytania, skontaktuj si\u0119 z nami.","inLanguage":"pl-PL","potentialAction":[{"@type":"ReadAction","target":["https:\/\/www.jobxion.com\/pl\/zasady-i-warunki\/"]}]},{"@type":"WebSite","@id":"https:\/\/www.jobxion.com\/pl\/#website","url":"https:\/\/www.jobxion.com\/pl\/","name":"Jobxion","description":"Jobxion","publisher":{"@id":"https:\/\/www.jobxion.com\/pl\/#organization"},"potentialAction":[{"@type":"SearchAction","target":{"@type":"EntryPoint","urlTemplate":"https:\/\/www.jobxion.com\/pl\/?s={search_term_string}"},"query-input":{"@type":"PropertyValueSpecification","valueRequired":true,"valueName":"search_term_string"}}],"inLanguage":"pl-PL"},{"@type":"Organization","@id":"https:\/\/www.jobxion.com\/pl\/#organization","name":"Jobxion","url":"https:\/\/www.jobxion.com\/pl\/","logo":{"@type":"ImageObject","inLanguage":"pl-PL","@id":"https:\/\/www.jobxion.com\/pl\/#\/schema\/logo\/image\/","url":"https:\/\/www.jobxion.com\/wp-content\/uploads\/2022\/09\/Jobxion-website-e1671193791246.png","contentUrl":"https:\/\/www.jobxion.com\/wp-content\/uploads\/2022\/09\/Jobxion-website-e1671193791246.png","width":150,"height":36,"caption":"Jobxion"},"image":{"@id":"https:\/\/www.jobxion.com\/pl\/#\/schema\/logo\/image\/"},"sameAs":["https:\/\/www.facebook.com\/JobXion"]}]}},"_links":{"self":[{"href":"https:\/\/www.jobxion.com\/pl\/wp-json\/wp\/v2\/pages\/12832","targetHints":{"allow":["GET"]}}],"collection":[{"href":"https:\/\/www.jobxion.com\/pl\/wp-json\/wp\/v2\/pages"}],"about":[{"href":"https:\/\/www.jobxion.com\/pl\/wp-json\/wp\/v2\/types\/page"}],"author":[{"embeddable":true,"href":"https:\/\/www.jobxion.com\/pl\/wp-json\/wp\/v2\/users\/2"}],"replies":[{"embeddable":true,"href":"https:\/\/www.jobxion.com\/pl\/wp-json\/wp\/v2\/comments?post=12832"}],"version-history":[{"count":2,"href":"https:\/\/www.jobxion.com\/pl\/wp-json\/wp\/v2\/pages\/12832\/revisions"}],"predecessor-version":[{"id":33898,"href":"https:\/\/www.jobxion.com\/pl\/wp-json\/wp\/v2\/pages\/12832\/revisions\/33898"}],"wp:attachment":[{"href":"https:\/\/www.jobxion.com\/pl\/wp-json\/wp\/v2\/media?parent=12832"}],"curies":[{"name":"wp","href":"https:\/\/api.w.org\/{rel}","templated":true}]}}