{"id":36159,"date":"2022-09-23T12:50:37","date_gmt":"2022-09-23T10:50:37","guid":{"rendered":"https:\/\/www.jobxion.com\/acasa\/"},"modified":"2025-01-24T12:22:37","modified_gmt":"2025-01-24T11:22:37","slug":"acasa","status":"publish","type":"page","link":"https:\/\/www.jobxion.com\/ro\/","title":{"rendered":"Acas\u0103"},"content":{"rendered":"\t\t<div data-elementor-type=\"wp-page\" data-elementor-id=\"36159\" class=\"elementor elementor-36159 elementor-12\" data-elementor-post-type=\"page\">\n\t\t\t\t\t\t<section class=\"elementor-section elementor-top-section elementor-element elementor-element-534b3c24 elementor-section-full_width elementor-section-height-min-height elementor-section-height-default elementor-section-items-middle\" data-id=\"534b3c24\" data-element_type=\"section\" data-e-type=\"section\" data-settings=\"{&quot;background_background&quot;:&quot;classic&quot;}\">\n\t\t\t\t\t\t<div class=\"elementor-container elementor-column-gap-default\">\n\t\t\t\t\t<div class=\"elementor-column elementor-col-100 elementor-top-column elementor-element elementor-element-ae64cfe\" data-id=\"ae64cfe\" data-element_type=\"column\" data-e-type=\"column\">\n\t\t\t<div class=\"elementor-widget-wrap\">\n\t\t\t\t\t\t\t<\/div>\n\t\t<\/div>\n\t\t\t\t\t<\/div>\n\t\t<\/section>\n\t\t\t\t<section class=\"elementor-section elementor-top-section elementor-element elementor-element-13b14270 elementor-section-boxed elementor-section-height-default elementor-section-height-default\" data-id=\"13b14270\" data-element_type=\"section\" data-e-type=\"section\" data-settings=\"{&quot;background_background&quot;:&quot;classic&quot;}\">\n\t\t\t\t\t\t<div class=\"elementor-container elementor-column-gap-default\">\n\t\t\t\t\t<div class=\"elementor-column elementor-col-100 elementor-top-column elementor-element elementor-element-2cb8ef3b\" data-id=\"2cb8ef3b\" data-element_type=\"column\" data-e-type=\"column\" data-settings=\"{&quot;background_background&quot;:&quot;classic&quot;}\">\n\t\t\t<div class=\"elementor-widget-wrap elementor-element-populated\">\n\t\t\t\t\t\t<div class=\"elementor-element elementor-element-c7deb03 elementor-widget elementor-widget-heading\" data-id=\"c7deb03\" data-element_type=\"widget\" data-e-type=\"widget\" data-widget_type=\"heading.default\">\n\t\t\t\t<div class=\"elementor-widget-container\">\n\t\t\t\t\t<h1 class=\"elementor-heading-title elementor-size-default\">Pentru un loc de munc\u0103 \u00een construc\u021bii sau inginerie<\/h1>\t\t\t\t<\/div>\n\t\t\t\t<\/div>\n\t\t\t\t\t<\/div>\n\t\t<\/div>\n\t\t\t\t\t<\/div>\n\t\t<\/section>\n\t\t\t\t<section class=\"elementor-section elementor-top-section elementor-element elementor-element-7f555d5 elementor-section-boxed elementor-section-height-default elementor-section-height-default\" data-id=\"7f555d5\" data-element_type=\"section\" data-e-type=\"section\" data-settings=\"{&quot;background_background&quot;:&quot;classic&quot;}\">\n\t\t\t\t\t\t<div class=\"elementor-container elementor-column-gap-default\">\n\t\t\t\t\t<div class=\"elementor-column elementor-col-100 elementor-top-column elementor-element elementor-element-abd6c6f\" data-id=\"abd6c6f\" data-element_type=\"column\" data-e-type=\"column\">\n\t\t\t<div class=\"elementor-widget-wrap elementor-element-populated\">\n\t\t\t\t\t\t<div class=\"elementor-element elementor-element-26caa8c elementor-widget elementor-widget-heading\" data-id=\"26caa8c\" data-element_type=\"widget\" data-e-type=\"widget\" data-widget_type=\"heading.default\">\n\t\t\t\t<div class=\"elementor-widget-container\">\n\t\t\t\t\t<h2 class=\"elementor-heading-title elementor-size-default\">De ce s\u0103 lucra\u021bi pentru Jobxion?<\/h2>\t\t\t\t<\/div>\n\t\t\t\t<\/div>\n\t\t\t\t<div class=\"elementor-element elementor-element-e488144 elementor-align-center elementor-mobile-align-start elementor-hidden-tablet elementor-hidden-mobile elementor-icon-list--layout-traditional elementor-list-item-link-full_width elementor-widget elementor-widget-icon-list\" data-id=\"e488144\" data-element_type=\"widget\" data-e-type=\"widget\" data-widget_type=\"icon-list.default\">\n\t\t\t\t<div class=\"elementor-widget-container\">\n\t\t\t\t\t\t\t<ul class=\"elementor-icon-list-items\">\n\t\t\t\t\t\t\t<li class=\"elementor-icon-list-item\">\n\t\t\t\t\t\t\t\t\t\t\t<span class=\"elementor-icon-list-icon\">\n\t\t\t\t\t\t\t<svg aria-hidden=\"true\" class=\"e-font-icon-svg e-far-check-circle\" viewBox=\"0 0 512 512\" xmlns=\"http:\/\/www.w3.org\/2000\/svg\"><path d=\"M256 8C119.033 8 8 119.033 8 256s111.033 248 248 248 248-111.033 248-248S392.967 8 256 8zm0 48c110.532 0 200 89.451 200 200 0 110.532-89.451 200-200 200-110.532 0-200-89.451-200-200 0-110.532 89.451-200 200-200m140.204 130.267l-22.536-22.718c-4.667-4.705-12.265-4.736-16.97-.068L215.346 303.697l-59.792-60.277c-4.667-4.705-12.265-4.736-16.97-.069l-22.719 22.536c-4.705 4.667-4.736 12.265-.068 16.971l90.781 91.516c4.667 4.705 12.265 4.736 16.97.068l172.589-171.204c4.704-4.668 4.734-12.266.067-16.971z\"><\/path><\/svg>\t\t\t\t\t\t<\/span>\n\t\t\t\t\t\t\t\t\t\t<span class=\"elementor-icon-list-text\"><b>Bine recompensat<\/b> - un salariu bun pl\u0103tit \u00een fiecare s\u0103pt\u0103m\u00e2n\u0103, cu acumularea pensiei \u0219i un contract colectiv de munc\u0103 bun<\/span>\n\t\t\t\t\t\t\t\t\t<\/li>\n\t\t\t\t\t\t\t\t<li class=\"elementor-icon-list-item\">\n\t\t\t\t\t\t\t\t\t\t\t<span class=\"elementor-icon-list-icon\">\n\t\t\t\t\t\t\t<svg aria-hidden=\"true\" class=\"e-font-icon-svg e-far-check-circle\" viewBox=\"0 0 512 512\" xmlns=\"http:\/\/www.w3.org\/2000\/svg\"><path d=\"M256 8C119.033 8 8 119.033 8 256s111.033 248 248 248 248-111.033 248-248S392.967 8 256 8zm0 48c110.532 0 200 89.451 200 200 0 110.532-89.451 200-200 200-110.532 0-200-89.451-200-200 0-110.532 89.451-200 200-200m140.204 130.267l-22.536-22.718c-4.667-4.705-12.265-4.736-16.97-.068L215.346 303.697l-59.792-60.277c-4.667-4.705-12.265-4.736-16.97-.069l-22.719 22.536c-4.705 4.667-4.736 12.265-.068 16.971l90.781 91.516c4.667 4.705 12.265 4.736 16.97.068l172.589-171.204c4.704-4.668 4.734-12.266.067-16.971z\"><\/path><\/svg>\t\t\t\t\t\t<\/span>\n\t\t\t\t\t\t\t\t\t\t<span class=\"elementor-icon-list-text\"><b>Noi aranj\u0103m totul<\/b> - cum ar fi hainele de lucru, uneltele electrice \u0219i transportul<\/span>\n\t\t\t\t\t\t\t\t\t<\/li>\n\t\t\t\t\t\t\t\t<li class=\"elementor-icon-list-item\">\n\t\t\t\t\t\t\t\t\t\t\t<span class=\"elementor-icon-list-icon\">\n\t\t\t\t\t\t\t<svg aria-hidden=\"true\" class=\"e-font-icon-svg e-far-check-circle\" viewBox=\"0 0 512 512\" xmlns=\"http:\/\/www.w3.org\/2000\/svg\"><path d=\"M256 8C119.033 8 8 119.033 8 256s111.033 248 248 248 248-111.033 248-248S392.967 8 256 8zm0 48c110.532 0 200 89.451 200 200 0 110.532-89.451 200-200 200-110.532 0-200-89.451-200-200 0-110.532 89.451-200 200-200m140.204 130.267l-22.536-22.718c-4.667-4.705-12.265-4.736-16.97-.068L215.346 303.697l-59.792-60.277c-4.667-4.705-12.265-4.736-16.97-.069l-22.719 22.536c-4.705 4.667-4.736 12.265-.068 16.971l90.781 91.516c4.667 4.705 12.265 4.736 16.97.068l172.589-171.204c4.704-4.668 4.734-12.266.067-16.971z\"><\/path><\/svg>\t\t\t\t\t\t<\/span>\n\t\t\t\t\t\t\t\t\t\t<span class=\"elementor-icon-list-text\"><b>Tu e\u0219ti \u00een centrul aten\u021biei<\/b> - \u021binem cont de dorin\u021bele tale, a\u0219a c\u0103 c\u0103ut\u0103m proiecte care \u021bi se potrivesc<\/span>\n\t\t\t\t\t\t\t\t\t<\/li>\n\t\t\t\t\t\t<\/ul>\n\t\t\t\t\t\t<\/div>\n\t\t\t\t<\/div>\n\t\t\t\t<div class=\"elementor-element elementor-element-cb62a8e elementor-align-start elementor-mobile-align-center elementor-hidden-desktop elementor-icon-list--layout-traditional elementor-list-item-link-full_width elementor-widget elementor-widget-icon-list\" data-id=\"cb62a8e\" data-element_type=\"widget\" data-e-type=\"widget\" data-widget_type=\"icon-list.default\">\n\t\t\t\t<div class=\"elementor-widget-container\">\n\t\t\t\t\t\t\t<ul class=\"elementor-icon-list-items\">\n\t\t\t\t\t\t\t<li class=\"elementor-icon-list-item\">\n\t\t\t\t\t\t\t\t\t\t\t<span class=\"elementor-icon-list-icon\">\n\t\t\t\t\t\t\t<svg aria-hidden=\"true\" class=\"e-font-icon-svg e-far-check-circle\" viewBox=\"0 0 512 512\" xmlns=\"http:\/\/www.w3.org\/2000\/svg\"><path d=\"M256 8C119.033 8 8 119.033 8 256s111.033 248 248 248 248-111.033 248-248S392.967 8 256 8zm0 48c110.532 0 200 89.451 200 200 0 110.532-89.451 200-200 200-110.532 0-200-89.451-200-200 0-110.532 89.451-200 200-200m140.204 130.267l-22.536-22.718c-4.667-4.705-12.265-4.736-16.97-.068L215.346 303.697l-59.792-60.277c-4.667-4.705-12.265-4.736-16.97-.069l-22.719 22.536c-4.705 4.667-4.736 12.265-.068 16.971l90.781 91.516c4.667 4.705 12.265 4.736 16.97.068l172.589-171.204c4.704-4.668 4.734-12.266.067-16.971z\"><\/path><\/svg>\t\t\t\t\t\t<\/span>\n\t\t\t\t\t\t\t\t\t\t<span class=\"elementor-icon-list-text\">Bine recompensat<\/span>\n\t\t\t\t\t\t\t\t\t<\/li>\n\t\t\t\t\t\t\t\t<li class=\"elementor-icon-list-item\">\n\t\t\t\t\t\t\t\t\t\t\t<span class=\"elementor-icon-list-icon\">\n\t\t\t\t\t\t\t<svg aria-hidden=\"true\" class=\"e-font-icon-svg e-far-check-circle\" viewBox=\"0 0 512 512\" xmlns=\"http:\/\/www.w3.org\/2000\/svg\"><path d=\"M256 8C119.033 8 8 119.033 8 256s111.033 248 248 248 248-111.033 248-248S392.967 8 256 8zm0 48c110.532 0 200 89.451 200 200 0 110.532-89.451 200-200 200-110.532 0-200-89.451-200-200 0-110.532 89.451-200 200-200m140.204 130.267l-22.536-22.718c-4.667-4.705-12.265-4.736-16.97-.068L215.346 303.697l-59.792-60.277c-4.667-4.705-12.265-4.736-16.97-.069l-22.719 22.536c-4.705 4.667-4.736 12.265-.068 16.971l90.781 91.516c4.667 4.705 12.265 4.736 16.97.068l172.589-171.204c4.704-4.668 4.734-12.266.067-16.971z\"><\/path><\/svg>\t\t\t\t\t\t<\/span>\n\t\t\t\t\t\t\t\t\t\t<span class=\"elementor-icon-list-text\">Noi aranj\u0103m totul<\/span>\n\t\t\t\t\t\t\t\t\t<\/li>\n\t\t\t\t\t\t\t\t<li class=\"elementor-icon-list-item\">\n\t\t\t\t\t\t\t\t\t\t\t<span class=\"elementor-icon-list-icon\">\n\t\t\t\t\t\t\t<svg aria-hidden=\"true\" class=\"e-font-icon-svg e-far-check-circle\" viewBox=\"0 0 512 512\" xmlns=\"http:\/\/www.w3.org\/2000\/svg\"><path d=\"M256 8C119.033 8 8 119.033 8 256s111.033 248 248 248 248-111.033 248-248S392.967 8 256 8zm0 48c110.532 0 200 89.451 200 200 0 110.532-89.451 200-200 200-110.532 0-200-89.451-200-200 0-110.532 89.451-200 200-200m140.204 130.267l-22.536-22.718c-4.667-4.705-12.265-4.736-16.97-.068L215.346 303.697l-59.792-60.277c-4.667-4.705-12.265-4.736-16.97-.069l-22.719 22.536c-4.705 4.667-4.736 12.265-.068 16.971l90.781 91.516c4.667 4.705 12.265 4.736 16.97.068l172.589-171.204c4.704-4.668 4.734-12.266.067-16.971z\"><\/path><\/svg>\t\t\t\t\t\t<\/span>\n\t\t\t\t\t\t\t\t\t\t<span class=\"elementor-icon-list-text\">Sunte\u021bi central<\/span>\n\t\t\t\t\t\t\t\t\t<\/li>\n\t\t\t\t\t\t<\/ul>\n\t\t\t\t\t\t<\/div>\n\t\t\t\t<\/div>\n\t\t\t\t\t<\/div>\n\t\t<\/div>\n\t\t\t\t\t<\/div>\n\t\t<\/section>\n\t\t\t\t<section class=\"elementor-section elementor-top-section elementor-element elementor-element-14fa583 elementor-section-full_width elementor-section-height-default elementor-section-height-default\" data-id=\"14fa583\" data-element_type=\"section\" data-e-type=\"section\" data-settings=\"{&quot;background_background&quot;:&quot;classic&quot;}\">\n\t\t\t\t\t\t<div class=\"elementor-container elementor-column-gap-default\">\n\t\t\t\t\t<div class=\"elementor-column elementor-col-100 elementor-top-column elementor-element elementor-element-4e7293b\" data-id=\"4e7293b\" data-element_type=\"column\" data-e-type=\"column\">\n\t\t\t<div class=\"elementor-widget-wrap elementor-element-populated\">\n\t\t\t\t\t\t<div class=\"elementor-element elementor-element-d0ccc98 elementor-widget elementor-widget-heading\" data-id=\"d0ccc98\" data-element_type=\"widget\" data-e-type=\"widget\" data-widget_type=\"heading.default\">\n\t\t\t\t<div class=\"elementor-widget-container\">\n\t\t\t\t\t<h3 class=\"elementor-heading-title elementor-size-default\">C\u0103uta\u021bi locul de munc\u0103 perfect?<\/h3>\t\t\t\t<\/div>\n\t\t\t\t<\/div>\n\t\t\t\t<div class=\"elementor-element elementor-element-898d410 text-home elementor-widget elementor-widget-heading\" data-id=\"898d410\" data-element_type=\"widget\" data-e-type=\"widget\" data-widget_type=\"heading.default\">\n\t\t\t\t<div class=\"elementor-widget-container\">\n\t\t\t\t\t<p class=\"elementor-heading-title elementor-size-default\">Verifica\u021bi locurile de munc\u0103 pe care le avem \u00een Olanda<\/p>\t\t\t\t<\/div>\n\t\t\t\t<\/div>\n\t\t\t\t<div class=\"elementor-element elementor-element-3ef4301 elementor-widget elementor-widget-image\" data-id=\"3ef4301\" data-element_type=\"widget\" data-e-type=\"widget\" data-widget_type=\"image.default\">\n\t\t\t\t<div class=\"elementor-widget-container\">\n\t\t\t\t\t\t\t\t\t\t\t\t\t\t\t<img decoding=\"async\" width=\"96\" height=\"96\" src=\"https:\/\/www.jobxion.com\/wp-content\/uploads\/2022\/12\/3-150x150.png\" class=\"attachment-thumbnail size-thumbnail wp-image-36161\" alt=\"\" srcset=\"https:\/\/www.jobxion.com\/wp-content\/uploads\/2022\/12\/3-150x150.png 150w, https:\/\/www.jobxion.com\/wp-content\/uploads\/2022\/12\/3-300x300.png 300w, https:\/\/www.jobxion.com\/wp-content\/uploads\/2022\/12\/3.png 400w\" sizes=\"(max-width: 96px) 100vw, 96px\" \/>\t\t\t\t\t\t\t\t\t\t\t\t\t\t\t<\/div>\n\t\t\t\t<\/div>\n\t\t\t\t<div class=\"elementor-element elementor-element-71b384a elementor-align-center elementor-mobile-align-justify elementor-widget elementor-widget-button\" data-id=\"71b384a\" data-element_type=\"widget\" data-e-type=\"widget\" data-widget_type=\"button.default\">\n\t\t\t\t<div class=\"elementor-widget-container\">\n\t\t\t\t\t\t\t\t\t<div class=\"elementor-button-wrapper\">\n\t\t\t\t\t<a class=\"elementor-button elementor-button-link elementor-size-xs\" href=\"https:\/\/www.jobxion.com\/ro\/lucreaza\/\">\n\t\t\t\t\t\t<span class=\"elementor-button-content-wrapper\">\n\t\t\t\t\t\t<span class=\"elementor-button-icon\">\n\t\t\t\t<svg aria-hidden=\"true\" class=\"e-font-icon-svg e-fas-arrow-right\" viewBox=\"0 0 448 512\" xmlns=\"http:\/\/www.w3.org\/2000\/svg\"><path d=\"M190.5 66.9l22.2-22.2c9.4-9.4 24.6-9.4 33.9 0L441 239c9.4 9.4 9.4 24.6 0 33.9L246.6 467.3c-9.4 9.4-24.6 9.4-33.9 0l-22.2-22.2c-9.5-9.5-9.3-25 .4-34.3L311.4 296H24c-13.3 0-24-10.7-24-24v-32c0-13.3 10.7-24 24-24h287.4L190.9 101.2c-9.8-9.3-10-24.8-.4-34.3z\"><\/path><\/svg>\t\t\t<\/span>\n\t\t\t\t\t\t\t\t\t<span class=\"elementor-button-text\">Lucreaza<\/span>\n\t\t\t\t\t<\/span>\n\t\t\t\t\t<\/a>\n\t\t\t\t<\/div>\n\t\t\t\t\t\t\t\t<\/div>\n\t\t\t\t<\/div>\n\t\t\t\t\t<\/div>\n\t\t<\/div>\n\t\t\t\t\t<\/div>\n\t\t<\/section>\n\t\t\t\t<\/div>\n\t\t","protected":false},"excerpt":{"rendered":"<p>Pentru un loc de munc\u0103 \u00een construc\u021bii sau inginerie De ce s\u0103 lucra\u021bi pentru Jobxion? Bine recompensat &#8211; un salariu bun pl\u0103tit \u00een fiecare s\u0103pt\u0103m\u00e2n\u0103, cu acumularea pensiei \u0219i un contract colectiv de munc\u0103 bun Noi aranj\u0103m totul &#8211; cum ar fi hainele de lucru, uneltele electrice \u0219i transportul Tu e\u0219ti \u00een centrul aten\u021biei &#8211; [&hellip;]<\/p>\n","protected":false},"author":2,"featured_media":0,"parent":0,"menu_order":0,"comment_status":"closed","ping_status":"closed","template":"","meta":{"_acf_changed":false,"site-sidebar-layout":"no-sidebar","site-content-layout":"page-builder","ast-site-content-layout":"full-width-container","site-content-style":"unboxed","site-sidebar-style":"unboxed","ast-global-header-display":"","ast-banner-title-visibility":"","ast-main-header-display":"","ast-hfb-above-header-display":"","ast-hfb-below-header-display":"","ast-hfb-mobile-header-display":"","site-post-title":"disabled","ast-breadcrumbs-content":"","ast-featured-img":"disabled","footer-sml-layout":"","ast-disable-related-posts":"","theme-transparent-header-meta":"","adv-header-id-meta":"","stick-header-meta":"","header-above-stick-meta":"","header-main-stick-meta":"","header-below-stick-meta":"","astra-migrate-meta-layouts":"default","ast-page-background-enabled":"default","ast-page-background-meta":{"desktop":{"background-color":"var(--ast-global-color-4)","background-image":"","background-repeat":"repeat","background-position":"center center","background-size":"auto","background-attachment":"scroll","background-type":"","background-media":"","overlay-type":"","overlay-color":"","overlay-opacity":"","overlay-gradient":""},"tablet":{"background-color":"","background-image":"","background-repeat":"repeat","background-position":"center center","background-size":"auto","background-attachment":"scroll","background-type":"","background-media":"","overlay-type":"","overlay-color":"","overlay-opacity":"","overlay-gradient":""},"mobile":{"background-color":"","background-image":"","background-repeat":"repeat","background-position":"center center","background-size":"auto","background-attachment":"scroll","background-type":"","background-media":"","overlay-type":"","overlay-color":"","overlay-opacity":"","overlay-gradient":""}},"ast-content-background-meta":{"desktop":{"background-color":"var(--ast-global-color-5)","background-image":"","background-repeat":"repeat","background-position":"center center","background-size":"auto","background-attachment":"scroll","background-type":"","background-media":"","overlay-type":"","overlay-color":"","overlay-opacity":"","overlay-gradient":""},"tablet":{"background-color":"var(--ast-global-color-5)","background-image":"","background-repeat":"repeat","background-position":"center center","background-size":"auto","background-attachment":"scroll","background-type":"","background-media":"","overlay-type":"","overlay-color":"","overlay-opacity":"","overlay-gradient":""},"mobile":{"background-color":"var(--ast-global-color-5)","background-image":"","background-repeat":"repeat","background-position":"center center","background-size":"auto","background-attachment":"scroll","background-type":"","background-media":"","overlay-type":"","overlay-color":"","overlay-opacity":"","overlay-gradient":""}},"footnotes":""},"class_list":["post-36159","page","type-page","status-publish","hentry"],"acf":[],"yoast_head":"<!-- This site is optimized with the Yoast SEO Premium plugin v27.0 (Yoast SEO v27.0) - https:\/\/yoast.com\/product\/yoast-seo-premium-wordpress\/ -->\n<title>Jobxion | Agen\u021bie de ocupare a for\u021bei de munc\u0103 \u00een construc\u021bii \u0219i inginerie<\/title>\n<meta name=\"description\" content=\"Agen\u021bia de ocupare a for\u021bei de munc\u0103 pentru locuri de munc\u0103 \u0219i formare \u00een construc\u021bii \u0219i instala\u021bii. Locuri de munc\u0103 vacante pentru t\u00e2mplari \u0219i instalatori (de beton).\" \/>\n<meta name=\"robots\" content=\"index, follow, max-snippet:-1, max-image-preview:large, max-video-preview:-1\" \/>\n<link rel=\"canonical\" href=\"https:\/\/www.jobxion.com\/ro\/\" \/>\n<meta property=\"og:locale\" content=\"ro_RO\" \/>\n<meta property=\"og:type\" content=\"article\" \/>\n<meta property=\"og:title\" content=\"Jobxion | Agen\u021bie de ocupare a for\u021bei de munc\u0103 \u00een construc\u021bii \u0219i inginerie\" \/>\n<meta property=\"og:description\" content=\"Agen\u021bia de ocupare a for\u021bei de munc\u0103 pentru locuri de munc\u0103 \u0219i formare \u00een construc\u021bii \u0219i instala\u021bii. Locuri de munc\u0103 vacante pentru t\u00e2mplari \u0219i instalatori (de beton).\" \/>\n<meta property=\"og:url\" content=\"https:\/\/www.jobxion.com\/ro\/\" \/>\n<meta property=\"og:site_name\" content=\"Jobxion\" \/>\n<meta property=\"article:publisher\" content=\"https:\/\/www.facebook.com\/JobXion\" \/>\n<meta property=\"article:modified_time\" content=\"2025-01-24T11:22:37+00:00\" \/>\n<meta property=\"og:image\" content=\"https:\/\/www.jobxion.com\/wp-content\/uploads\/2022\/12\/3.png\" \/>\n\t<meta property=\"og:image:width\" content=\"400\" \/>\n\t<meta property=\"og:image:height\" content=\"400\" \/>\n\t<meta property=\"og:image:type\" content=\"image\/png\" \/>\n<script type=\"application\/ld+json\" class=\"yoast-schema-graph\">{\"@context\":\"https:\/\/schema.org\",\"@graph\":[{\"@type\":\"WebPage\",\"@id\":\"https:\/\/www.jobxion.com\/ro\/\",\"url\":\"https:\/\/www.jobxion.com\/ro\/\",\"name\":\"Jobxion | Agen\u021bie de ocupare a for\u021bei de munc\u0103 \u00een construc\u021bii \u0219i inginerie\",\"isPartOf\":{\"@id\":\"https:\/\/www.jobxion.com\/ro\/#website\"},\"primaryImageOfPage\":{\"@id\":\"https:\/\/www.jobxion.com\/ro\/#primaryimage\"},\"image\":{\"@id\":\"https:\/\/www.jobxion.com\/ro\/#primaryimage\"},\"thumbnailUrl\":\"https:\/\/www.jobxion.com\/wp-content\/uploads\/2022\/12\/3-150x150.png\",\"datePublished\":\"2022-09-23T10:50:37+00:00\",\"dateModified\":\"2025-01-24T11:22:37+00:00\",\"description\":\"Agen\u021bia de ocupare a for\u021bei de munc\u0103 pentru locuri de munc\u0103 \u0219i formare \u00een construc\u021bii \u0219i instala\u021bii. Locuri de munc\u0103 vacante pentru t\u00e2mplari \u0219i instalatori (de beton).\",\"inLanguage\":\"ro-RO\",\"potentialAction\":[{\"@type\":\"ReadAction\",\"target\":[\"https:\/\/www.jobxion.com\/ro\/\"]}]},{\"@type\":\"ImageObject\",\"inLanguage\":\"ro-RO\",\"@id\":\"https:\/\/www.jobxion.com\/ro\/#primaryimage\",\"url\":\"https:\/\/www.jobxion.com\/wp-content\/uploads\/2022\/12\/3-150x150.png\",\"contentUrl\":\"https:\/\/www.jobxion.com\/wp-content\/uploads\/2022\/12\/3-150x150.png\"},{\"@type\":\"WebSite\",\"@id\":\"https:\/\/www.jobxion.com\/ro\/#website\",\"url\":\"https:\/\/www.jobxion.com\/ro\/\",\"name\":\"Jobxion\",\"description\":\"Jobxion\",\"publisher\":{\"@id\":\"https:\/\/www.jobxion.com\/ro\/#organization\"},\"potentialAction\":[{\"@type\":\"SearchAction\",\"target\":{\"@type\":\"EntryPoint\",\"urlTemplate\":\"https:\/\/www.jobxion.com\/ro\/?s={search_term_string}\"},\"query-input\":{\"@type\":\"PropertyValueSpecification\",\"valueRequired\":true,\"valueName\":\"search_term_string\"}}],\"inLanguage\":\"ro-RO\"},{\"@type\":\"Organization\",\"@id\":\"https:\/\/www.jobxion.com\/ro\/#organization\",\"name\":\"Jobxion\",\"url\":\"https:\/\/www.jobxion.com\/ro\/\",\"logo\":{\"@type\":\"ImageObject\",\"inLanguage\":\"ro-RO\",\"@id\":\"https:\/\/www.jobxion.com\/ro\/#\/schema\/logo\/image\/\",\"url\":\"https:\/\/www.jobxion.com\/wp-content\/uploads\/2022\/09\/Jobxion-website-e1671193791246.png\",\"contentUrl\":\"https:\/\/www.jobxion.com\/wp-content\/uploads\/2022\/09\/Jobxion-website-e1671193791246.png\",\"width\":150,\"height\":36,\"caption\":\"Jobxion\"},\"image\":{\"@id\":\"https:\/\/www.jobxion.com\/ro\/#\/schema\/logo\/image\/\"},\"sameAs\":[\"https:\/\/www.facebook.com\/JobXion\"]}]}<\/script>\n<!-- \/ Yoast SEO Premium plugin. -->","yoast_head_json":{"title":"Jobxion | Agen\u021bie de ocupare a for\u021bei de munc\u0103 \u00een construc\u021bii \u0219i inginerie","description":"Agen\u021bia de ocupare a for\u021bei de munc\u0103 pentru locuri de munc\u0103 \u0219i formare \u00een construc\u021bii \u0219i instala\u021bii. Locuri de munc\u0103 vacante pentru t\u00e2mplari \u0219i instalatori (de beton).","robots":{"index":"index","follow":"follow","max-snippet":"max-snippet:-1","max-image-preview":"max-image-preview:large","max-video-preview":"max-video-preview:-1"},"canonical":"https:\/\/www.jobxion.com\/ro\/","og_locale":"ro_RO","og_type":"article","og_title":"Jobxion | Agen\u021bie de ocupare a for\u021bei de munc\u0103 \u00een construc\u021bii \u0219i inginerie","og_description":"Agen\u021bia de ocupare a for\u021bei de munc\u0103 pentru locuri de munc\u0103 \u0219i formare \u00een construc\u021bii \u0219i instala\u021bii. Locuri de munc\u0103 vacante pentru t\u00e2mplari \u0219i instalatori (de beton).","og_url":"https:\/\/www.jobxion.com\/ro\/","og_site_name":"Jobxion","article_publisher":"https:\/\/www.facebook.com\/JobXion","article_modified_time":"2025-01-24T11:22:37+00:00","og_image":[{"width":400,"height":400,"url":"https:\/\/www.jobxion.com\/wp-content\/uploads\/2022\/12\/3.png","type":"image\/png"}],"schema":{"@context":"https:\/\/schema.org","@graph":[{"@type":"WebPage","@id":"https:\/\/www.jobxion.com\/ro\/","url":"https:\/\/www.jobxion.com\/ro\/","name":"Jobxion | Agen\u021bie de ocupare a for\u021bei de munc\u0103 \u00een construc\u021bii \u0219i inginerie","isPartOf":{"@id":"https:\/\/www.jobxion.com\/ro\/#website"},"primaryImageOfPage":{"@id":"https:\/\/www.jobxion.com\/ro\/#primaryimage"},"image":{"@id":"https:\/\/www.jobxion.com\/ro\/#primaryimage"},"thumbnailUrl":"https:\/\/www.jobxion.com\/wp-content\/uploads\/2022\/12\/3-150x150.png","datePublished":"2022-09-23T10:50:37+00:00","dateModified":"2025-01-24T11:22:37+00:00","description":"Agen\u021bia de ocupare a for\u021bei de munc\u0103 pentru locuri de munc\u0103 \u0219i formare \u00een construc\u021bii \u0219i instala\u021bii. Locuri de munc\u0103 vacante pentru t\u00e2mplari \u0219i instalatori (de beton).","inLanguage":"ro-RO","potentialAction":[{"@type":"ReadAction","target":["https:\/\/www.jobxion.com\/ro\/"]}]},{"@type":"ImageObject","inLanguage":"ro-RO","@id":"https:\/\/www.jobxion.com\/ro\/#primaryimage","url":"https:\/\/www.jobxion.com\/wp-content\/uploads\/2022\/12\/3-150x150.png","contentUrl":"https:\/\/www.jobxion.com\/wp-content\/uploads\/2022\/12\/3-150x150.png"},{"@type":"WebSite","@id":"https:\/\/www.jobxion.com\/ro\/#website","url":"https:\/\/www.jobxion.com\/ro\/","name":"Jobxion","description":"Jobxion","publisher":{"@id":"https:\/\/www.jobxion.com\/ro\/#organization"},"potentialAction":[{"@type":"SearchAction","target":{"@type":"EntryPoint","urlTemplate":"https:\/\/www.jobxion.com\/ro\/?s={search_term_string}"},"query-input":{"@type":"PropertyValueSpecification","valueRequired":true,"valueName":"search_term_string"}}],"inLanguage":"ro-RO"},{"@type":"Organization","@id":"https:\/\/www.jobxion.com\/ro\/#organization","name":"Jobxion","url":"https:\/\/www.jobxion.com\/ro\/","logo":{"@type":"ImageObject","inLanguage":"ro-RO","@id":"https:\/\/www.jobxion.com\/ro\/#\/schema\/logo\/image\/","url":"https:\/\/www.jobxion.com\/wp-content\/uploads\/2022\/09\/Jobxion-website-e1671193791246.png","contentUrl":"https:\/\/www.jobxion.com\/wp-content\/uploads\/2022\/09\/Jobxion-website-e1671193791246.png","width":150,"height":36,"caption":"Jobxion"},"image":{"@id":"https:\/\/www.jobxion.com\/ro\/#\/schema\/logo\/image\/"},"sameAs":["https:\/\/www.facebook.com\/JobXion"]}]}},"_links":{"self":[{"href":"https:\/\/www.jobxion.com\/ro\/wp-json\/wp\/v2\/pages\/36159","targetHints":{"allow":["GET"]}}],"collection":[{"href":"https:\/\/www.jobxion.com\/ro\/wp-json\/wp\/v2\/pages"}],"about":[{"href":"https:\/\/www.jobxion.com\/ro\/wp-json\/wp\/v2\/types\/page"}],"author":[{"embeddable":true,"href":"https:\/\/www.jobxion.com\/ro\/wp-json\/wp\/v2\/users\/2"}],"replies":[{"embeddable":true,"href":"https:\/\/www.jobxion.com\/ro\/wp-json\/wp\/v2\/comments?post=36159"}],"version-history":[{"count":7,"href":"https:\/\/www.jobxion.com\/ro\/wp-json\/wp\/v2\/pages\/36159\/revisions"}],"predecessor-version":[{"id":36522,"href":"https:\/\/www.jobxion.com\/ro\/wp-json\/wp\/v2\/pages\/36159\/revisions\/36522"}],"wp:attachment":[{"href":"https:\/\/www.jobxion.com\/ro\/wp-json\/wp\/v2\/media?parent=36159"}],"curies":[{"name":"wp","href":"https:\/\/api.w.org\/{rel}","templated":true}]}}