{"id":36182,"date":"2022-09-23T12:54:06","date_gmt":"2022-09-23T10:54:06","guid":{"rendered":"https:\/\/www.jobxion.com\/persoana-de-contact\/"},"modified":"2026-03-19T16:19:17","modified_gmt":"2026-03-19T15:19:17","slug":"contact","status":"publish","type":"page","link":"https:\/\/www.jobxion.com\/ro\/contact\/","title":{"rendered":"Persoan\u0103 de contact"},"content":{"rendered":"\t\t<div data-elementor-type=\"wp-page\" data-elementor-id=\"36182\" class=\"elementor elementor-36182 elementor-25\" data-elementor-post-type=\"page\">\n\t\t\t\t<div class=\"elementor-element elementor-element-462f343 e-flex e-con-boxed e-con e-parent\" data-id=\"462f343\" data-element_type=\"container\" data-e-type=\"container\" data-settings=\"{&quot;background_background&quot;:&quot;gradient&quot;}\">\n\t\t\t\t\t<div class=\"e-con-inner\">\n\t\t<div class=\"elementor-element elementor-element-2094c33 e-con-full e-flex e-con e-child\" data-id=\"2094c33\" data-element_type=\"container\" data-e-type=\"container\" data-settings=\"{&quot;background_background&quot;:&quot;classic&quot;}\">\n\t\t<div class=\"elementor-element elementor-element-b2919ba e-con-full e-flex e-con e-child\" data-id=\"b2919ba\" data-element_type=\"container\" data-e-type=\"container\">\n\t\t<div class=\"elementor-element elementor-element-ec5d1cf e-con-full e-flex e-con e-child\" data-id=\"ec5d1cf\" data-element_type=\"container\" data-e-type=\"container\">\n\t\t\t\t<div class=\"elementor-element elementor-element-fbd85b4 elementor-widget elementor-widget-heading\" data-id=\"fbd85b4\" data-element_type=\"widget\" data-e-type=\"widget\" data-widget_type=\"heading.default\">\n\t\t\t\t<div class=\"elementor-widget-container\">\n\t\t\t\t\t<h1 class=\"elementor-heading-title elementor-size-default\">Contacta\u021bi Jobxion<\/h1>\t\t\t\t<\/div>\n\t\t\t\t<\/div>\n\t\t\t\t<div class=\"elementor-element elementor-element-dcc02b9 elementor-widget elementor-widget-heading\" data-id=\"dcc02b9\" data-element_type=\"widget\" data-e-type=\"widget\" data-widget_type=\"heading.default\">\n\t\t\t\t<div class=\"elementor-widget-container\">\n\t\t\t\t\t<h2 class=\"elementor-heading-title elementor-size-default\">Suntem bucuro\u0219i s\u0103 v\u0103 ajut\u0103m!  <\/h2>\t\t\t\t<\/div>\n\t\t\t\t<\/div>\n\t\t\t\t<\/div>\n\t\t\t\t<\/div>\n\t\t\t\t<\/div>\n\t\t\t\t\t<\/div>\n\t\t\t\t<\/div>\n\t\t<div class=\"elementor-element elementor-element-0d964dc e-flex e-con-boxed e-con e-parent\" data-id=\"0d964dc\" data-element_type=\"container\" data-e-type=\"container\" data-settings=\"{&quot;background_background&quot;:&quot;classic&quot;}\">\n\t\t\t\t\t<div class=\"e-con-inner\">\n\t\t<div class=\"elementor-element elementor-element-6722d55 e-con-full e-flex e-con e-child\" data-id=\"6722d55\" data-element_type=\"container\" data-e-type=\"container\" data-settings=\"{&quot;background_background&quot;:&quot;classic&quot;}\">\n\t\t\t\t<div class=\"elementor-element elementor-element-de9acff elementor-widget elementor-widget-text-editor\" data-id=\"de9acff\" data-element_type=\"widget\" data-e-type=\"widget\" data-widget_type=\"text-editor.default\">\n\t\t\t\t<div class=\"elementor-widget-container\">\n\t\t\t\t\t\t\t\t\t<h4>Sun\u0103-ne<\/h4><p><a href=\"tel:+31344673010\">+31344 673 010<\/a><\/p><h4>Trimite\u021bi un e-mail<\/h4><p><a title=\"Mail Jobxion\" href=\"mailto:info@jobxion.com\">info@jobxion.com<\/a><\/p><h4>Program de func\u021bionare<\/h4><p>Suntem disponibili \u00een fiecare zi lucr\u0103toare de la 8:30 la 17:00.<\/p>\t\t\t\t\t\t\t\t<\/div>\n\t\t\t\t<\/div>\n\t\t\t\t<div class=\"elementor-element elementor-element-1ea655f elementor-widget elementor-widget-text-editor\" data-id=\"1ea655f\" data-element_type=\"widget\" data-e-type=\"widget\" data-widget_type=\"text-editor.default\">\n\t\t\t\t<div class=\"elementor-widget-container\">\n\t\t\t\t\t\t\t\t\t<h4>Vizita\u021bi-ne<\/h4><p>Morsestraat 38-34, 4004 JP Tiel<\/p>\t\t\t\t\t\t\t\t<\/div>\n\t\t\t\t<\/div>\n\t\t\t\t<div class=\"elementor-element elementor-element-1f1c941 elementor-widget elementor-widget-google_maps\" data-id=\"1f1c941\" data-element_type=\"widget\" data-e-type=\"widget\" data-widget_type=\"google_maps.default\">\n\t\t\t\t<div class=\"elementor-widget-container\">\n\t\t\t\t\t\t\t<div class=\"elementor-custom-embed\">\n\t\t\t<iframe loading=\"lazy\"\n\t\t\t\t\tsrc=\"https:\/\/maps.google.com\/maps?q=Morsestraat%2038-34%2C%204004%20JP%20Tiel&#038;t=m&#038;z=12&#038;output=embed&#038;iwloc=near\"\n\t\t\t\t\ttitle=\"Morsestraat 38-34, 4004 JP Tiel\"\n\t\t\t\t\taria-label=\"Morsestraat 38-34, 4004 JP Tiel\"\n\t\t\t><\/iframe>\n\t\t<\/div>\n\t\t\t\t\t\t<\/div>\n\t\t\t\t<\/div>\n\t\t\t\t<\/div>\n\t\t\t\t\t<\/div>\n\t\t\t\t<\/div>\n\t\t<div class=\"elementor-element elementor-element-e04a91e e-flex e-con-boxed e-con e-parent\" data-id=\"e04a91e\" data-element_type=\"container\" data-e-type=\"container\" data-settings=\"{&quot;background_background&quot;:&quot;classic&quot;}\">\n\t\t\t\t\t<div class=\"e-con-inner\">\n\t\t<div class=\"elementor-element elementor-element-786fad3 e-con-full e-flex e-con e-child\" data-id=\"786fad3\" data-element_type=\"container\" data-e-type=\"container\">\n\t\t\t\t<div class=\"elementor-element elementor-element-243ac97 elementor-position-top elementor-widget elementor-widget-image-box\" data-id=\"243ac97\" data-element_type=\"widget\" data-e-type=\"widget\" data-widget_type=\"image-box.default\">\n\t\t\t\t<div class=\"elementor-widget-container\">\n\t\t\t\t\t<div class=\"elementor-image-box-wrapper\"><figure class=\"elementor-image-box-img\"><img fetchpriority=\"high\" decoding=\"async\" width=\"835\" height=\"1253\" src=\"https:\/\/www.jobxion.com\/wp-content\/uploads\/2026\/03\/robin-jobxion-4.jpg\" class=\"attachment-full size-full wp-image-38147\" alt=\"\" srcset=\"https:\/\/www.jobxion.com\/wp-content\/uploads\/2026\/03\/robin-jobxion-4.jpg 835w, https:\/\/www.jobxion.com\/wp-content\/uploads\/2026\/03\/robin-jobxion-4-768x1152.jpg 768w\" sizes=\"(max-width: 835px) 100vw, 835px\" \/><\/figure><div class=\"elementor-image-box-content\"><p class=\"elementor-image-box-description\"><b>Robin van Gemert<\/b><br>\nManager de Opera\u021biuni<br>\n<small><i>Proprietar<\/i><\/small><\/p><\/div><\/div>\t\t\t\t<\/div>\n\t\t\t\t<\/div>\n\t\t\t\t<div class=\"elementor-element elementor-element-af5221b elementor-align-justify elementor-widget elementor-widget-button\" data-id=\"af5221b\" data-element_type=\"widget\" data-e-type=\"widget\" data-widget_type=\"button.default\">\n\t\t\t\t<div class=\"elementor-widget-container\">\n\t\t\t\t\t\t\t\t\t<div class=\"elementor-button-wrapper\">\n\t\t\t\t\t<a class=\"elementor-button elementor-button-link elementor-size-sm\" href=\"tel:+31611371380\">\n\t\t\t\t\t\t<span class=\"elementor-button-content-wrapper\">\n\t\t\t\t\t\t\t\t\t<span class=\"elementor-button-text\">+316 11 37 13 80<\/span>\n\t\t\t\t\t<\/span>\n\t\t\t\t\t<\/a>\n\t\t\t\t<\/div>\n\t\t\t\t\t\t\t\t<\/div>\n\t\t\t\t<\/div>\n\t\t\t\t<\/div>\n\t\t<div class=\"elementor-element elementor-element-60768e9 e-con-full e-flex e-con e-child\" data-id=\"60768e9\" data-element_type=\"container\" data-e-type=\"container\">\n\t\t\t\t<div class=\"elementor-element elementor-element-60c03fb elementor-position-top elementor-widget elementor-widget-image-box\" data-id=\"60c03fb\" data-element_type=\"widget\" data-e-type=\"widget\" data-widget_type=\"image-box.default\">\n\t\t\t\t<div class=\"elementor-widget-container\">\n\t\t\t\t\t<div class=\"elementor-image-box-wrapper\"><figure class=\"elementor-image-box-img\"><img decoding=\"async\" width=\"835\" height=\"1253\" src=\"https:\/\/www.jobxion.com\/wp-content\/uploads\/2026\/03\/rick-jobxion-4.jpg\" class=\"attachment-full size-full wp-image-38148\" alt=\"\" srcset=\"https:\/\/www.jobxion.com\/wp-content\/uploads\/2026\/03\/rick-jobxion-4.jpg 835w, https:\/\/www.jobxion.com\/wp-content\/uploads\/2026\/03\/rick-jobxion-4-768x1152.jpg 768w\" sizes=\"(max-width: 835px) 100vw, 835px\" \/><\/figure><div class=\"elementor-image-box-content\"><p class=\"elementor-image-box-description\"><b>Rick Steenis<\/b><br>\nManager comercial<br>\n<small><i>Proprietar<\/i><\/small><\/p><\/div><\/div>\t\t\t\t<\/div>\n\t\t\t\t<\/div>\n\t\t\t\t<div class=\"elementor-element elementor-element-45cef67 elementor-align-justify elementor-widget elementor-widget-button\" data-id=\"45cef67\" data-element_type=\"widget\" data-e-type=\"widget\" data-widget_type=\"button.default\">\n\t\t\t\t<div class=\"elementor-widget-container\">\n\t\t\t\t\t\t\t\t\t<div class=\"elementor-button-wrapper\">\n\t\t\t\t\t<a class=\"elementor-button elementor-button-link elementor-size-sm\" href=\"tel:+31621999915\">\n\t\t\t\t\t\t<span class=\"elementor-button-content-wrapper\">\n\t\t\t\t\t\t\t\t\t<span class=\"elementor-button-text\">+316 21 99 99 15<\/span>\n\t\t\t\t\t<\/span>\n\t\t\t\t\t<\/a>\n\t\t\t\t<\/div>\n\t\t\t\t\t\t\t\t<\/div>\n\t\t\t\t<\/div>\n\t\t\t\t<\/div>\n\t\t<div class=\"elementor-element elementor-element-80b4db4 e-con-full e-flex e-con e-child\" data-id=\"80b4db4\" data-element_type=\"container\" data-e-type=\"container\">\n\t\t\t\t<div class=\"elementor-element elementor-element-3e8e43b elementor-position-top elementor-widget elementor-widget-image-box\" data-id=\"3e8e43b\" data-element_type=\"widget\" data-e-type=\"widget\" data-widget_type=\"image-box.default\">\n\t\t\t\t<div class=\"elementor-widget-container\">\n\t\t\t\t\t<div class=\"elementor-image-box-wrapper\"><figure class=\"elementor-image-box-img\"><img decoding=\"async\" width=\"1365\" height=\"2048\" src=\"https:\/\/www.jobxion.com\/wp-content\/uploads\/2026\/03\/shannon-jobxion-4.jpg\" class=\"attachment-full size-full wp-image-38149\" alt=\"\" srcset=\"https:\/\/www.jobxion.com\/wp-content\/uploads\/2026\/03\/shannon-jobxion-4.jpg 1365w, https:\/\/www.jobxion.com\/wp-content\/uploads\/2026\/03\/shannon-jobxion-4-768x1152.jpg 768w, https:\/\/www.jobxion.com\/wp-content\/uploads\/2026\/03\/shannon-jobxion-4-1024x1536.jpg 1024w\" sizes=\"(max-width: 1365px) 100vw, 1365px\" \/><\/figure><div class=\"elementor-image-box-content\"><p class=\"elementor-image-box-description\"><b>Shannon<\/b><br>\nRecrutare<\/p><\/div><\/div>\t\t\t\t<\/div>\n\t\t\t\t<\/div>\n\t\t\t\t<div class=\"elementor-element elementor-element-a9dbcb1 elementor-align-justify elementor-widget elementor-widget-button\" data-id=\"a9dbcb1\" data-element_type=\"widget\" data-e-type=\"widget\" data-widget_type=\"button.default\">\n\t\t\t\t<div class=\"elementor-widget-container\">\n\t\t\t\t\t\t\t\t\t<div class=\"elementor-button-wrapper\">\n\t\t\t\t\t<a class=\"elementor-button elementor-button-link elementor-size-sm\" href=\"tel:+31652532918\">\n\t\t\t\t\t\t<span class=\"elementor-button-content-wrapper\">\n\t\t\t\t\t\t\t\t\t<span class=\"elementor-button-text\">+316 52 53 29 18<\/span>\n\t\t\t\t\t<\/span>\n\t\t\t\t\t<\/a>\n\t\t\t\t<\/div>\n\t\t\t\t\t\t\t\t<\/div>\n\t\t\t\t<\/div>\n\t\t\t\t<\/div>\n\t\t<div class=\"elementor-element elementor-element-384549d e-con-full e-flex e-con e-child\" data-id=\"384549d\" data-element_type=\"container\" data-e-type=\"container\">\n\t\t\t\t<div class=\"elementor-element elementor-element-1ac305a elementor-position-top elementor-widget elementor-widget-image-box\" data-id=\"1ac305a\" data-element_type=\"widget\" data-e-type=\"widget\" data-widget_type=\"image-box.default\">\n\t\t\t\t<div class=\"elementor-widget-container\">\n\t\t\t\t\t<div class=\"elementor-image-box-wrapper\"><figure class=\"elementor-image-box-img\"><img loading=\"lazy\" decoding=\"async\" width=\"835\" height=\"1247\" src=\"https:\/\/www.jobxion.com\/wp-content\/uploads\/2026\/03\/milena-jobxion-4.png\" class=\"attachment-full size-full wp-image-38150\" alt=\"\" srcset=\"https:\/\/www.jobxion.com\/wp-content\/uploads\/2026\/03\/milena-jobxion-4.png 835w, https:\/\/www.jobxion.com\/wp-content\/uploads\/2026\/03\/milena-jobxion-4-768x1147.png 768w\" sizes=\"(max-width: 835px) 100vw, 835px\" \/><\/figure><div class=\"elementor-image-box-content\"><p class=\"elementor-image-box-description\"><b>Milena<\/b><br>\nCoordonator polonez<\/p><\/div><\/div>\t\t\t\t<\/div>\n\t\t\t\t<\/div>\n\t\t\t\t<div class=\"elementor-element elementor-element-2192972 elementor-align-justify elementor-widget elementor-widget-button\" data-id=\"2192972\" data-element_type=\"widget\" data-e-type=\"widget\" data-widget_type=\"button.default\">\n\t\t\t\t<div class=\"elementor-widget-container\">\n\t\t\t\t\t\t\t\t\t<div class=\"elementor-button-wrapper\">\n\t\t\t\t\t<a class=\"elementor-button elementor-button-link elementor-size-sm\" href=\"tel:+48798834026\">\n\t\t\t\t\t\t<span class=\"elementor-button-content-wrapper\">\n\t\t\t\t\t\t\t\t\t<span class=\"elementor-button-text\">+48 798 834 026<\/span>\n\t\t\t\t\t<\/span>\n\t\t\t\t\t<\/a>\n\t\t\t\t<\/div>\n\t\t\t\t\t\t\t\t<\/div>\n\t\t\t\t<\/div>\n\t\t\t\t<\/div>\n\t\t\t\t\t<\/div>\n\t\t\t\t<\/div>\n\t\t<div class=\"elementor-element elementor-element-9f5251e e-flex e-con-boxed e-con e-parent\" data-id=\"9f5251e\" data-element_type=\"container\" data-e-type=\"container\" data-settings=\"{&quot;background_background&quot;:&quot;classic&quot;}\">\n\t\t\t\t\t<div class=\"e-con-inner\">\n\t\t\t\t<div class=\"elementor-element elementor-element-604b943 elementor-widget elementor-widget-heading\" data-id=\"604b943\" data-element_type=\"widget\" data-e-type=\"widget\" data-widget_type=\"heading.default\">\n\t\t\t\t<div class=\"elementor-widget-container\">\n\t\t\t\t\t<h2 class=\"elementor-heading-title elementor-size-default\">Lucra\u021bi pentru Jobxion\n<\/h2>\t\t\t\t<\/div>\n\t\t\t\t<\/div>\n\t\t\t\t<div class=\"elementor-element elementor-element-dd08f5e elementor-align-center elementor-mobile-align-justify elementor-widget elementor-widget-button\" data-id=\"dd08f5e\" data-element_type=\"widget\" data-e-type=\"widget\" data-widget_type=\"button.default\">\n\t\t\t\t<div class=\"elementor-widget-container\">\n\t\t\t\t\t\t\t\t\t<div class=\"elementor-button-wrapper\">\n\t\t\t\t\t<a class=\"elementor-button elementor-button-link elementor-size-xs\" href=\"https:\/\/werknemer.tigris.nl\/\" target=\"_blank\" rel=\"nofollow\">\n\t\t\t\t\t\t<span class=\"elementor-button-content-wrapper\">\n\t\t\t\t\t\t<span class=\"elementor-button-icon\">\n\t\t\t\t<svg aria-hidden=\"true\" class=\"e-font-icon-svg e-far-edit\" viewBox=\"0 0 576 512\" xmlns=\"http:\/\/www.w3.org\/2000\/svg\"><path d=\"M402.3 344.9l32-32c5-5 13.7-1.5 13.7 5.7V464c0 26.5-21.5 48-48 48H48c-26.5 0-48-21.5-48-48V112c0-26.5 21.5-48 48-48h273.5c7.1 0 10.7 8.6 5.7 13.7l-32 32c-1.5 1.5-3.5 2.3-5.7 2.3H48v352h352V350.5c0-2.1.8-4.1 2.3-5.6zm156.6-201.8L296.3 405.7l-90.4 10c-26.2 2.9-48.5-19.2-45.6-45.6l10-90.4L432.9 17.1c22.9-22.9 59.9-22.9 82.7 0l43.2 43.2c22.9 22.9 22.9 60 .1 82.8zM460.1 174L402 115.9 216.2 301.8l-7.3 65.3 65.3-7.3L460.1 174zm64.8-79.7l-43.2-43.2c-4.1-4.1-10.8-4.1-14.8 0L436 82l58.1 58.1 30.9-30.9c4-4.2 4-10.8-.1-14.9z\"><\/path><\/svg>\t\t\t<\/span>\n\t\t\t\t\t\t\t\t\t<span class=\"elementor-button-text\">  Introduce\u021bi orele dvs. | Wype\u0142nianie godzin<\/span>\n\t\t\t\t\t<\/span>\n\t\t\t\t\t<\/a>\n\t\t\t\t<\/div>\n\t\t\t\t\t\t\t\t<\/div>\n\t\t\t\t<\/div>\n\t\t\t\t\t<\/div>\n\t\t\t\t<\/div>\n\t\t\t\t<\/div>\n\t\t","protected":false},"excerpt":{"rendered":"<p>Contacta\u021bi Jobxion Suntem bucuro\u0219i s\u0103 v\u0103 ajut\u0103m! Sun\u0103-ne +31344 673 010 Trimite\u021bi un e-mail info@jobxion.com Program de func\u021bionare Suntem disponibili \u00een fiecare zi lucr\u0103toare de la 8:30 la 17:00. Vizita\u021bi-ne Morsestraat 38-34, 4004 JP Tiel Robin van Gemert Manager de Opera\u021biuni Proprietar +316 11 37 13 80 Rick Steenis Manager comercial Proprietar +316 21 99 [&hellip;]<\/p>\n","protected":false},"author":2,"featured_media":0,"parent":0,"menu_order":0,"comment_status":"closed","ping_status":"closed","template":"","meta":{"_acf_changed":false,"site-sidebar-layout":"no-sidebar","site-content-layout":"page-builder","ast-site-content-layout":"full-width-container","site-content-style":"unboxed","site-sidebar-style":"unboxed","ast-global-header-display":"","ast-banner-title-visibility":"","ast-main-header-display":"","ast-hfb-above-header-display":"","ast-hfb-below-header-display":"","ast-hfb-mobile-header-display":"","site-post-title":"disabled","ast-breadcrumbs-content":"","ast-featured-img":"disabled","footer-sml-layout":"","ast-disable-related-posts":"","theme-transparent-header-meta":"","adv-header-id-meta":"","stick-header-meta":"","header-above-stick-meta":"","header-main-stick-meta":"","header-below-stick-meta":"","astra-migrate-meta-layouts":"set","ast-page-background-enabled":"default","ast-page-background-meta":{"desktop":{"background-color":"var(--ast-global-color-4)","background-image":"","background-repeat":"repeat","background-position":"center center","background-size":"auto","background-attachment":"scroll","background-type":"","background-media":"","overlay-type":"","overlay-color":"","overlay-opacity":"","overlay-gradient":""},"tablet":{"background-color":"","background-image":"","background-repeat":"repeat","background-position":"center center","background-size":"auto","background-attachment":"scroll","background-type":"","background-media":"","overlay-type":"","overlay-color":"","overlay-opacity":"","overlay-gradient":""},"mobile":{"background-color":"","background-image":"","background-repeat":"repeat","background-position":"center center","background-size":"auto","background-attachment":"scroll","background-type":"","background-media":"","overlay-type":"","overlay-color":"","overlay-opacity":"","overlay-gradient":""}},"ast-content-background-meta":{"desktop":{"background-color":"var(--ast-global-color-5)","background-image":"","background-repeat":"repeat","background-position":"center center","background-size":"auto","background-attachment":"scroll","background-type":"","background-media":"","overlay-type":"","overlay-color":"","overlay-opacity":"","overlay-gradient":""},"tablet":{"background-color":"var(--ast-global-color-5)","background-image":"","background-repeat":"repeat","background-position":"center center","background-size":"auto","background-attachment":"scroll","background-type":"","background-media":"","overlay-type":"","overlay-color":"","overlay-opacity":"","overlay-gradient":""},"mobile":{"background-color":"var(--ast-global-color-5)","background-image":"","background-repeat":"repeat","background-position":"center center","background-size":"auto","background-attachment":"scroll","background-type":"","background-media":"","overlay-type":"","overlay-color":"","overlay-opacity":"","overlay-gradient":""}},"footnotes":""},"class_list":["post-36182","page","type-page","status-publish","hentry"],"acf":[],"yoast_head":"<!-- This site is optimized with the Yoast SEO Premium plugin v27.5 (Yoast SEO v27.5) - https:\/\/yoast.com\/product\/yoast-seo-premium-wordpress\/ -->\n<title>Contact | Jobxion agen\u021bie de ocupare a for\u021bei de munc\u0103 \u00een Tiel<\/title>\n<meta name=\"description\" content=\"Vizita\u021bi-ne \u00een Tiel sau contacta\u021bi Jobxion prin telefon: +48 798 834 0260, sau trimite\u021bi un e-mail la: info@jobxion.com.\" \/>\n<meta name=\"robots\" content=\"index, follow, max-snippet:-1, max-image-preview:large, max-video-preview:-1\" \/>\n<link rel=\"canonical\" href=\"https:\/\/www.jobxion.com\/ro\/contact\/\" \/>\n<meta property=\"og:locale\" content=\"ro_RO\" \/>\n<meta property=\"og:type\" content=\"article\" \/>\n<meta property=\"og:title\" content=\"Contact | Jobxion agen\u021bie de ocupare a for\u021bei de munc\u0103 \u00een Tiel\" \/>\n<meta property=\"og:description\" content=\"Vizita\u021bi-ne \u00een Tiel sau contacta\u021bi Jobxion prin telefon: +48 798 834 0260, sau trimite\u021bi un e-mail la: info@jobxion.com.\" \/>\n<meta property=\"og:url\" content=\"https:\/\/www.jobxion.com\/ro\/contact\/\" \/>\n<meta property=\"og:site_name\" content=\"Jobxion\" \/>\n<meta property=\"article:publisher\" content=\"https:\/\/www.facebook.com\/JobXion\" \/>\n<meta property=\"article:modified_time\" content=\"2026-03-19T15:19:17+00:00\" \/>\n<meta property=\"og:image\" content=\"https:\/\/www.jobxion.com\/wp-content\/uploads\/2026\/03\/robin-jobxion-4.jpg\" \/>\n<script type=\"application\/ld+json\" class=\"yoast-schema-graph\">{\"@context\":\"https:\\\/\\\/schema.org\",\"@graph\":[{\"@type\":\"WebPage\",\"@id\":\"https:\\\/\\\/www.jobxion.com\\\/ro\\\/contact\\\/\",\"url\":\"https:\\\/\\\/www.jobxion.com\\\/ro\\\/contact\\\/\",\"name\":\"Contact | Jobxion agen\u021bie de ocupare a for\u021bei de munc\u0103 \u00een Tiel\",\"isPartOf\":{\"@id\":\"https:\\\/\\\/www.jobxion.com\\\/ro\\\/#website\"},\"primaryImageOfPage\":{\"@id\":\"https:\\\/\\\/www.jobxion.com\\\/ro\\\/contact\\\/#primaryimage\"},\"image\":{\"@id\":\"https:\\\/\\\/www.jobxion.com\\\/ro\\\/contact\\\/#primaryimage\"},\"thumbnailUrl\":\"https:\\\/\\\/www.jobxion.com\\\/wp-content\\\/uploads\\\/2026\\\/03\\\/robin-jobxion-4.jpg\",\"datePublished\":\"2022-09-23T10:54:06+00:00\",\"dateModified\":\"2026-03-19T15:19:17+00:00\",\"description\":\"Vizita\u021bi-ne \u00een Tiel sau contacta\u021bi Jobxion prin telefon: +48 798 834 0260, sau trimite\u021bi un e-mail la: info@jobxion.com.\",\"inLanguage\":\"ro-RO\",\"potentialAction\":[{\"@type\":\"ReadAction\",\"target\":[\"https:\\\/\\\/www.jobxion.com\\\/ro\\\/contact\\\/\"]}]},{\"@type\":\"ImageObject\",\"inLanguage\":\"ro-RO\",\"@id\":\"https:\\\/\\\/www.jobxion.com\\\/ro\\\/contact\\\/#primaryimage\",\"url\":\"https:\\\/\\\/www.jobxion.com\\\/wp-content\\\/uploads\\\/2026\\\/03\\\/robin-jobxion-4.jpg\",\"contentUrl\":\"https:\\\/\\\/www.jobxion.com\\\/wp-content\\\/uploads\\\/2026\\\/03\\\/robin-jobxion-4.jpg\"},{\"@type\":\"WebSite\",\"@id\":\"https:\\\/\\\/www.jobxion.com\\\/ro\\\/#website\",\"url\":\"https:\\\/\\\/www.jobxion.com\\\/ro\\\/\",\"name\":\"Jobxion\",\"description\":\"Jobxion\",\"publisher\":{\"@id\":\"https:\\\/\\\/www.jobxion.com\\\/ro\\\/#organization\"},\"potentialAction\":[{\"@type\":\"SearchAction\",\"target\":{\"@type\":\"EntryPoint\",\"urlTemplate\":\"https:\\\/\\\/www.jobxion.com\\\/ro\\\/?s={search_term_string}\"},\"query-input\":{\"@type\":\"PropertyValueSpecification\",\"valueRequired\":true,\"valueName\":\"search_term_string\"}}],\"inLanguage\":\"ro-RO\"},{\"@type\":\"Organization\",\"@id\":\"https:\\\/\\\/www.jobxion.com\\\/ro\\\/#organization\",\"name\":\"Jobxion\",\"url\":\"https:\\\/\\\/www.jobxion.com\\\/ro\\\/\",\"logo\":{\"@type\":\"ImageObject\",\"inLanguage\":\"ro-RO\",\"@id\":\"https:\\\/\\\/www.jobxion.com\\\/ro\\\/#\\\/schema\\\/logo\\\/image\\\/\",\"url\":\"https:\\\/\\\/www.jobxion.com\\\/wp-content\\\/uploads\\\/2022\\\/09\\\/Jobxion-website-e1671193791246.png\",\"contentUrl\":\"https:\\\/\\\/www.jobxion.com\\\/wp-content\\\/uploads\\\/2022\\\/09\\\/Jobxion-website-e1671193791246.png\",\"width\":150,\"height\":36,\"caption\":\"Jobxion\"},\"image\":{\"@id\":\"https:\\\/\\\/www.jobxion.com\\\/ro\\\/#\\\/schema\\\/logo\\\/image\\\/\"},\"sameAs\":[\"https:\\\/\\\/www.facebook.com\\\/JobXion\"]}]}<\/script>\n<!-- \/ Yoast SEO Premium plugin. -->","yoast_head_json":{"title":"Contact | Jobxion agen\u021bie de ocupare a for\u021bei de munc\u0103 \u00een Tiel","description":"Vizita\u021bi-ne \u00een Tiel sau contacta\u021bi Jobxion prin telefon: +48 798 834 0260, sau trimite\u021bi un e-mail la: info@jobxion.com.","robots":{"index":"index","follow":"follow","max-snippet":"max-snippet:-1","max-image-preview":"max-image-preview:large","max-video-preview":"max-video-preview:-1"},"canonical":"https:\/\/www.jobxion.com\/ro\/contact\/","og_locale":"ro_RO","og_type":"article","og_title":"Contact | Jobxion agen\u021bie de ocupare a for\u021bei de munc\u0103 \u00een Tiel","og_description":"Vizita\u021bi-ne \u00een Tiel sau contacta\u021bi Jobxion prin telefon: +48 798 834 0260, sau trimite\u021bi un e-mail la: info@jobxion.com.","og_url":"https:\/\/www.jobxion.com\/ro\/contact\/","og_site_name":"Jobxion","article_publisher":"https:\/\/www.facebook.com\/JobXion","article_modified_time":"2026-03-19T15:19:17+00:00","og_image":[{"url":"https:\/\/www.jobxion.com\/wp-content\/uploads\/2026\/03\/robin-jobxion-4.jpg","type":"","width":"","height":""}],"schema":{"@context":"https:\/\/schema.org","@graph":[{"@type":"WebPage","@id":"https:\/\/www.jobxion.com\/ro\/contact\/","url":"https:\/\/www.jobxion.com\/ro\/contact\/","name":"Contact | Jobxion agen\u021bie de ocupare a for\u021bei de munc\u0103 \u00een Tiel","isPartOf":{"@id":"https:\/\/www.jobxion.com\/ro\/#website"},"primaryImageOfPage":{"@id":"https:\/\/www.jobxion.com\/ro\/contact\/#primaryimage"},"image":{"@id":"https:\/\/www.jobxion.com\/ro\/contact\/#primaryimage"},"thumbnailUrl":"https:\/\/www.jobxion.com\/wp-content\/uploads\/2026\/03\/robin-jobxion-4.jpg","datePublished":"2022-09-23T10:54:06+00:00","dateModified":"2026-03-19T15:19:17+00:00","description":"Vizita\u021bi-ne \u00een Tiel sau contacta\u021bi Jobxion prin telefon: +48 798 834 0260, sau trimite\u021bi un e-mail la: info@jobxion.com.","inLanguage":"ro-RO","potentialAction":[{"@type":"ReadAction","target":["https:\/\/www.jobxion.com\/ro\/contact\/"]}]},{"@type":"ImageObject","inLanguage":"ro-RO","@id":"https:\/\/www.jobxion.com\/ro\/contact\/#primaryimage","url":"https:\/\/www.jobxion.com\/wp-content\/uploads\/2026\/03\/robin-jobxion-4.jpg","contentUrl":"https:\/\/www.jobxion.com\/wp-content\/uploads\/2026\/03\/robin-jobxion-4.jpg"},{"@type":"WebSite","@id":"https:\/\/www.jobxion.com\/ro\/#website","url":"https:\/\/www.jobxion.com\/ro\/","name":"Jobxion","description":"Jobxion","publisher":{"@id":"https:\/\/www.jobxion.com\/ro\/#organization"},"potentialAction":[{"@type":"SearchAction","target":{"@type":"EntryPoint","urlTemplate":"https:\/\/www.jobxion.com\/ro\/?s={search_term_string}"},"query-input":{"@type":"PropertyValueSpecification","valueRequired":true,"valueName":"search_term_string"}}],"inLanguage":"ro-RO"},{"@type":"Organization","@id":"https:\/\/www.jobxion.com\/ro\/#organization","name":"Jobxion","url":"https:\/\/www.jobxion.com\/ro\/","logo":{"@type":"ImageObject","inLanguage":"ro-RO","@id":"https:\/\/www.jobxion.com\/ro\/#\/schema\/logo\/image\/","url":"https:\/\/www.jobxion.com\/wp-content\/uploads\/2022\/09\/Jobxion-website-e1671193791246.png","contentUrl":"https:\/\/www.jobxion.com\/wp-content\/uploads\/2022\/09\/Jobxion-website-e1671193791246.png","width":150,"height":36,"caption":"Jobxion"},"image":{"@id":"https:\/\/www.jobxion.com\/ro\/#\/schema\/logo\/image\/"},"sameAs":["https:\/\/www.facebook.com\/JobXion"]}]}},"_links":{"self":[{"href":"https:\/\/www.jobxion.com\/ro\/wp-json\/wp\/v2\/pages\/36182","targetHints":{"allow":["GET"]}}],"collection":[{"href":"https:\/\/www.jobxion.com\/ro\/wp-json\/wp\/v2\/pages"}],"about":[{"href":"https:\/\/www.jobxion.com\/ro\/wp-json\/wp\/v2\/types\/page"}],"author":[{"embeddable":true,"href":"https:\/\/www.jobxion.com\/ro\/wp-json\/wp\/v2\/users\/2"}],"replies":[{"embeddable":true,"href":"https:\/\/www.jobxion.com\/ro\/wp-json\/wp\/v2\/comments?post=36182"}],"version-history":[{"count":10,"href":"https:\/\/www.jobxion.com\/ro\/wp-json\/wp\/v2\/pages\/36182\/revisions"}],"predecessor-version":[{"id":38282,"href":"https:\/\/www.jobxion.com\/ro\/wp-json\/wp\/v2\/pages\/36182\/revisions\/38282"}],"wp:attachment":[{"href":"https:\/\/www.jobxion.com\/ro\/wp-json\/wp\/v2\/media?parent=36182"}],"curies":[{"name":"wp","href":"https:\/\/api.w.org\/{rel}","templated":true}]}}